{"id":52968,"date":"2020-10-15T11:44:10","date_gmt":"2020-10-15T09:44:10","guid":{"rendered":"https:\/\/cndestetik.ch\/prodotto\/eau-hydratante-apaisante-a-lacide-hyaluronique-100ml\/"},"modified":"2025-01-24T13:01:44","modified_gmt":"2025-01-24T12:01:44","slug":"eau-acide-ialuronique-hydratant-apaisant","status":"publish","type":"product","link":"https:\/\/cndestetik.ch\/fr\/prodotto\/eau-acide-ialuronique-hydratant-apaisant\/","title":{"rendered":"Eau apaisante et hydratante \u00e0 base d&#8217;acide hyaluronique"},"content":{"rendered":"<p><span data-sheets-value=\"{\"1\":2,\"2\":\"Con Acido Ialuronico ed Estratti Spagirici di Camomilla e Achillea. \\nLa base della soluzione \u00e8 l'acqua di Rosa distillata adatta per tutti i tipi di pelle e da anni utilizzata come supporto nei trattamenti viso di bellezza. Le acque vengono vaporizzate sul viso e decolt\u00e9 prima dell'applicazione della crema o dell'olio per dare un'idratazione profonda e una piacevole sensazione di freschezza (particolarmente apprezzata durante la stagione estiva) unita ad un delicato effetto tensore. Ogni acqua \u00e8 caratterizzata da uno o pi\u00f9 estratti spagirici che la rendono specifica per le diverse esigenze.\"}\" data-sheets-userformat=\"{\"2\":15297,\"3\":{\"1\":0},\"9\":0,\"10\":2,\"11\":0,\"12\":0,\"14\":{\"1\":2,\"2\":0},\"15\":\"Calibri\",\"16\":11}\"><br \/>\nA base d&#8217;acide hyaluronique et d&#8217;extraits spagyriques de camomille et d&#8217;achill\u00e9e, la solution est constitu\u00e9e d&#8217;eau de rose distill\u00e9e qui convient \u00e0 tous les types de peau et qui est utilis\u00e9e depuis des ann\u00e9es comme support dans les traitements de beaut\u00e9 du visage. Les eaux sont vaporis\u00e9es sur le visage et le d\u00e9collet\u00e9 avant l&#8217;application d&#8217;une cr\u00e8me ou d&#8217;une huile pour hydrater en profondeur et procurer une agr\u00e9able sensation de fra\u00eecheur (particuli\u00e8rement appr\u00e9ci\u00e9e pendant la saison estivale) associ\u00e9e \u00e0 un l\u00e9ger effet tenseur. Chaque eau est caract\u00e9ris\u00e9e par un ou plusieurs extraits spagyriques qui la rendent sp\u00e9cifique aux diff\u00e9rents besoins.<\/span><\/p>\n","protected":false},"excerpt":{"rendered":"<p>Eau d&#8217;acide hyaluronique avec camomille et achill\u00e9e.<\/p>\n","protected":false},"featured_media":37400,"template":"","meta":{"_acf_changed":false},"product_brand":[],"product_cat":[1494,12982,9906,12989],"product_tag":[597,8951,2166,4182,618,593,4169,549],"class_list":{"0":"post-52968","1":"product","2":"type-product","3":"status-publish","4":"has-post-thumbnail","6":"product_cat-cosmetiques","7":"product_cat-microcosme","8":"product_cat-oiseau-rose","9":"product_cat-visage","10":"product_tag-achillee-millefeuille","11":"product_tag-acide","12":"product_tag-acide-hyaluronique-fr","13":"product_tag-apaisant-fr-3","14":"product_tag-camomille","15":"product_tag-creme-hydratante","16":"product_tag-eau","17":"product_tag-rose-fr","18":"pa_formato-100ml-fr","19":"pa_formato-500ml-fr","21":"first","22":"instock","23":"taxable","24":"shipping-taxable","25":"purchasable","26":"product-type-variable"},"acf":[],"jetpack_sharing_enabled":true,"_links":{"self":[{"href":"https:\/\/cndestetik.ch\/fr\/wp-json\/wp\/v2\/product\/52968","targetHints":{"allow":["GET"]}}],"collection":[{"href":"https:\/\/cndestetik.ch\/fr\/wp-json\/wp\/v2\/product"}],"about":[{"href":"https:\/\/cndestetik.ch\/fr\/wp-json\/wp\/v2\/types\/product"}],"wp:featuredmedia":[{"embeddable":true,"href":"https:\/\/cndestetik.ch\/fr\/wp-json\/wp\/v2\/media\/37400"}],"wp:attachment":[{"href":"https:\/\/cndestetik.ch\/fr\/wp-json\/wp\/v2\/media?parent=52968"}],"wp:term":[{"taxonomy":"product_brand","embeddable":true,"href":"https:\/\/cndestetik.ch\/fr\/wp-json\/wp\/v2\/product_brand?post=52968"},{"taxonomy":"product_cat","embeddable":true,"href":"https:\/\/cndestetik.ch\/fr\/wp-json\/wp\/v2\/product_cat?post=52968"},{"taxonomy":"product_tag","embeddable":true,"href":"https:\/\/cndestetik.ch\/fr\/wp-json\/wp\/v2\/product_tag?post=52968"}],"curies":[{"name":"wp","href":"https:\/\/api.w.org\/{rel}","templated":true}]}}