{"id":52960,"date":"2020-10-15T11:44:55","date_gmt":"2020-10-15T09:44:55","guid":{"rendered":"https:\/\/cndestetik.ch\/prodotto\/huile-de-bain-au-souci\/"},"modified":"2022-11-15T17:02:06","modified_gmt":"2022-11-15T16:02:06","slug":"bain-dhuile-calendula-2","status":"publish","type":"product","link":"https:\/\/cndestetik.ch\/fr\/prodotto\/bain-dhuile-calendula-2\/","title":{"rendered":"Huile de bain au souci"},"content":{"rendered":"<p><span data-sheets-value=\"{\"1\":2,\"2\":\"Olio detergente ad azione lenitiva ed idratante, con Oleolito Spagirico di Calendula.\\n\\nOttimo per la detersione di viso e corpo, \u00e8 particolarmente emolliente, per cui adatto a le pelli molto sensibili e delicate.\"}\" data-sheets-userformat=\"{\"2\":15297,\"3\":{\"1\":0},\"9\":0,\"10\":2,\"11\":0,\"12\":0,\"14\":{\"1\":2,\"2\":0},\"15\":\"Calibri\",\"16\":11}\">Huile nettoyante \u00e0 l&#8217;action apaisante et hydratante, \u00e0 l&#8217;ol\u00e9olithe spagyrique de Calendula.<\/span><\/p>\n<p>Excellent pour le nettoyage du visage et du corps, il est particuli\u00e8rement \u00e9mollient et convient donc aux peaux tr\u00e8s sensibles et d\u00e9licates.<\/p>\n","protected":false},"excerpt":{"rendered":"<p>Huile de bain au souci. Convient aux peaux sensibles et d\u00e9licates.<\/p>\n","protected":false},"featured_media":37367,"template":"","meta":{"_acf_changed":false},"product_brand":[],"product_cat":[1925,9906],"product_tag":[9227,2184,9225,7214,9226,9155,449,1818,9153],"class_list":{"0":"post-52960","1":"product","2":"type-product","3":"status-publish","4":"has-post-thumbnail","6":"product_cat-determination","7":"product_cat-oiseau-rose","8":"product_tag-delicat-fr-2","9":"product_tag-huile-fr","10":"product_tag-huile-de-bain","11":"product_tag-peaux","12":"product_tag-peaux-delicates","13":"product_tag-peaux-sensibles","14":"product_tag-rose-dinde","15":"product_tag-salle-de-bains","16":"product_tag-sensible","18":"first","19":"instock","20":"taxable","21":"shipping-taxable","22":"purchasable","23":"product-type-simple"},"acf":[],"jetpack_sharing_enabled":true,"_links":{"self":[{"href":"https:\/\/cndestetik.ch\/fr\/wp-json\/wp\/v2\/product\/52960","targetHints":{"allow":["GET"]}}],"collection":[{"href":"https:\/\/cndestetik.ch\/fr\/wp-json\/wp\/v2\/product"}],"about":[{"href":"https:\/\/cndestetik.ch\/fr\/wp-json\/wp\/v2\/types\/product"}],"wp:featuredmedia":[{"embeddable":true,"href":"https:\/\/cndestetik.ch\/fr\/wp-json\/wp\/v2\/media\/37367"}],"wp:attachment":[{"href":"https:\/\/cndestetik.ch\/fr\/wp-json\/wp\/v2\/media?parent=52960"}],"wp:term":[{"taxonomy":"product_brand","embeddable":true,"href":"https:\/\/cndestetik.ch\/fr\/wp-json\/wp\/v2\/product_brand?post=52960"},{"taxonomy":"product_cat","embeddable":true,"href":"https:\/\/cndestetik.ch\/fr\/wp-json\/wp\/v2\/product_cat?post=52960"},{"taxonomy":"product_tag","embeddable":true,"href":"https:\/\/cndestetik.ch\/fr\/wp-json\/wp\/v2\/product_tag?post=52960"}],"curies":[{"name":"wp","href":"https:\/\/api.w.org\/{rel}","templated":true}]}}