{"id":52945,"date":"2020-10-15T11:48:12","date_gmt":"2020-10-15T09:48:12","guid":{"rendered":"https:\/\/cndestetik.ch\/prodotto\/inika-cache-cernes-integral-sable\/"},"modified":"2023-01-12T10:06:54","modified_gmt":"2023-01-12T09:06:54","slug":"inika-couverture-complete-cache-sable","status":"publish","type":"product","link":"https:\/\/cndestetik.ch\/fr\/prodotto\/inika-couverture-complete-cache-sable\/","title":{"rendered":"INIKA &#8211; Cache-cernes int\u00e9gral &#8211; Sable"},"content":{"rendered":"<p>Un correcteur cr\u00e9meux \u00e0 couverture totale qui couvre les imperfections, les cernes et l&#8217;aspect terne pour un teint impeccable. Formul\u00e9 avec des ingr\u00e9dients botaniques de soin de la peau pour hydrater, lisser et nourrir la peau.<br \/>\nFormule cr\u00e9meuse et modulable<br \/>\nCouvre parfaitement les cernes et les imperfections de la peau.<br \/>\nEnrichi d&#8217;huile de tournesol, d&#8217;huile d&#8217;amande douce et de beurre de karit\u00e9 certifi\u00e9s biologiques pour une hydratation longue dur\u00e9e.<br \/>\nDisponible en 5 teintes<br \/>\nS&#8217;applique de pr\u00e9f\u00e9rence du bout des doigts ou avec un pinceau pour les d\u00e9tails.<br \/>\nCertifi\u00e9 biologique par COSMOS<br \/>\nTous les produits INIKA sont 100% d&#8217;origine naturelle, certifi\u00e9s v\u00e9g\u00e9taliens et sans cruaut\u00e9.<br \/>\nComment l&#8217;utiliser ? Appliquez l&#8217;anticerne sur les taches et sous le contour des yeux \u00e0 l&#8217;aide du pinceau estompeur ou du bout des doigts.<\/p>\n","protected":false},"excerpt":{"rendered":"<p>Couvre parfaitement les cernes et les imperfections de la peau. Prix de d\u00e9tail recommand\u00e9 : 35,20 CHF<\/p>\n","protected":false},"featured_media":37061,"template":"","meta":{"_acf_changed":false},"product_brand":[],"product_cat":[15],"product_tag":[601,7343,7378,7674,7349,433,870],"class_list":{"0":"post-52945","1":"product","2":"type-product","3":"status-publish","4":"has-post-thumbnail","6":"product_cat-07-cosmetica","7":"product_tag-amandes","8":"product_tag-anti-cernes","9":"product_tag-couverture-fr","10":"product_tag-dissimuler","11":"product_tag-full-fr","12":"product_tag-karite-fr","13":"product_tag-sable","15":"first","16":"outofstock","17":"taxable","18":"shipping-taxable","19":"product-type-simple"},"acf":[],"jetpack_sharing_enabled":true,"_links":{"self":[{"href":"https:\/\/cndestetik.ch\/fr\/wp-json\/wp\/v2\/product\/52945","targetHints":{"allow":["GET"]}}],"collection":[{"href":"https:\/\/cndestetik.ch\/fr\/wp-json\/wp\/v2\/product"}],"about":[{"href":"https:\/\/cndestetik.ch\/fr\/wp-json\/wp\/v2\/types\/product"}],"wp:featuredmedia":[{"embeddable":true,"href":"https:\/\/cndestetik.ch\/fr\/wp-json\/wp\/v2\/media\/37061"}],"wp:attachment":[{"href":"https:\/\/cndestetik.ch\/fr\/wp-json\/wp\/v2\/media?parent=52945"}],"wp:term":[{"taxonomy":"product_brand","embeddable":true,"href":"https:\/\/cndestetik.ch\/fr\/wp-json\/wp\/v2\/product_brand?post=52945"},{"taxonomy":"product_cat","embeddable":true,"href":"https:\/\/cndestetik.ch\/fr\/wp-json\/wp\/v2\/product_cat?post=52945"},{"taxonomy":"product_tag","embeddable":true,"href":"https:\/\/cndestetik.ch\/fr\/wp-json\/wp\/v2\/product_tag?post=52945"}],"curies":[{"name":"wp","href":"https:\/\/api.w.org\/{rel}","templated":true}]}}