{"id":52942,"date":"2020-10-15T11:48:10","date_gmt":"2020-10-15T09:48:10","guid":{"rendered":"https:\/\/cndestetik.ch\/prodotto\/inika-bronzer-cuit-au-four-sunkissed\/"},"modified":"2022-11-15T17:29:35","modified_gmt":"2022-11-15T16:29:35","slug":"inika-baked-bronzer-sunkissed","status":"publish","type":"product","link":"https:\/\/cndestetik.ch\/fr\/prodotto\/inika-baked-bronzer-sunkissed\/","title":{"rendered":"INIKA Bronzer cuit au four Sunkissed"},"content":{"rendered":"<p>Le bronzeur min\u00e9ral cuit est con\u00e7u pour offrir une couleur naturelle et un \u00e9clat magnifique pour un teint d&#8217;apparence saine, le tout sous la forme d&#8217;une poudre compacte.<br \/>\nExempte de liants, d&#8217;additifs et de talc, cette formule 100 % min\u00e9rale a \u00e9t\u00e9 cuite sur un carreau de terre cuite en Toscane, en Italie, pour cr\u00e9er le bronzage ultime. L\u00e9ger et durable, il offre une couleur riche mais facile \u00e0 estomper.<br \/>\nIl s&#8217;adapte naturellement au teint de votre peau pour cr\u00e9er un merveilleux \u00e9clat h\u00e2l\u00e9 qui para\u00eet et semble tout \u00e0 fait naturel.<br \/>\nLa formule l\u00e9g\u00e8re s&#8217;estompe facilement pour un \u00e9clat merveilleusement naturel.<br \/>\nDes min\u00e9raux 100% naturels pour une peau saine.<br \/>\nExempt de liants, d&#8217;additifs et de talc.<br \/>\nHypoallerg\u00e9nique, test\u00e9 dermatologiquement et adapt\u00e9 aux peaux sensibles.<br \/>\nTous les produits INIKA sont 100% d&#8217;origine naturelle, certifi\u00e9s v\u00e9g\u00e9taliens et sans cruaut\u00e9.<br \/>\n1. Utilisez le pinceau \u00e9ventail v\u00e9g\u00e9talien ou le pinceau de contour v\u00e9g\u00e9talien angulaire pour balayer l\u00e9g\u00e8rement le bronzeur sur les pommettes et les contours du visage.<br \/>\n2. Balayez vos \u00e9paules et votre d\u00e9collet\u00e9 pour une touche saine d&#8217;\u00e9t\u00e9 toute l&#8217;ann\u00e9e.<\/p>\n","protected":false},"excerpt":{"rendered":"<p>La formule l\u00e9g\u00e8re s&#8217;estompe facilement pour un \u00e9clat merveilleusement naturel.<\/p>\n","protected":false},"featured_media":37079,"template":"","meta":{"_acf_changed":false},"product_brand":[],"product_cat":[15],"product_tag":[7710,768,392,767],"class_list":{"0":"post-52942","1":"product","2":"type-product","3":"status-publish","4":"has-post-thumbnail","6":"product_cat-07-cosmetica","7":"product_tag-ensoleille","8":"product_tag-poudre-bronzante","9":"product_tag-se-reconcilier","10":"product_tag-tanner","12":"first","13":"instock","14":"taxable","15":"shipping-taxable","16":"purchasable","17":"product-type-simple"},"acf":[],"jetpack_sharing_enabled":true,"_links":{"self":[{"href":"https:\/\/cndestetik.ch\/fr\/wp-json\/wp\/v2\/product\/52942","targetHints":{"allow":["GET"]}}],"collection":[{"href":"https:\/\/cndestetik.ch\/fr\/wp-json\/wp\/v2\/product"}],"about":[{"href":"https:\/\/cndestetik.ch\/fr\/wp-json\/wp\/v2\/types\/product"}],"wp:featuredmedia":[{"embeddable":true,"href":"https:\/\/cndestetik.ch\/fr\/wp-json\/wp\/v2\/media\/37079"}],"wp:attachment":[{"href":"https:\/\/cndestetik.ch\/fr\/wp-json\/wp\/v2\/media?parent=52942"}],"wp:term":[{"taxonomy":"product_brand","embeddable":true,"href":"https:\/\/cndestetik.ch\/fr\/wp-json\/wp\/v2\/product_brand?post=52942"},{"taxonomy":"product_cat","embeddable":true,"href":"https:\/\/cndestetik.ch\/fr\/wp-json\/wp\/v2\/product_cat?post=52942"},{"taxonomy":"product_tag","embeddable":true,"href":"https:\/\/cndestetik.ch\/fr\/wp-json\/wp\/v2\/product_tag?post=52942"}],"curies":[{"name":"wp","href":"https:\/\/api.w.org\/{rel}","templated":true}]}}