{"id":52923,"date":"2020-10-15T11:39:51","date_gmt":"2020-10-15T09:39:51","guid":{"rendered":"https:\/\/cndestetik.ch\/prodotto\/huile-spagyrique-activatrice\/"},"modified":"2025-01-23T09:36:43","modified_gmt":"2025-01-23T08:36:43","slug":"oleolyte-spagyrique-activateur","status":"publish","type":"product","link":"https:\/\/cndestetik.ch\/fr\/prodotto\/oleolyte-spagyrique-activateur\/","title":{"rendered":"Activation de l&#8217;ol\u00e9olite spagyrique"},"content":{"rendered":"<p>Avec son parfum frais et activant de romarin et de menthe, cette huile stimule la circulation p\u00e9riph\u00e9rique et l&#8217;activit\u00e9 physique et mentale d&#8217;une personne. Excellente pour ceux qui font du sport, pour ceux qui ont des postes statiques pendant la journ\u00e9e et pour tous les probl\u00e8mes de circulation. Elle a un effet revitalisant et rajeunissant sur le corps.<br \/>\nSon utilisation avant et apr\u00e8s une activit\u00e9 physique sportive permet un pr\u00e9chauffage et une d\u00e9congestion prolong\u00e9s du corps ; elle favorise l&#8217;apport d&#8217;oxyg\u00e8ne aux muscles, ce qui r\u00e9duit les douleurs musculaires, ainsi que la production d&#8217;acide lactique. Son utilisation permet d&#8217;am\u00e9liorer les performances sportives.<\/p>\n<p>Il est \u00e9galement id\u00e9al pour les personnes \u00e2g\u00e9es ou les personnes sans motricit\u00e9 pour stimuler la circulation.<\/p>\n<p>Il est bon pour tous ceux qui font un travail s\u00e9dentaire.<\/p>\n<p>* Un ol\u00e9olyte spagyrique est une pr\u00e9paration \u00e0 base de plantes qui consiste \u00e0 faire mac\u00e9rer la plante dans de l&#8217;huile, ce qui permet d&#8217;extraire les principes liposolubles difficiles \u00e0 extraire avec des solvants ou d&#8217;autres moyens. C&#8217;est un pr\u00e9rat riche en principes actifs et capable de transmettre les qualit\u00e9s \u00e9nerg\u00e9tiques inh\u00e9rentes \u00e0 la nature de chaque plante. Il est \u00e9labor\u00e9 \u00e0 partir de plantes r\u00e9colt\u00e9es directement dans la nature \u00e0 leur moment balsamique, c&#8217;est-\u00e0-dire lorsque leurs propri\u00e9t\u00e9s actives atteignent leur pic d&#8217;\u00e9nergie vitale.<\/p>\n<p>&#8211; Peut \u00eatre utilis\u00e9 pur sur la peau ou m\u00e9lang\u00e9 \u00e0 d&#8217;autres produits (masques, cr\u00e8mes, bains de boue, beurres, huiles) &#8211; Peut \u00eatre utilis\u00e9 sur tout le corps &#8211; Utiliser pendant la grossesse<\/p>\n<p>100% d&#8217;ingr\u00e9dients biologiques et naturels Vegan sans cruaut\u00e9<\/p>\n","protected":false},"excerpt":{"rendered":"<p>Il est \u00e9galement id\u00e9al pour les personnes \u00e2g\u00e9es ou les personnes sans motricit\u00e9 pour stimuler la circulation.<\/p>\n","protected":false},"featured_media":37587,"template":"","meta":{"_acf_changed":false},"product_brand":[],"product_cat":[12987,1494,12982,11233],"product_tag":[9199,2111,500,436,4831],"class_list":{"0":"post-52923","1":"product","2":"type-product","3":"status-publish","4":"has-post-thumbnail","6":"product_cat-corps","7":"product_cat-cosmetiques","8":"product_cat-microcosme","9":"product_cat-physiotherapie","10":"product_tag-absinthe-fr","11":"product_tag-oleolite-fr","12":"product_tag-romarin","13":"product_tag-spagyria","14":"product_tag-spagyrique","15":"pa_formato-100ml-fr","16":"pa_formato-500ml-fr","18":"first","19":"instock","20":"taxable","21":"shipping-taxable","22":"purchasable","23":"product-type-variable"},"acf":[],"jetpack_sharing_enabled":true,"_links":{"self":[{"href":"https:\/\/cndestetik.ch\/fr\/wp-json\/wp\/v2\/product\/52923","targetHints":{"allow":["GET"]}}],"collection":[{"href":"https:\/\/cndestetik.ch\/fr\/wp-json\/wp\/v2\/product"}],"about":[{"href":"https:\/\/cndestetik.ch\/fr\/wp-json\/wp\/v2\/types\/product"}],"wp:featuredmedia":[{"embeddable":true,"href":"https:\/\/cndestetik.ch\/fr\/wp-json\/wp\/v2\/media\/37587"}],"wp:attachment":[{"href":"https:\/\/cndestetik.ch\/fr\/wp-json\/wp\/v2\/media?parent=52923"}],"wp:term":[{"taxonomy":"product_brand","embeddable":true,"href":"https:\/\/cndestetik.ch\/fr\/wp-json\/wp\/v2\/product_brand?post=52923"},{"taxonomy":"product_cat","embeddable":true,"href":"https:\/\/cndestetik.ch\/fr\/wp-json\/wp\/v2\/product_cat?post=52923"},{"taxonomy":"product_tag","embeddable":true,"href":"https:\/\/cndestetik.ch\/fr\/wp-json\/wp\/v2\/product_tag?post=52923"}],"curies":[{"name":"wp","href":"https:\/\/api.w.org\/{rel}","templated":true}]}}