{"id":52922,"date":"2020-10-15T11:31:29","date_gmt":"2020-10-15T09:31:29","guid":{"rendered":"https:\/\/cndestetik.ch\/prodotto\/shampooing-douche-pour-hommes\/"},"modified":"2022-11-15T16:50:08","modified_gmt":"2022-11-15T15:50:08","slug":"douche-shampoing-homme","status":"publish","type":"product","link":"https:\/\/cndestetik.ch\/fr\/prodotto\/douche-shampoing-homme\/","title":{"rendered":"Shampooing douche pour hommes"},"content":{"rendered":"<p><span data-sheets-value=\"{\"1\":2,\"2\":\"Un unico prodotto dedicato all'uomo con una delicata profumazione. \\n\\nDeterge con cura la pelle lasciandola idratata e ristrutturando i capelli.\\n\\nLa sua formulazione naturale rispetta i lipidi dell'epidermide rendendolo un prodotto ottimo anche per l'utilizzo quotidiano.\\n\\nL'estratto Spagirico di Calendula ha un azione riequilibrante ideale per pelle e cuoio capelluto particolarmente sensibili in situazioni di irritazione o infiammazione.\\n\\nEssendo concentrato si consiglia la diluizione.\\n\\nIngredienti 100% Organici e Naturali\\nVegan\\nCruelty Free\"}\" data-sheets-userformat=\"{\"2\":15297,\"3\":{\"1\":0},\"9\":0,\"10\":2,\"11\":0,\"12\":0,\"14\":{\"1\":2,\"2\":0},\"15\":\"Calibri\",\"16\":11}\">Un produit unique d\u00e9di\u00e9 aux hommes avec un parfum d\u00e9licat.<\/span><\/p>\n<p>Il nettoie la peau en profondeur, la laisse hydrat\u00e9e et restructure les cheveux.<\/p>\n<p>Sa formulation naturelle respecte les lipides de l&#8217;\u00e9piderme, ce qui en fait \u00e9galement un excellent produit pour un usage quotidien.<\/p>\n<p>L&#8217;extrait de calendula spagyrique a une action \u00e9quilibrante id\u00e9ale pour les peaux et les cuirs chevelus particuli\u00e8rement sensibles en cas d&#8217;irritation ou d&#8217;inflammation.<\/p>\n<p>Comme il est concentr\u00e9, il est recommand\u00e9 de le diluer.<\/p>\n<p><span data-sheets-value=\"{\"1\":2,\"2\":\"Un unico prodotto dedicato all'uomo con una delicata profumazione. \\n\\nDeterge con cura la pelle lasciandola idratata e ristrutturando i capelli.\\n\\nLa sua formulazione naturale rispetta i lipidi dell'epidermide rendendolo un prodotto ottimo anche per l'utilizzo quotidiano.\\n\\nL'estratto Spagirico di Calendula ha un azione riequilibrante ideale per pelle e cuoio capelluto particolarmente sensibili in situazioni di irritazione o infiammazione.\\n\\nEssendo concentrato si consiglia la diluizione.\\n\\nIngredienti 100% Organici e Naturali\\nVegan\\nCruelty Free\"}\" data-sheets-userformat=\"{\"2\":15297,\"3\":{\"1\":0},\"9\":0,\"10\":2,\"11\":0,\"12\":0,\"14\":{\"1\":2,\"2\":0},\"15\":\"Calibri\",\"16\":11}\">Taille : 200ml<\/span><\/p>\n<p>Ingr\u00e9dients 100% biologiques et naturels<br \/>\nVegan<br \/>\nSans cruaut\u00e9<\/p>\n","protected":false},"excerpt":{"rendered":"<p>Shampooing douche d\u00e9di\u00e9 aux hommes.<\/p>\n","protected":false},"featured_media":37701,"template":"","meta":{"_acf_changed":false},"product_brand":[],"product_cat":[1925],"product_tag":[576,3809,9067,449,606,436],"class_list":{"0":"post-52922","1":"product","2":"type-product","3":"status-publish","4":"has-post-thumbnail","6":"product_cat-determination","7":"product_tag-amandier","8":"product_tag-douche","9":"product_tag-homme","10":"product_tag-rose-dinde","11":"product_tag-shampooing","12":"product_tag-spagyria","14":"first","15":"instock","16":"taxable","17":"shipping-taxable","18":"purchasable","19":"product-type-simple"},"acf":[],"jetpack_sharing_enabled":true,"_links":{"self":[{"href":"https:\/\/cndestetik.ch\/fr\/wp-json\/wp\/v2\/product\/52922","targetHints":{"allow":["GET"]}}],"collection":[{"href":"https:\/\/cndestetik.ch\/fr\/wp-json\/wp\/v2\/product"}],"about":[{"href":"https:\/\/cndestetik.ch\/fr\/wp-json\/wp\/v2\/types\/product"}],"wp:featuredmedia":[{"embeddable":true,"href":"https:\/\/cndestetik.ch\/fr\/wp-json\/wp\/v2\/media\/37701"}],"wp:attachment":[{"href":"https:\/\/cndestetik.ch\/fr\/wp-json\/wp\/v2\/media?parent=52922"}],"wp:term":[{"taxonomy":"product_brand","embeddable":true,"href":"https:\/\/cndestetik.ch\/fr\/wp-json\/wp\/v2\/product_brand?post=52922"},{"taxonomy":"product_cat","embeddable":true,"href":"https:\/\/cndestetik.ch\/fr\/wp-json\/wp\/v2\/product_cat?post=52922"},{"taxonomy":"product_tag","embeddable":true,"href":"https:\/\/cndestetik.ch\/fr\/wp-json\/wp\/v2\/product_tag?post=52922"}],"curies":[{"name":"wp","href":"https:\/\/api.w.org\/{rel}","templated":true}]}}