{"id":52908,"date":"2020-10-15T10:56:38","date_gmt":"2020-10-15T08:56:38","guid":{"rendered":"https:\/\/cndestetik.ch\/prodotto\/pinceau-a-estomper-inika\/"},"modified":"2023-01-11T11:47:42","modified_gmt":"2023-01-11T10:47:42","slug":"inika-blending-brush","status":"publish","type":"product","link":"https:\/\/cndestetik.ch\/fr\/prodotto\/inika-blending-brush\/","title":{"rendered":"Pinceau \u00e0 estomper Inika"},"content":{"rendered":"<p>Un pinceau v\u00e9g\u00e9talien doux, parfait pour estomper les ombres \u00e0 paupi\u00e8res, les crayons et les anticernes.<br \/>\n1. Commencez par tremper l\u00e9g\u00e8rement l&#8217;extr\u00e9mit\u00e9 du pinceau dans le pot d&#8217;ombre \u00e0 paupi\u00e8res souhait\u00e9.<br \/>\n2. Une fois que le haut du pinceau est enduit, tenez le pinceau dans le pli de l&#8217;\u0153il au-dessus de la paupi\u00e8re, en commen\u00e7ant par le bord ext\u00e9rieur de l&#8217;\u0153il.<br \/>\n3. En utilisant les mouvements de l&#8217;essuie-glace, faites des allers-retours dans le pli de l&#8217;\u0153il jusqu&#8217;\u00e0 ce que le produit se fonde uniform\u00e9ment autour de l&#8217;\u0153il.<\/p>\n","protected":false},"excerpt":{"rendered":"<p>Pinceau d&#8217;ombrage. Prix de d\u00e9tail recommand\u00e9 : 20,30 CHF<\/p>\n","protected":false},"featured_media":37749,"template":"","meta":{"_acf_changed":false},"product_brand":[],"product_cat":[8512],"product_tag":[391,392],"class_list":{"0":"post-52908","1":"product","2":"type-product","3":"status-publish","4":"has-post-thumbnail","6":"product_cat-dernieres-pieces","7":"product_tag-brosse","8":"product_tag-se-reconcilier","10":"first","11":"instock","12":"sale","13":"taxable","14":"shipping-taxable","15":"purchasable","16":"product-type-simple"},"acf":[],"jetpack_sharing_enabled":true,"_links":{"self":[{"href":"https:\/\/cndestetik.ch\/fr\/wp-json\/wp\/v2\/product\/52908","targetHints":{"allow":["GET"]}}],"collection":[{"href":"https:\/\/cndestetik.ch\/fr\/wp-json\/wp\/v2\/product"}],"about":[{"href":"https:\/\/cndestetik.ch\/fr\/wp-json\/wp\/v2\/types\/product"}],"wp:featuredmedia":[{"embeddable":true,"href":"https:\/\/cndestetik.ch\/fr\/wp-json\/wp\/v2\/media\/37749"}],"wp:attachment":[{"href":"https:\/\/cndestetik.ch\/fr\/wp-json\/wp\/v2\/media?parent=52908"}],"wp:term":[{"taxonomy":"product_brand","embeddable":true,"href":"https:\/\/cndestetik.ch\/fr\/wp-json\/wp\/v2\/product_brand?post=52908"},{"taxonomy":"product_cat","embeddable":true,"href":"https:\/\/cndestetik.ch\/fr\/wp-json\/wp\/v2\/product_cat?post=52908"},{"taxonomy":"product_tag","embeddable":true,"href":"https:\/\/cndestetik.ch\/fr\/wp-json\/wp\/v2\/product_tag?post=52908"}],"curies":[{"name":"wp","href":"https:\/\/api.w.org\/{rel}","templated":true}]}}