{"id":52893,"date":"2020-10-15T11:37:26","date_gmt":"2020-10-15T09:37:26","guid":{"rendered":"https:\/\/cndestetik.ch\/prodotto\/sels-depsom\/"},"modified":"2025-02-12T08:50:30","modified_gmt":"2025-02-12T07:50:30","slug":"sels-depsom","status":"publish","type":"product","link":"https:\/\/cndestetik.ch\/fr\/prodotto\/sels-depsom\/","title":{"rendered":"Sels d&#8217;Epsom"},"content":{"rendered":"<p><span data-sheets-value=\"{\"1\":2,\"2\":\"Il sale inglese, che \u00e8 solfato di magnesio idratato, \u00e8 un materiale naturale al 100% che prende il suo nome da Epsom, una citt\u00e0 del sud dell'inghilterra dove il sale viene ottenuto dall'acqua delle terme locali. Visto che la nostra pelle assorbe liquidi e farmaci \u00e8 in grado di farlo anche con i preziosi minerali trovati nell'acqua. I risultati sono straordinari. I sali di Epsom hanno un potere drenante e detossinante che \u00e8 visibile dopo il primo trattamento, ma che si mette in evidenza continuando il lavoro con costanza e ottenendo grandi risultati anche su situazioni gravi come l'obesit\u00e0. Sono un eccellente alleato per chi ha problematiche legate alla ritenzione idrica essendo in grado di scardinare questo meccanismo che crea sempre pi\u00f9 disagi al benessere quotidiano. Ottimi nel dimagrimento e coadiuvanti nel trattamento della cellulite e della circolazione sanguigna, in quanto hanno anche la capacit\u00e0 di proteggere i capillari donando un piacevole senso di leggerezza alle gambe stanche. Consigliati alle donne in gravidanza per mantenere le gambe leggere, sgonfie e per proteggere la microcircolazione linfatica.\\n\\nCONSIGLI PER L'UTILIZZO:\\nI sali di Epsom si possono utilizzare con i bendaggi o con i pantasalis per chi ne dispone. Si procede preparando una soluzione di acqua e sale di Epsom imbibendo i bendaggi e facendoli indossare per 30 min. Microcapsulazione: si tratta di un particolare procedimento che insedia i principi attivi nelle fibre e garantisce un rilascio graduale e uniforme sulla cute. Questa tecnologia permette di abbinare in maniera estremamente efficace i benefici dei principi attivi dei sali di Epsom alla compressione graduata ottenuta con i pantasalis o con i bendaggi. Il risultato \u00e8 un piacevole massaggio che dona leggerezza alle gambe e si prende cura dei capillari drenando in profondit\u00e0 e detossinando l'organismo. I sali di Epsom possono essere utilizzati come pediluvio o come peeling corpo mischiandoli ad un olio vegetale.\"}\" data-sheets-userformat=\"{\"2\":15297,\"3\":{\"1\":0},\"9\":0,\"10\":2,\"11\":0,\"12\":0,\"14\":{\"1\":2,\"2\":0},\"15\":\"Calibri\",\"16\":11}\">Le sel anglais, qui est du sulfate de magn\u00e9sium hydrat\u00e9, est une mati\u00e8re 100 % naturelle qui tire son nom d&#8217;Epsom, une ville du sud de l&#8217;Angleterre o\u00f9 le sel est obtenu \u00e0 partir de l&#8217;eau des sources chaudes locales. Comme notre peau absorbe les liquides et les m\u00e9dicaments, elle est \u00e9galement capable de le faire avec les pr\u00e9cieux min\u00e9raux pr\u00e9sents dans l&#8217;eau. Les r\u00e9sultats sont extraordinaires. Les sels d&#8217;Epsom ont un pouvoir drainant et d\u00e9toxifiant qui est visible d\u00e8s le premier traitement, mais qui devient \u00e9vident en poursuivant le travail avec constance et en obtenant de grands r\u00e9sultats m\u00eame sur des situations graves comme l&#8217;ob\u00e9sit\u00e9. Ils sont un excellent alli\u00e9 pour ceux qui ont des probl\u00e8mes de r\u00e9tention d&#8217;eau, car ils sont capables de perturber ce m\u00e9canisme qui cr\u00e9e de plus en plus d&#8217;inconfort au bien-\u00eatre quotidien. Excellentes pour l&#8217;amincissement et adjuvantes dans le traitement de la cellulite et de la circulation sanguine, car elles ont \u00e9galement la capacit\u00e9 de prot\u00e9ger les capillaires, donnant une agr\u00e9able sensation de l\u00e9g\u00e8ret\u00e9 aux jambes fatigu\u00e9es. Recommand\u00e9 aux femmes enceintes pour garder leurs jambes l\u00e9g\u00e8res et d\u00e9gonfl\u00e9es et pour prot\u00e9ger la microcirculation lymphatique.<\/span><\/p>\n<p>CONSEILS D&#8217;UTILISATION : Les sels d&#8217;Epsom peuvent \u00eatre utilis\u00e9s avec des bandages ou des pantalons pour ceux qui en ont. Pour ce faire, on pr\u00e9pare une solution d&#8217;eau et de sel d&#8217;Epsom en immergeant les bandages et en les portant pendant 30 minutes. Microcapsulation : il s&#8217;agit d&#8217;un proc\u00e9d\u00e9 sp\u00e9cial qui ins\u00e8re les principes actifs dans les fibres et assure une lib\u00e9ration progressive et uniforme sur la peau. Cette technologie permet de combiner de mani\u00e8re extr\u00eamement efficace les bienfaits des principes actifs des sels d&#8217;Epsom avec la compression gradu\u00e9e obtenue avec les pantasalis ou les bandages. Le r\u00e9sultat est un massage agr\u00e9able qui all\u00e8ge les jambes et prend soin des capillaires en drainant et d\u00e9toxifiant le corps en profondeur.<\/p>\n<p><span data-sheets-value=\"{\"1\":2,\"2\":\"Il sale inglese, che \u00e8 solfato di magnesio idratato, \u00e8 un materiale naturale al 100% che prende il suo nome da Epsom, una citt\u00e0 del sud dell'inghilterra dove il sale viene ottenuto dall'acqua delle terme locali. Visto che la nostra pelle assorbe liquidi e farmaci \u00e8 in grado di farlo anche con i preziosi minerali trovati nell'acqua. I risultati sono straordinari. I sali di Epsom hanno un potere drenante e detossinante che \u00e8 visibile dopo il primo trattamento, ma che si mette in evidenza continuando il lavoro con costanza e ottenendo grandi risultati anche su situazioni gravi come l'obesit\u00e0. Sono un eccellente alleato per chi ha problematiche legate alla ritenzione idrica essendo in grado di scardinare questo meccanismo che crea sempre pi\u00f9 disagi al benessere quotidiano. Ottimi nel dimagrimento e coadiuvanti nel trattamento della cellulite e della circolazione sanguigna, in quanto hanno anche la capacit\u00e0 di proteggere i capillari donando un piacevole senso di leggerezza alle gambe stanche. Consigliati alle donne in gravidanza per mantenere le gambe leggere, sgonfie e per proteggere la microcircolazione linfatica.\\n\\nCONSIGLI PER L'UTILIZZO:\\nI sali di Epsom si possono utilizzare con i bendaggi o con i pantasalis per chi ne dispone. Si procede preparando una soluzione di acqua e sale di Epsom imbibendo i bendaggi e facendoli indossare per 30 min. Microcapsulazione: si tratta di un particolare procedimento che insedia i principi attivi nelle fibre e garantisce un rilascio graduale e uniforme sulla cute. Questa tecnologia permette di abbinare in maniera estremamente efficace i benefici dei principi attivi dei sali di Epsom alla compressione graduata ottenuta con i pantasalis o con i bendaggi. Il risultato \u00e8 un piacevole massaggio che dona leggerezza alle gambe e si prende cura dei capillari drenando in profondit\u00e0 e detossinando l'organismo. I sali di Epsom possono essere utilizzati come pediluvio o come peeling corpo mischiandoli ad un olio vegetale.\"}\" data-sheets-userformat=\"{\"2\":15297,\"3\":{\"1\":0},\"9\":0,\"10\":2,\"11\":0,\"12\":0,\"14\":{\"1\":2,\"2\":0},\"15\":\"Calibri\",\"16\":11}\">Les sels d&#8217;Epsom peuvent \u00eatre utilis\u00e9s comme bain de pieds ou comme gommage corporel en les m\u00e9langeant avec une huile v\u00e9g\u00e9tale.<\/span><\/p>\n","protected":false},"excerpt":{"rendered":"<p>Les sels d&#8217;Epsom sont disponibles en deux formats diff\u00e9rents : 200 grammes ou 1 kilo.<\/p>\n","protected":false},"featured_media":36695,"template":"","meta":{"_acf_changed":false},"product_brand":[],"product_cat":[12987,1494,12982],"product_tag":[3675,9181,9188,436],"class_list":{"0":"post-52893","1":"product","2":"type-product","3":"status-publish","4":"has-post-thumbnail","6":"product_cat-corps","7":"product_cat-cosmetiques","8":"product_cat-microcosme","9":"product_tag-epsom-fr","10":"product_tag-salles","11":"product_tag-sels","12":"product_tag-spagyria","13":"pa_formato-100-pieces-de-200g","14":"pa_formato-1kg-fr","15":"pa_formato-200g-fr","17":"first","18":"instock","19":"sale","20":"taxable","21":"shipping-taxable","22":"purchasable","23":"product-type-variable","24":"has-default-attributes"},"acf":[],"jetpack_sharing_enabled":true,"_links":{"self":[{"href":"https:\/\/cndestetik.ch\/fr\/wp-json\/wp\/v2\/product\/52893","targetHints":{"allow":["GET"]}}],"collection":[{"href":"https:\/\/cndestetik.ch\/fr\/wp-json\/wp\/v2\/product"}],"about":[{"href":"https:\/\/cndestetik.ch\/fr\/wp-json\/wp\/v2\/types\/product"}],"wp:featuredmedia":[{"embeddable":true,"href":"https:\/\/cndestetik.ch\/fr\/wp-json\/wp\/v2\/media\/36695"}],"wp:attachment":[{"href":"https:\/\/cndestetik.ch\/fr\/wp-json\/wp\/v2\/media?parent=52893"}],"wp:term":[{"taxonomy":"product_brand","embeddable":true,"href":"https:\/\/cndestetik.ch\/fr\/wp-json\/wp\/v2\/product_brand?post=52893"},{"taxonomy":"product_cat","embeddable":true,"href":"https:\/\/cndestetik.ch\/fr\/wp-json\/wp\/v2\/product_cat?post=52893"},{"taxonomy":"product_tag","embeddable":true,"href":"https:\/\/cndestetik.ch\/fr\/wp-json\/wp\/v2\/product_tag?post=52893"}],"curies":[{"name":"wp","href":"https:\/\/api.w.org\/{rel}","templated":true}]}}