{"id":52884,"date":"2020-10-15T11:30:10","date_gmt":"2020-10-15T09:30:10","guid":{"rendered":"https:\/\/cndestetik.ch\/prodotto\/creme-pour-le-corps-des-hommes\/"},"modified":"2025-01-23T09:42:04","modified_gmt":"2025-01-23T08:42:04","slug":"homme-corps-creme","status":"publish","type":"product","link":"https:\/\/cndestetik.ch\/fr\/prodotto\/homme-corps-creme\/","title":{"rendered":"Cr\u00e8me pour le corps des hommes"},"content":{"rendered":"<p><span data-sheets-value=\"{\"1\":2,\"2\":\"Dedicata all'uomo, per tutti i tipi di pelle, dalla texture leggera e di rapido assorbimento. \\n\\nArricchita con Estratto spagirico di Calendula, ha un azione tonificante, nutriente e lenitiva. Lascia la pelle morbida, idratata ed asciutta. Lieve e fresca profumazione. \\n\\nOttimo per l'utilizzo anche quotidiano, dopo la piscina e l'attivit\u00e0 fisica.\\n\\nIngredienti 100% Organici e Naturali\\nVegan\\nCruelty Free\"}\" data-sheets-userformat=\"{\"2\":15297,\"3\":{\"1\":0},\"9\":0,\"10\":2,\"11\":0,\"12\":0,\"14\":{\"1\":2,\"2\":0},\"15\":\"Calibri\",\"16\":11}\">D\u00e9di\u00e9 aux hommes, pour tous les types de peau, avec une texture l\u00e9g\u00e8re et une absorption rapide.<\/span><\/p>\n<p>Enrichi en extrait spagyrique de Calendula, il a une action tonifiante, nourrissante et apaisante. Il laisse la peau douce, hydrat\u00e9e et s\u00e8che. Parfum l\u00e9ger et frais.<\/p>\n<p>Il convient \u00e9galement \u00e0 un usage quotidien apr\u00e8s la baignade et l&#8217;activit\u00e9 physique.<\/p>\n<p><span data-sheets-value=\"{\"1\":2,\"2\":\"Dedicata all'uomo, per tutti i tipi di pelle, dalla texture leggera e di rapido assorbimento. \\n\\nArricchita con Estratto spagirico di Calendula, ha un azione tonificante, nutriente e lenitiva. Lascia la pelle morbida, idratata ed asciutta. Lieve e fresca profumazione. \\n\\nOttimo per l'utilizzo anche quotidiano, dopo la piscina e l'attivit\u00e0 fisica.\\n\\nIngredienti 100% Organici e Naturali\\nVegan\\nCruelty Free\"}\" data-sheets-userformat=\"{\"2\":15297,\"3\":{\"1\":0},\"9\":0,\"10\":2,\"11\":0,\"12\":0,\"14\":{\"1\":2,\"2\":0},\"15\":\"Calibri\",\"16\":11}\">Taille : 200ml.<\/span><\/p>\n<p>100% d&#8217;ingr\u00e9dients biologiques et naturels Vegan sans cruaut\u00e9<\/p>\n","protected":false},"excerpt":{"rendered":"<p>Cr\u00e8me tonique, apaisante et nourrissante, adapt\u00e9e aux hommes<\/p>\n","protected":false},"featured_media":37704,"template":"","meta":{"_acf_changed":false},"product_brand":[],"product_cat":[12987,1494,12982],"product_tag":[8910,2341,3834,9184,9067,449,436],"class_list":{"0":"post-52884","1":"product","2":"type-product","3":"status-publish","4":"has-post-thumbnail","6":"product_cat-corps","7":"product_cat-cosmetiques","8":"product_cat-microcosme","9":"product_tag-bergamote","10":"product_tag-corps","11":"product_tag-creme","12":"product_tag-creme-pour-le-corps-des-hommes","13":"product_tag-homme","14":"product_tag-rose-dinde","15":"product_tag-spagyria","17":"first","18":"instock","19":"taxable","20":"shipping-taxable","21":"purchasable","22":"product-type-simple"},"acf":[],"jetpack_sharing_enabled":true,"_links":{"self":[{"href":"https:\/\/cndestetik.ch\/fr\/wp-json\/wp\/v2\/product\/52884","targetHints":{"allow":["GET"]}}],"collection":[{"href":"https:\/\/cndestetik.ch\/fr\/wp-json\/wp\/v2\/product"}],"about":[{"href":"https:\/\/cndestetik.ch\/fr\/wp-json\/wp\/v2\/types\/product"}],"wp:featuredmedia":[{"embeddable":true,"href":"https:\/\/cndestetik.ch\/fr\/wp-json\/wp\/v2\/media\/37704"}],"wp:attachment":[{"href":"https:\/\/cndestetik.ch\/fr\/wp-json\/wp\/v2\/media?parent=52884"}],"wp:term":[{"taxonomy":"product_brand","embeddable":true,"href":"https:\/\/cndestetik.ch\/fr\/wp-json\/wp\/v2\/product_brand?post=52884"},{"taxonomy":"product_cat","embeddable":true,"href":"https:\/\/cndestetik.ch\/fr\/wp-json\/wp\/v2\/product_cat?post=52884"},{"taxonomy":"product_tag","embeddable":true,"href":"https:\/\/cndestetik.ch\/fr\/wp-json\/wp\/v2\/product_tag?post=52884"}],"curies":[{"name":"wp","href":"https:\/\/api.w.org\/{rel}","templated":true}]}}