{"id":52876,"date":"2020-10-15T11:36:05","date_gmt":"2020-10-15T09:36:05","guid":{"rendered":"https:\/\/cndestetik.ch\/prodotto\/salis-aux-myrtilles\/"},"modified":"2025-01-23T09:42:09","modified_gmt":"2025-01-23T08:42:09","slug":"bleuet-salis","status":"publish","type":"product","link":"https:\/\/cndestetik.ch\/fr\/prodotto\/bleuet-salis\/","title":{"rendered":"Salis aux myrtilles"},"content":{"rendered":"<p><span data-sheets-value=\"{\"1\":2,\"2\":\"Nel Mirtillo Salis, oltre alle propriet\u00e0 dei sali di Epsom, troviamo le propriet\u00e0 caratteristiche del mirtillo nero. In questo piccolissimo frutto, infatti, sono contenuti principi importanti come zuccheri e altri acidi tra cui l'acido citrico, che ha un'azione protettiva sulle cellule. Il mirtillo nero \u00e8 particolarmente indicato per combattere l'insufficenza venosa, un rallentamento del flusso sanguigno che causa un ristagno di sangue nelle parti inferiori delle gambe.\\n\\nCONSIGLI PER L'UTILIZZO:\\nI sali di Epsom si possono utilizzare con i bendaggi o con i pantasalis per chi ne dispone. Si procede preparando una soluzione di acqua e sale di Epsom imbibendo i bendaggi e facendoli indossare per 30 min. Microcapsulazione: si tratta di un particolare procedimento che insedia i principi attivi nelle fibre e garantisce un rilascio graduale e uniforme sulla cute. Questa tecnologia permette di abbinare in maniera estremamente efficace i benefici dei principi attivi dei sali di Epsom alla compressione graduata ottenuta con i pantasalis o con i bendaggi. Il risultato \u00e8 un piacevole massaggio che dona leggerezza alle gambe e si prende cura dei capillari drenando in profondit\u00e0 e detossinando l'organismo. I sali di Epsom possono essere utilizzati come pediluvio o come peeling corpo mischiandoli ad un olio vegetale.\"}\" data-sheets-userformat=\"{\"2\":15297,\"3\":{\"1\":0},\"9\":0,\"10\":2,\"11\":0,\"12\":0,\"14\":{\"1\":2,\"2\":0},\"15\":\"Calibri\",\"16\":11}\">Dans Bilberry Salis, en plus des propri\u00e9t\u00e9s des sels d&#8217;Epsom, on retrouve les propri\u00e9t\u00e9s caract\u00e9ristiques de la myrtille. Ce minuscule fruit contient des principes importants tels que des sucres et d&#8217;autres acides, dont l&#8217;acide citrique, qui a un effet protecteur sur les cellules. La myrtille est particuli\u00e8rement efficace pour lutter contre l&#8217;insuffisance veineuse, un ralentissement de la circulation sanguine qui entra\u00eene une stagnation du sang dans le bas des jambes.<\/span><\/p>\n<p>CONSEILS D&#8217;UTILISATION : Les sels d&#8217;Epsom peuvent \u00eatre utilis\u00e9s avec des bandages ou des pantalons pour ceux qui en ont. Pour ce faire, on pr\u00e9pare une solution d&#8217;eau et de sel d&#8217;Epsom en immergeant les bandages et en les portant pendant 30 minutes.<\/p>\n<p><span data-sheets-value=\"{\"1\":2,\"2\":\"Nel Mirtillo Salis, oltre alle propriet\u00e0 dei sali di Epsom, troviamo le propriet\u00e0 caratteristiche del mirtillo nero. In questo piccolissimo frutto, infatti, sono contenuti principi importanti come zuccheri e altri acidi tra cui l'acido citrico, che ha un'azione protettiva sulle cellule. Il mirtillo nero \u00e8 particolarmente indicato per combattere l'insufficenza venosa, un rallentamento del flusso sanguigno che causa un ristagno di sangue nelle parti inferiori delle gambe.\\n\\nCONSIGLI PER L'UTILIZZO:\\nI sali di Epsom si possono utilizzare con i bendaggi o con i pantasalis per chi ne dispone. Si procede preparando una soluzione di acqua e sale di Epsom imbibendo i bendaggi e facendoli indossare per 30 min. Microcapsulazione: si tratta di un particolare procedimento che insedia i principi attivi nelle fibre e garantisce un rilascio graduale e uniforme sulla cute. Questa tecnologia permette di abbinare in maniera estremamente efficace i benefici dei principi attivi dei sali di Epsom alla compressione graduata ottenuta con i pantasalis o con i bendaggi. Il risultato \u00e8 un piacevole massaggio che dona leggerezza alle gambe e si prende cura dei capillari drenando in profondit\u00e0 e detossinando l'organismo. I sali di Epsom possono essere utilizzati come pediluvio o come peeling corpo mischiandoli ad un olio vegetale.\"}\" data-sheets-userformat=\"{\"2\":15297,\"3\":{\"1\":0},\"9\":0,\"10\":2,\"11\":0,\"12\":0,\"14\":{\"1\":2,\"2\":0},\"15\":\"Calibri\",\"16\":11}\">Microcapsulation : il s&#8217;agit d&#8217;un proc\u00e9d\u00e9 sp\u00e9cial qui ins\u00e8re les principes actifs dans les fibres et assure une lib\u00e9ration progressive et uniforme sur la peau. Cette technologie permet de combiner de mani\u00e8re extr\u00eamement efficace les bienfaits des principes actifs des sels d&#8217;Epsom avec la compression gradu\u00e9e obtenue avec les pantasalis ou les bandages. Le r\u00e9sultat est un massage agr\u00e9able qui all\u00e8ge les jambes et prend soin des capillaires en drainant et d\u00e9toxifiant le corps en profondeur.  <\/span><\/p>\n<p><span data-sheets-value=\"{\"1\":2,\"2\":\"Nel Mirtillo Salis, oltre alle propriet\u00e0 dei sali di Epsom, troviamo le propriet\u00e0 caratteristiche del mirtillo nero. In questo piccolissimo frutto, infatti, sono contenuti principi importanti come zuccheri e altri acidi tra cui l'acido citrico, che ha un'azione protettiva sulle cellule. Il mirtillo nero \u00e8 particolarmente indicato per combattere l'insufficenza venosa, un rallentamento del flusso sanguigno che causa un ristagno di sangue nelle parti inferiori delle gambe.\\n\\nCONSIGLI PER L'UTILIZZO:\\nI sali di Epsom si possono utilizzare con i bendaggi o con i pantasalis per chi ne dispone. Si procede preparando una soluzione di acqua e sale di Epsom imbibendo i bendaggi e facendoli indossare per 30 min. Microcapsulazione: si tratta di un particolare procedimento che insedia i principi attivi nelle fibre e garantisce un rilascio graduale e uniforme sulla cute. Questa tecnologia permette di abbinare in maniera estremamente efficace i benefici dei principi attivi dei sali di Epsom alla compressione graduata ottenuta con i pantasalis o con i bendaggi. Il risultato \u00e8 un piacevole massaggio che dona leggerezza alle gambe e si prende cura dei capillari drenando in profondit\u00e0 e detossinando l'organismo. I sali di Epsom possono essere utilizzati come pediluvio o come peeling corpo mischiandoli ad un olio vegetale.\"}\" data-sheets-userformat=\"{\"2\":15297,\"3\":{\"1\":0},\"9\":0,\"10\":2,\"11\":0,\"12\":0,\"14\":{\"1\":2,\"2\":0},\"15\":\"Calibri\",\"16\":11}\">Les sels d&#8217;Epsom peuvent \u00eatre utilis\u00e9s comme bain de pieds ou comme gommage corporel en les m\u00e9langeant avec une huile v\u00e9g\u00e9tale.<\/span><\/p>\n","protected":false},"excerpt":{"rendered":"<p>Salis aux myrtilles, disponibles en deux formats : 200 grammes et 1 kilo<\/p>\n","protected":false},"featured_media":37695,"template":"","meta":{"_acf_changed":false},"product_brand":[],"product_cat":[12987,1494,12982],"product_tag":[3675,441,9181,436],"class_list":{"0":"post-52876","1":"product","2":"type-product","3":"status-publish","4":"has-post-thumbnail","6":"product_cat-corps","7":"product_cat-cosmetiques","8":"product_cat-microcosme","9":"product_tag-epsom-fr","10":"product_tag-myrtille","11":"product_tag-salles","12":"product_tag-spagyria","13":"pa_formato-1kg-fr","14":"pa_formato-200g-fr","16":"first","17":"instock","18":"taxable","19":"shipping-taxable","20":"purchasable","21":"product-type-variable","22":"has-default-attributes"},"acf":[],"jetpack_sharing_enabled":true,"_links":{"self":[{"href":"https:\/\/cndestetik.ch\/fr\/wp-json\/wp\/v2\/product\/52876","targetHints":{"allow":["GET"]}}],"collection":[{"href":"https:\/\/cndestetik.ch\/fr\/wp-json\/wp\/v2\/product"}],"about":[{"href":"https:\/\/cndestetik.ch\/fr\/wp-json\/wp\/v2\/types\/product"}],"wp:featuredmedia":[{"embeddable":true,"href":"https:\/\/cndestetik.ch\/fr\/wp-json\/wp\/v2\/media\/37695"}],"wp:attachment":[{"href":"https:\/\/cndestetik.ch\/fr\/wp-json\/wp\/v2\/media?parent=52876"}],"wp:term":[{"taxonomy":"product_brand","embeddable":true,"href":"https:\/\/cndestetik.ch\/fr\/wp-json\/wp\/v2\/product_brand?post=52876"},{"taxonomy":"product_cat","embeddable":true,"href":"https:\/\/cndestetik.ch\/fr\/wp-json\/wp\/v2\/product_cat?post=52876"},{"taxonomy":"product_tag","embeddable":true,"href":"https:\/\/cndestetik.ch\/fr\/wp-json\/wp\/v2\/product_tag?post=52876"}],"curies":[{"name":"wp","href":"https:\/\/api.w.org\/{rel}","templated":true}]}}