{"id":52852,"date":"2020-10-15T11:37:30","date_gmt":"2020-10-15T09:37:30","guid":{"rendered":"https:\/\/cndestetik.ch\/prodotto\/gommage-corporel-exfoliant\/"},"modified":"2025-02-07T08:54:17","modified_gmt":"2025-02-07T07:54:17","slug":"gommage-du-corps","status":"publish","type":"product","link":"https:\/\/cndestetik.ch\/fr\/prodotto\/gommage-du-corps\/","title":{"rendered":"Gommage corporel exfoliant"},"content":{"rendered":"<p><span data-sheets-value=\"{\"1\":2,\"2\":\"Un esfoliante per il corpo pronto all'uso!\\nDa massaggiare delicatamente sulla pelle, favorisce l'eliminazione delle cellule morte e della desquamazione.\\nL'Aloe, la Malva e l'Ananas contenuti, aiutano l'azione cheratolitica delicata e rigenerante, mentre i microgranuli di semi di albicocca svolgono l'azione meccanica (quasi un effetto sabbia sulla pelle).\\nL'insieme delle profumazione ne fa ottenere un aroma mandorlato, quasi di amaretto, delicato e piacevole.\\n\\nCoccolarsi strofinandolo sulla pelle \u00e8 un piacere da provare!\\n\\nCome utilizzarlo?\\nStrofinalo sulla pelle inumidita e riscqua! Applica dopo una crema o un oleolito pi\u00f9 idonei alla tua problematica o alla tua necessit\u00e0.\\n\\nIl nostro consiglio\\nUtilizzalo prima di ogni tuo trattamento domestico: prima di un fango, prima di un bendaggio, prima di un bagno detossinante; ti aiuter\u00e0 ad assorbire meglio i principi attivi grazie all'eliminazione delle cellule morte superficiali.\\nUtilizzalo qualche giorno prima della ceretta per liberare i peli sottopelle; eliminerai anche i peli pi\u00f9 nascosti, sentirai meno dolore.\\nUtilizzalo qualche giorno prima di andare in vacanza, renderai la pelle pi\u00f9 predisposta all'abbronzatura (e non dimenticare la protezione solare da mettere in valigia!)\\n\"}\" data-sheets-userformat=\"{\"2\":15297,\"3\":{\"1\":0},\"9\":0,\"10\":2,\"11\":0,\"12\":0,\"14\":{\"1\":2,\"2\":0},\"15\":\"Calibri\",\"16\":11}\"><\/p>\n<p>Un exfoliant pr\u00eat \u00e0 l&#8217;emploi pour le corps ! En massant d\u00e9licatement la peau, il aide \u00e0 \u00e9liminer les cellules mortes et les squames. L&#8217;alo\u00e8s, la mauve et l&#8217;ananas qu&#8217;il contient contribuent \u00e0 l&#8217;action k\u00e9ratolytique et r\u00e9g\u00e9n\u00e9rante en douceur, tandis que les microgranules de graines d&#8217;abricot exercent l&#8217;action m\u00e9canique (presque un effet de sable sur la peau). La combinaison des parfums lui conf\u00e8re un ar\u00f4me d&#8217;amande, presque d&#8217;amaretto, qui est d\u00e9licat et plaisant.<\/span><\/p>\n<p>Se faire dorloter en le frottant sur la peau est un plaisir \u00e0 vivre !<\/p>\n<p>Comment l&#8217;utiliser ?<br \/>\nFrottez-le sur la peau humide et rincez ! Ensuite, appliquez une cr\u00e8me ou une huile plus adapt\u00e9e \u00e0 votre probl\u00e8me ou \u00e0 votre besoin.<\/p>\n<p>Notre conseil Utilisez-le avant chacun de vos soins \u00e0 domicile : avant un bain de boue, avant un enveloppement, avant un bain d\u00e9tox ; il vous aidera \u00e0 mieux absorber les principes actifs en \u00e9liminant les cellules mortes en surface.<\/p>\n<p>Utilisez-le quelques jours avant une \u00e9pilation \u00e0 la cire pour \u00e9liminer les poils sous la peau ; vous \u00e9liminerez les poils les plus cach\u00e9s, vous aurez moins mal. Utilisez-le quelques jours avant de partir en vacances, vous rendrez votre peau plus sujette au bronzage (et n&#8217;oubliez pas d&#8217;emporter de la cr\u00e8me solaire !).<\/p>\n","protected":false},"excerpt":{"rendered":"<p>Exfoliant \u00e0 masser d\u00e9licatement sur le corps pour  <span data-sheets-value=\"{\"1\":2,\"2\":\"Un esfoliante per il corpo pronto all'uso!\\nDa massaggiare delicatamente sulla pelle, favorisce l'eliminazione delle cellule morte e della desquamazione.\\nL'Aloe, la Malva e l'Ananas contenuti, aiutano l'azione cheratolitica delicata e rigenerante, mentre i microgranuli di semi di albicocca svolgono l'azione meccanica (quasi un effetto sabbia sulla pelle).\\nL'insieme delle profumazione ne fa ottenere un aroma mandorlato, quasi di amaretto, delicato e piacevole.\\n\\nCoccolarsi strofinandolo sulla pelle \u00e8 un piacere da provare!\\n\\nCome utilizzarlo?\\nStrofinalo sulla pelle inumidita e riscqua! Applica dopo una crema o un oleolito pi\u00f9 idonei alla tua problematica o alla tua necessit\u00e0.\\n\\nIl nostro consiglio\\nUtilizzalo prima di ogni tuo trattamento domestico: prima di un fango, prima di un bendaggio, prima di un bagno detossinante; ti aiuter\u00e0 ad assorbire meglio i principi attivi grazie all'eliminazione delle cellule morte superficiali.\\nUtilizzalo qualche giorno prima della ceretta per liberare i peli sottopelle; eliminerai anche i peli pi\u00f9 nascosti, sentirai meno dolore.\\nUtilizzalo qualche giorno prima di andare in vacanza, renderai la pelle pi\u00f9 predisposta all'abbronzatura (e non dimenticare la protezione solare da mettere in valigia!)\\n\"}\" data-sheets-userformat=\"{\"2\":15297,\"3\":{\"1\":0},\"9\":0,\"10\":2,\"11\":0,\"12\":0,\"14\":{\"1\":2,\"2\":0},\"15\":\"Calibri\",\"16\":11}\">\u00e9liminer les cellules mortes et la desquamation. Disponible en deux tailles.<\/span><\/p>\n","protected":false},"featured_media":37689,"template":"","meta":{"_acf_changed":false},"product_brand":[],"product_cat":[12987,1494,12982],"product_tag":[4740,554,9173,509,2341,4742,7130,551],"class_list":{"0":"post-52852","1":"product","2":"type-product","3":"status-publish","4":"has-post-thumbnail","6":"product_cat-corps","7":"product_cat-cosmetiques","8":"product_cat-microcosme","9":"product_tag-abricot","10":"product_tag-aloe-fr","11":"product_tag-anans-fr","12":"product_tag-citron","13":"product_tag-corps","14":"product_tag-exfoliant-fr","15":"product_tag-gommage-fr-2","16":"product_tag-mauve","17":"pa_formato-200ml-fr","18":"pa_formato-500ml-fr","20":"first","21":"instock","22":"taxable","23":"shipping-taxable","24":"purchasable","25":"product-type-variable","26":"has-default-attributes"},"acf":[],"jetpack_sharing_enabled":true,"_links":{"self":[{"href":"https:\/\/cndestetik.ch\/fr\/wp-json\/wp\/v2\/product\/52852","targetHints":{"allow":["GET"]}}],"collection":[{"href":"https:\/\/cndestetik.ch\/fr\/wp-json\/wp\/v2\/product"}],"about":[{"href":"https:\/\/cndestetik.ch\/fr\/wp-json\/wp\/v2\/types\/product"}],"wp:featuredmedia":[{"embeddable":true,"href":"https:\/\/cndestetik.ch\/fr\/wp-json\/wp\/v2\/media\/37689"}],"wp:attachment":[{"href":"https:\/\/cndestetik.ch\/fr\/wp-json\/wp\/v2\/media?parent=52852"}],"wp:term":[{"taxonomy":"product_brand","embeddable":true,"href":"https:\/\/cndestetik.ch\/fr\/wp-json\/wp\/v2\/product_brand?post=52852"},{"taxonomy":"product_cat","embeddable":true,"href":"https:\/\/cndestetik.ch\/fr\/wp-json\/wp\/v2\/product_cat?post=52852"},{"taxonomy":"product_tag","embeddable":true,"href":"https:\/\/cndestetik.ch\/fr\/wp-json\/wp\/v2\/product_tag?post=52852"}],"curies":[{"name":"wp","href":"https:\/\/api.w.org\/{rel}","templated":true}]}}