{"id":52845,"date":"2020-10-15T11:31:33","date_gmt":"2020-10-15T09:31:33","guid":{"rendered":"https:\/\/cndestetik.ch\/prodotto\/creme-regenerante-pour-le-visage\/"},"modified":"2025-01-24T13:12:36","modified_gmt":"2025-01-24T12:12:36","slug":"creme-regenerante-pour-le-visage","status":"publish","type":"product","link":"https:\/\/cndestetik.ch\/fr\/prodotto\/creme-regenerante-pour-le-visage\/","title":{"rendered":"Cr\u00e8me r\u00e9g\u00e9n\u00e9rante pour le visage"},"content":{"rendered":"<p>Con\u00e7ue pour les hommes, enrichie en huile de germe de bl\u00e9, elle prot\u00e8ge et repose la peau ; excellente \u00e9galement apr\u00e8s le rasage, elle convient comme cr\u00e8me hydratante quotidienne. Elle p\u00e9n\u00e8tre rapidement et, gr\u00e2ce \u00e0 l&#8217;extrait spagyrique de mauve, apporte une l\u00e9g\u00e8re fra\u00eecheur. Format : 30ml 100% Ingr\u00e9dients biologiques et naturels Vegan Cruelty Free<\/p>\n","protected":false},"excerpt":{"rendered":"<p>Cr\u00e8me hydratante pour hommes.<\/p>\n","protected":false},"featured_media":37698,"template":"","meta":{"_acf_changed":false},"product_brand":[],"product_cat":[1494,12982,12989],"product_tag":[3834,593,9067,551,436],"class_list":{"0":"post-52845","1":"product","2":"type-product","3":"status-publish","4":"has-post-thumbnail","6":"product_cat-cosmetiques","7":"product_cat-microcosme","8":"product_cat-visage","9":"product_tag-creme","10":"product_tag-creme-hydratante","11":"product_tag-homme","12":"product_tag-mauve","13":"product_tag-spagyria","15":"first","16":"instock","17":"taxable","18":"shipping-taxable","19":"purchasable","20":"product-type-simple"},"acf":[],"jetpack_sharing_enabled":true,"_links":{"self":[{"href":"https:\/\/cndestetik.ch\/fr\/wp-json\/wp\/v2\/product\/52845","targetHints":{"allow":["GET"]}}],"collection":[{"href":"https:\/\/cndestetik.ch\/fr\/wp-json\/wp\/v2\/product"}],"about":[{"href":"https:\/\/cndestetik.ch\/fr\/wp-json\/wp\/v2\/types\/product"}],"wp:featuredmedia":[{"embeddable":true,"href":"https:\/\/cndestetik.ch\/fr\/wp-json\/wp\/v2\/media\/37698"}],"wp:attachment":[{"href":"https:\/\/cndestetik.ch\/fr\/wp-json\/wp\/v2\/media?parent=52845"}],"wp:term":[{"taxonomy":"product_brand","embeddable":true,"href":"https:\/\/cndestetik.ch\/fr\/wp-json\/wp\/v2\/product_brand?post=52845"},{"taxonomy":"product_cat","embeddable":true,"href":"https:\/\/cndestetik.ch\/fr\/wp-json\/wp\/v2\/product_cat?post=52845"},{"taxonomy":"product_tag","embeddable":true,"href":"https:\/\/cndestetik.ch\/fr\/wp-json\/wp\/v2\/product_tag?post=52845"}],"curies":[{"name":"wp","href":"https:\/\/api.w.org\/{rel}","templated":true}]}}