{"id":52839,"date":"2020-10-15T11:38:34","date_gmt":"2020-10-15T09:38:34","guid":{"rendered":"https:\/\/cndestetik.ch\/prodotto\/huile-spagyrique-pour-peaux-grasses\/"},"modified":"2025-01-24T08:19:43","modified_gmt":"2025-01-24T07:19:43","slug":"oleolyte-spagyrique-gras-de-peau","status":"publish","type":"product","link":"https:\/\/cndestetik.ch\/fr\/prodotto\/oleolyte-spagyrique-gras-de-peau\/","title":{"rendered":"Huile spagyrique pour peaux grasses"},"content":{"rendered":"<p><span data-sheets-value=\"{\"1\":2,\"2\":\"Con oleoliti spagirici di Edera e Betulla. Olio atto a riequilibrare la formazione di sebo a livello cutaneo. Grazie alle propriet\u00e0 degli oleoliti spagirici e degli oli essenziali, presenti nella formulazione, quest'olio agisce come astringente senza tuttavia essere aggressivo, rispetta la naturale fisiologia cutanea, agisce come antiossidante e agente capace di sciogliere i grassi del sebo.\\n\\nOgni Oleolito Spagirico Viso \u00e8 una preziosa miscela di Oleoliti Spagirici ed Oli Essenziali studiata con cura da esperti erboristi per offrire un prodotto specifico ed efficace per la pelle delicata del viso.\"}\" data-sheets-userformat=\"{\"2\":15297,\"3\":{\"1\":0},\"9\":0,\"10\":2,\"11\":0,\"12\":0,\"14\":{\"1\":2,\"2\":0},\"15\":\"Calibri\",\"16\":11}\">Avec du lierre spagyrique et des ol\u00e9olites de bouleau. Huile pour \u00e9quilibrer la formation de s\u00e9bum dans la peau. Gr\u00e2ce aux propri\u00e9t\u00e9s des ol\u00e9olites spagyriques et des huiles essentielles pr\u00e9sentes dans la formulation, cette huile agit comme un astringent sans \u00eatre agressif, respecte la physiologie naturelle de la peau, agit comme un antioxydant et un agent capable de dissoudre les graisses s\u00e9bac\u00e9es.<\/span><\/p>\n<p>Chaque ol\u00e9olithe spagyrique pour le visage est un pr\u00e9cieux m\u00e9lange d&#8217;ol\u00e9olites spagyriques et d&#8217;huiles essentielles soigneusement con\u00e7u par des herboristes experts pour offrir un produit sp\u00e9cifique et efficace pour la peau d\u00e9licate du visage.<\/p>\n<p>Taille : 30ml<\/p>\n","protected":false},"excerpt":{"rendered":"<p>Huile astringente, utile pour contrer la graisse dans la peau.<\/p>\n","protected":false},"featured_media":37647,"template":"","meta":{"_acf_changed":false},"product_brand":[],"product_cat":[1494,12982,12989],"product_tag":[8887,8876,2111,436,4831],"class_list":{"0":"post-52839","1":"product","2":"type-product","3":"status-publish","4":"has-post-thumbnail","6":"product_cat-cosmetiques","7":"product_cat-microcosme","8":"product_cat-visage","9":"product_tag-bouleau-fr","10":"product_tag-lierre","11":"product_tag-oleolite-fr","12":"product_tag-spagyria","13":"product_tag-spagyrique","15":"first","16":"instock","17":"taxable","18":"shipping-taxable","19":"purchasable","20":"product-type-simple"},"acf":[],"jetpack_sharing_enabled":true,"_links":{"self":[{"href":"https:\/\/cndestetik.ch\/fr\/wp-json\/wp\/v2\/product\/52839","targetHints":{"allow":["GET"]}}],"collection":[{"href":"https:\/\/cndestetik.ch\/fr\/wp-json\/wp\/v2\/product"}],"about":[{"href":"https:\/\/cndestetik.ch\/fr\/wp-json\/wp\/v2\/types\/product"}],"wp:featuredmedia":[{"embeddable":true,"href":"https:\/\/cndestetik.ch\/fr\/wp-json\/wp\/v2\/media\/37647"}],"wp:attachment":[{"href":"https:\/\/cndestetik.ch\/fr\/wp-json\/wp\/v2\/media?parent=52839"}],"wp:term":[{"taxonomy":"product_brand","embeddable":true,"href":"https:\/\/cndestetik.ch\/fr\/wp-json\/wp\/v2\/product_brand?post=52839"},{"taxonomy":"product_cat","embeddable":true,"href":"https:\/\/cndestetik.ch\/fr\/wp-json\/wp\/v2\/product_cat?post=52839"},{"taxonomy":"product_tag","embeddable":true,"href":"https:\/\/cndestetik.ch\/fr\/wp-json\/wp\/v2\/product_tag?post=52839"}],"curies":[{"name":"wp","href":"https:\/\/api.w.org\/{rel}","templated":true}]}}