{"id":52830,"date":"2020-10-15T11:39:12","date_gmt":"2020-10-15T09:39:12","guid":{"rendered":"https:\/\/cndestetik.ch\/prodotto\/oleolite-spagyrique-lierre\/"},"modified":"2025-01-24T08:22:05","modified_gmt":"2025-01-24T07:22:05","slug":"oleolyte-pagyrique-edera","status":"publish","type":"product","link":"https:\/\/cndestetik.ch\/fr\/prodotto\/oleolyte-pagyrique-edera\/","title":{"rendered":"Ol\u00e9olite spagyrique Lierre"},"content":{"rendered":"<p>Les ol\u00e9olites spagyriques simples se trouvent dans l&#8217;huile de ricin, de tournesol et d&#8217;amande. En format de 50 ml.<\/p>\n<p>L&#8217;ol\u00e9olite est une pr\u00e9paration v\u00e9g\u00e9tale simple qui consiste \u00e0 mac\u00e9rer une plante dans de l&#8217;huile, ce qui permet d&#8217;extraire des principes liposolubles difficiles \u00e0 extraire avec d&#8217;autres solvants. Le spagyriste, respectant les rythmes de la nature terrestre et c\u00e9leste, travaille \u00e9galement en extrayant certains principes actifs cach\u00e9s gr\u00e2ce \u00e0 des techniques sp\u00e9cifiques comme la calcination. Par l&#8217;exposition aux radiations c\u00e9lestes et par des man\u0153uvres sp\u00e9ciales, le spagyriste cherche \u00e0 renforcer les qualit\u00e9s \u00e9nerg\u00e9tiques qui expriment les vertus caract\u00e9ristiques de l&#8217;\u00e2me de la plante. Le r\u00e9sultat est une pr\u00e9paration riche en principes actifs et capable de transmettre les qualit\u00e9s \u00e9nerg\u00e9tiques inh\u00e9rentes \u00e0 la nature de chaque plante.<\/p>\n<p>L&#8217;ol\u00e9olyte spagyrique convient donc au traitement habituel par voie cutan\u00e9e, \u00e0 l&#8217;application \u00e9nerg\u00e9tique sur les diff\u00e9rentes zones r\u00e9flexes du corps, ainsi que sur les points sensibles des diff\u00e9rents m\u00e9ridiens.<\/p>\n<p>Nos ol\u00e9olites spagyriques sont fabriqu\u00e9es \u00e0 partir de plantes sauvages r\u00e9colt\u00e9es dans les r\u00e9gions pr\u00e9serv\u00e9es d&#8217;Italie. Elles sont r\u00e9colt\u00e9es au moment balsamique, lorsque leurs qualit\u00e9s actives atteignent leur pic d&#8217;\u00e9nergie vitale. Puis, sur une p\u00e9riode de deux lunaisons, les huiles sont minutieusement transform\u00e9es en \u00e9lixirs gr\u00e2ce aux enseignements de la spagyrie. De toutes les huiles, l&#8217;huile de ricin est la plus sp\u00e9cifique du derme et de ses dysfonctionnements, et c&#8217;est celle qui est la plus utilis\u00e9e dans la production d&#8217;ol\u00e9olites.<\/p>\n<p>Les ol\u00e9olites spagyriques simples (OSS) peuvent \u00eatre utilis\u00e9es pures, m\u00e9lang\u00e9es \u00e0 des cr\u00e8mes ou \u00e0 des huiles v\u00e9g\u00e9tales.<\/p>\n<p><span data-sheets-value=\"{\"1\":2,\"2\":\"EDERA: adatto in caso di edemi negli spazi interstiziali. L'azione astringente e vasocostrittrice permette il riassorbimento dei liquidi. Adatto per il trattamento cellulite. Ottimo anche su piaghe e infiammazioni.\"}\" data-sheets-userformat=\"{\"2\":15297,\"3\":{\"1\":0},\"9\":0,\"10\":2,\"11\":0,\"12\":0,\"14\":{\"1\":2,\"2\":0},\"15\":\"Calibri\",\"16\":11}\">Lierre : convient aux oed\u00e8mes dans les espaces interstitiels. L&#8217;action astringente et vasoconstrictrice permet la r\u00e9absorption des liquides. Convient pour le traitement de la cellulite. Egalement bon pour les plaies et les inflammations.<\/span><\/p>\n","protected":false},"excerpt":{"rendered":"<p>Ol\u00e9olithe adapt\u00e9e \u00e0 l&#8217;absorption de liquides. Excellent pour traiter la cellulite, les plaies et les inflammations.<\/p>\n","protected":false},"featured_media":37617,"template":"","meta":{"_acf_changed":false},"product_brand":[],"product_cat":[12987,1494,12982,12989],"product_tag":[3600,8897,8876,2111,427,436,4831],"class_list":{"0":"post-52830","1":"product","2":"type-product","3":"status-publish","4":"has-post-thumbnail","6":"product_cat-corps","7":"product_cat-cosmetiques","8":"product_cat-microcosme","9":"product_cat-visage","10":"product_tag-cellulite-fr","11":"product_tag-inflammations-fr","12":"product_tag-lierre","13":"product_tag-oleolite-fr","14":"product_tag-sesame-fr","15":"product_tag-spagyria","16":"product_tag-spagyrique","18":"first","19":"instock","20":"taxable","21":"shipping-taxable","22":"purchasable","23":"product-type-simple"},"acf":[],"jetpack_sharing_enabled":true,"_links":{"self":[{"href":"https:\/\/cndestetik.ch\/fr\/wp-json\/wp\/v2\/product\/52830","targetHints":{"allow":["GET"]}}],"collection":[{"href":"https:\/\/cndestetik.ch\/fr\/wp-json\/wp\/v2\/product"}],"about":[{"href":"https:\/\/cndestetik.ch\/fr\/wp-json\/wp\/v2\/types\/product"}],"wp:featuredmedia":[{"embeddable":true,"href":"https:\/\/cndestetik.ch\/fr\/wp-json\/wp\/v2\/media\/37617"}],"wp:attachment":[{"href":"https:\/\/cndestetik.ch\/fr\/wp-json\/wp\/v2\/media?parent=52830"}],"wp:term":[{"taxonomy":"product_brand","embeddable":true,"href":"https:\/\/cndestetik.ch\/fr\/wp-json\/wp\/v2\/product_brand?post=52830"},{"taxonomy":"product_cat","embeddable":true,"href":"https:\/\/cndestetik.ch\/fr\/wp-json\/wp\/v2\/product_cat?post=52830"},{"taxonomy":"product_tag","embeddable":true,"href":"https:\/\/cndestetik.ch\/fr\/wp-json\/wp\/v2\/product_tag?post=52830"}],"curies":[{"name":"wp","href":"https:\/\/api.w.org\/{rel}","templated":true}]}}