{"id":52802,"date":"2020-10-15T11:41:11","date_gmt":"2020-10-15T09:41:11","guid":{"rendered":"https:\/\/cndestetik.ch\/prodotto\/huile-essentielle-dorange-amere\/"},"modified":"2025-01-22T16:15:38","modified_gmt":"2025-01-22T15:15:38","slug":"huile-essentielle-orange-amere","status":"publish","type":"product","link":"https:\/\/cndestetik.ch\/fr\/prodotto\/huile-essentielle-orange-amere\/","title":{"rendered":"Huile essentielle d&#8217;orange am\u00e8re"},"content":{"rendered":"<p><span data-sheets-value=\"{\"1\":2,\"2\":\"Nota di Testa. La leggenda narra che gli aranci erano i magici frutti custoditi dalle Esperidi, le ninfe figlie della Notte. Il suo nome deriva da aurantina poma, cio\u00e8 \\\"pomi d'oro\\\" in quanto ricorda la forma ed il colore del sole al tramonto. E' infatti legato al sole; l'albero dell'arancio trasforma l'energia solare in cibo. L'energia solare che porta in s\u00e8 l'olio essenziale di arancio aiuta nei momenti tristi e dona calore agli ambienti rendendoli confortevoli e accoglienti. Scioglie le ansie che non siamo riusciti a rielaborare e che si ripercuotono sull'organismo. Ha un'azione armonizzante e calmante, solleva il morale e dona allegria, specialmente nelle serate invernali. Stimola le persone annoiate e aiuta a combattere la testardaggine e l'egiosmo.\\nAzioni: tonico, antibatterico-antiradicalico-antivirale-astringente-stomachico, scioglie i grassi del sebo.\\nAdatto in caso di: pelle grassa e\/o impura - pelli spente e opache - micosi cutanee - cellulite - atonia dei tessuti e adipe - adatto nel trattamento anti-age preventivo su pelli giovani. A livello aromaterapeutico nel massaggio rilassante - cuoio capelluto grasso - in diffusione per risanare l'ambiente\\n\\n\\nGli oli essenziali vengono estratti da parti specifiche di piante aromatiche dette essenziere. L'estrazione viene per lo pi\u00f9 fatta con il metodo della distillazione in corrente di vapore, ottenuta tramite appositi distillatori. Con essa si riescono a raccogliere le molecole pi\u00f9 volatili e lipofile della pianta\\n-Gli oli essenziali non vanno applicati puri sulla pelle poich\u00e9 possono provocare effetti collaterali, quali irritazioni cutanee, allergie e vere e proprie macchie sulla pelle. E' quindi necessario diluirli sempre in sostanze vettrici come oli base, creme, saponi etc.\\n-Non utilizzarli in trattamenti di donne in gravidanza. Gli O.E. di agrumi (come arancio amaro, bergamotto e limone) contengono sostanze fotosensibilizzanti, non vanno utilizzati prima dell'esposizione al sole. Tenere gli O.E. fuori dalla portata dei bambini. Per escludere eventuali reazioni allergiche, peraltro molto rare, la prima volta che utilizzate un olio essenziale fate una prova con una goccia sull'incavo del gomito. Nel giro di un minuto se non si manifesta nessuna reazione allora potrete usarlo con tranquillit\u00e0 (sempre nelle diluizioni consigliate)\\n-Noce moscata, Salvia, Rosmarino e Timo sono controindicati in caso di epilessia.\\n\"}\" data-sheets-userformat=\"{\"2\":15297,\"3\":{\"1\":0},\"9\":0,\"10\":2,\"11\":0,\"12\":0,\"14\":{\"1\":2,\"2\":0},\"15\":\"Calibri\",\"16\":11}\">Top Note. Selon la l\u00e9gende, les orangers \u00e9taient les fruits magiques gard\u00e9s par les Hesp\u00e9rides, les nymphes filles de la Nuit. Son nom vient de aurantina poma, qui signifie &#8220;pommes d&#8217;or&#8221;, car il ressemble \u00e0 la forme et \u00e0 la couleur du soleil couchant. Il est en effet li\u00e9 au soleil ; l&#8217;oranger transforme l&#8217;\u00e9nergie solaire en nourriture. L&#8217;\u00e9nergie solaire que l&#8217;huile essentielle d&#8217;orange apporte aide dans les moments tristes et donne de la chaleur aux pi\u00e8ces, les rendant confortables et douillettes. Il dissout les anxi\u00e9t\u00e9s que nous n&#8217;avons pas r\u00e9ussi \u00e0 traiter et qui affectent le corps. Il a une action harmonisante et calmante, remonte le moral et apporte de la gaiet\u00e9, surtout les soirs d&#8217;hiver. <\/p>\n<p>Stimule les personnes qui s&#8217;ennuient et aide \u00e0 combattre l&#8217;ent\u00eatement et l&#8217;\u00e9go\u00efsme. Actions : tonique, antibact\u00e9rien-anti-radical-antiviral-stomachique, dissout les graisses du s\u00e9bum. Convient pour : peau grasse et\/ou impure &#8211; peau terne et sans \u00e9clat &#8211; mycoses cutan\u00e9es &#8211; cellulite &#8211; atonie tissulaire et adiposit\u00e9 &#8211; convient pour un traitement pr\u00e9ventif anti-\u00e2ge sur une peau jeune. Aroma th\u00e9rapeutique en massage relaxant &#8211; cuir chevelu gras &#8211; en diffusion pour soigner l&#8217;environnement<\/span><\/p>\n<p>Les huiles essentielles sont extraites de parties sp\u00e9cifiques de plantes aromatiques appel\u00e9es essences. L&#8217;extraction se fait principalement par la m\u00e9thode de distillation \u00e0 la vapeur, \u00e0 l&#8217;aide de distillateurs sp\u00e9ciaux. Il permet de recueillir les mol\u00e9cules les plus volatiles et les plus lipophiles de la plante.<\/p>\n<p><span data-sheets-value=\"{\"1\":2,\"2\":\"Nota di Testa. La leggenda narra che gli aranci erano i magici frutti custoditi dalle Esperidi, le ninfe figlie della Notte. Il suo nome deriva da aurantina poma, cio\u00e8 \\\"pomi d'oro\\\" in quanto ricorda la forma ed il colore del sole al tramonto. E' infatti legato al sole; l'albero dell'arancio trasforma l'energia solare in cibo. L'energia solare che porta in s\u00e8 l'olio essenziale di arancio aiuta nei momenti tristi e dona calore agli ambienti rendendoli confortevoli e accoglienti. Scioglie le ansie che non siamo riusciti a rielaborare e che si ripercuotono sull'organismo. Ha un'azione armonizzante e calmante, solleva il morale e dona allegria, specialmente nelle serate invernali. Stimola le persone annoiate e aiuta a combattere la testardaggine e l'egiosmo.\\nAzioni: tonico, antibatterico-antiradicalico-antivirale-astringente-stomachico, scioglie i grassi del sebo.\\nAdatto in caso di: pelle grassa e\/o impura - pelli spente e opache - micosi cutanee - cellulite - atonia dei tessuti e adipe - adatto nel trattamento anti-age preventivo su pelli giovani. A livello aromaterapeutico nel massaggio rilassante - cuoio capelluto grasso - in diffusione per risanare l'ambiente\\n\\n\\nGli oli essenziali vengono estratti da parti specifiche di piante aromatiche dette essenziere. L'estrazione viene per lo pi\u00f9 fatta con il metodo della distillazione in corrente di vapore, ottenuta tramite appositi distillatori. Con essa si riescono a raccogliere le molecole pi\u00f9 volatili e lipofile della pianta\\n-Gli oli essenziali non vanno applicati puri sulla pelle poich\u00e9 possono provocare effetti collaterali, quali irritazioni cutanee, allergie e vere e proprie macchie sulla pelle. E' quindi necessario diluirli sempre in sostanze vettrici come oli base, creme, saponi etc.\\n-Non utilizzarli in trattamenti di donne in gravidanza. Gli O.E. di agrumi (come arancio amaro, bergamotto e limone) contengono sostanze fotosensibilizzanti, non vanno utilizzati prima dell'esposizione al sole. Tenere gli O.E. fuori dalla portata dei bambini. Per escludere eventuali reazioni allergiche, peraltro molto rare, la prima volta che utilizzate un olio essenziale fate una prova con una goccia sull'incavo del gomito. Nel giro di un minuto se non si manifesta nessuna reazione allora potrete usarlo con tranquillit\u00e0 (sempre nelle diluizioni consigliate)\\n-Noce moscata, Salvia, Rosmarino e Timo sono controindicati in caso di epilessia.\\n\"}\" data-sheets-userformat=\"{\"2\":15297,\"3\":{\"1\":0},\"9\":0,\"10\":2,\"11\":0,\"12\":0,\"14\":{\"1\":2,\"2\":0},\"15\":\"Calibri\",\"16\":11}\">-Les huiles essentielles ne doivent pas \u00eatre appliqu\u00e9es purement sur la peau car elles peuvent provoquer des effets secondaires, tels qu&#8217;une irritation de la peau, des allergies et des taches sur la peau. Il est donc toujours n\u00e9cessaire de les diluer dans des substances vectrices telles que des huiles de base, des cr\u00e8mes, des savons, etc.<br \/>\n<\/span><\/p>\n<p><span data-sheets-value=\"{\"1\":2,\"2\":\"Nota di Testa. La leggenda narra che gli aranci erano i magici frutti custoditi dalle Esperidi, le ninfe figlie della Notte. Il suo nome deriva da aurantina poma, cio\u00e8 \\\"pomi d'oro\\\" in quanto ricorda la forma ed il colore del sole al tramonto. E' infatti legato al sole; l'albero dell'arancio trasforma l'energia solare in cibo. L'energia solare che porta in s\u00e8 l'olio essenziale di arancio aiuta nei momenti tristi e dona calore agli ambienti rendendoli confortevoli e accoglienti. Scioglie le ansie che non siamo riusciti a rielaborare e che si ripercuotono sull'organismo. Ha un'azione armonizzante e calmante, solleva il morale e dona allegria, specialmente nelle serate invernali. Stimola le persone annoiate e aiuta a combattere la testardaggine e l'egiosmo.\\nAzioni: tonico, antibatterico-antiradicalico-antivirale-astringente-stomachico, scioglie i grassi del sebo.\\nAdatto in caso di: pelle grassa e\/o impura - pelli spente e opache - micosi cutanee - cellulite - atonia dei tessuti e adipe - adatto nel trattamento anti-age preventivo su pelli giovani. A livello aromaterapeutico nel massaggio rilassante - cuoio capelluto grasso - in diffusione per risanare l'ambiente\\n\\n\\nGli oli essenziali vengono estratti da parti specifiche di piante aromatiche dette essenziere. L'estrazione viene per lo pi\u00f9 fatta con il metodo della distillazione in corrente di vapore, ottenuta tramite appositi distillatori. Con essa si riescono a raccogliere le molecole pi\u00f9 volatili e lipofile della pianta\\n-Gli oli essenziali non vanno applicati puri sulla pelle poich\u00e9 possono provocare effetti collaterali, quali irritazioni cutanee, allergie e vere e proprie macchie sulla pelle. E' quindi necessario diluirli sempre in sostanze vettrici come oli base, creme, saponi etc.\\n-Non utilizzarli in trattamenti di donne in gravidanza. Gli O.E. di agrumi (come arancio amaro, bergamotto e limone) contengono sostanze fotosensibilizzanti, non vanno utilizzati prima dell'esposizione al sole. Tenere gli O.E. fuori dalla portata dei bambini. Per escludere eventuali reazioni allergiche, peraltro molto rare, la prima volta che utilizzate un olio essenziale fate una prova con una goccia sull'incavo del gomito. Nel giro di un minuto se non si manifesta nessuna reazione allora potrete usarlo con tranquillit\u00e0 (sempre nelle diluizioni consigliate)\\n-Noce moscata, Salvia, Rosmarino e Timo sono controindicati in caso di epilessia.\\n\"}\" data-sheets-userformat=\"{\"2\":15297,\"3\":{\"1\":0},\"9\":0,\"10\":2,\"11\":0,\"12\":0,\"14\":{\"1\":2,\"2\":0},\"15\":\"Calibri\",\"16\":11}\">-Ne pas les utiliser dans le traitement des femmes enceintes. Les HE d&#8217;agrumes (comme l&#8217;orange am\u00e8re, la bergamote et le citron) contiennent des substances photosensibilisantes et ne doivent pas \u00eatre utilis\u00e9es avant une exposition au soleil. Gardez l&#8217;O.E. hors de port\u00e9e des enfants. Pour exclure toute r\u00e9action allergique, qui est tr\u00e8s rare, la premi\u00e8re fois que vous utilisez une huile essentielle, testez-la en d\u00e9posant une goutte sur le creux de votre coude. Dans la minute qui suit, si aucune r\u00e9action ne se produit, vous pouvez l&#8217;utiliser en toute s\u00e9curit\u00e9 (toujours dans les dilutions recommand\u00e9es).<br \/>\n<\/span><\/p>\n<p><span data-sheets-value=\"{\"1\":2,\"2\":\"Nota di Testa. La leggenda narra che gli aranci erano i magici frutti custoditi dalle Esperidi, le ninfe figlie della Notte. Il suo nome deriva da aurantina poma, cio\u00e8 \\\"pomi d'oro\\\" in quanto ricorda la forma ed il colore del sole al tramonto. E' infatti legato al sole; l'albero dell'arancio trasforma l'energia solare in cibo. L'energia solare che porta in s\u00e8 l'olio essenziale di arancio aiuta nei momenti tristi e dona calore agli ambienti rendendoli confortevoli e accoglienti. Scioglie le ansie che non siamo riusciti a rielaborare e che si ripercuotono sull'organismo. Ha un'azione armonizzante e calmante, solleva il morale e dona allegria, specialmente nelle serate invernali. Stimola le persone annoiate e aiuta a combattere la testardaggine e l'egiosmo.\\nAzioni: tonico, antibatterico-antiradicalico-antivirale-astringente-stomachico, scioglie i grassi del sebo.\\nAdatto in caso di: pelle grassa e\/o impura - pelli spente e opache - micosi cutanee - cellulite - atonia dei tessuti e adipe - adatto nel trattamento anti-age preventivo su pelli giovani. A livello aromaterapeutico nel massaggio rilassante - cuoio capelluto grasso - in diffusione per risanare l'ambiente\\n\\n\\nGli oli essenziali vengono estratti da parti specifiche di piante aromatiche dette essenziere. L'estrazione viene per lo pi\u00f9 fatta con il metodo della distillazione in corrente di vapore, ottenuta tramite appositi distillatori. Con essa si riescono a raccogliere le molecole pi\u00f9 volatili e lipofile della pianta\\n-Gli oli essenziali non vanno applicati puri sulla pelle poich\u00e9 possono provocare effetti collaterali, quali irritazioni cutanee, allergie e vere e proprie macchie sulla pelle. E' quindi necessario diluirli sempre in sostanze vettrici come oli base, creme, saponi etc.\\n-Non utilizzarli in trattamenti di donne in gravidanza. Gli O.E. di agrumi (come arancio amaro, bergamotto e limone) contengono sostanze fotosensibilizzanti, non vanno utilizzati prima dell'esposizione al sole. Tenere gli O.E. fuori dalla portata dei bambini. Per escludere eventuali reazioni allergiche, peraltro molto rare, la prima volta che utilizzate un olio essenziale fate una prova con una goccia sull'incavo del gomito. Nel giro di un minuto se non si manifesta nessuna reazione allora potrete usarlo con tranquillit\u00e0 (sempre nelle diluizioni consigliate)\\n-Noce moscata, Salvia, Rosmarino e Timo sono controindicati in caso di epilessia.\\n\"}\" data-sheets-userformat=\"{\"2\":15297,\"3\":{\"1\":0},\"9\":0,\"10\":2,\"11\":0,\"12\":0,\"14\":{\"1\":2,\"2\":0},\"15\":\"Calibri\",\"16\":11}\">-Nutmeg, Sauge, Romarin et Thym sont contre-indiqu\u00e9s en cas d&#8217;\u00e9pilepsie.<br \/>\n<\/span><\/p>\n","protected":false},"excerpt":{"rendered":"<p>Huile essentielle d&#8217;orange am\u00e8re disponible en deux formats, 10 ou 30 ml.<\/p>\n","protected":false},"featured_media":37524,"template":"","meta":{"_acf_changed":false},"product_brand":[],"product_cat":[2317,12982],"product_tag":[9133,9628,4256,420,2322,2184,4257,4268,9132,3971,9629,9616],"class_list":{"0":"post-52802","1":"product","2":"type-product","3":"status-publish","4":"has-post-thumbnail","6":"product_cat-essences-fr","7":"product_cat-microcosme","8":"product_tag-amer","9":"product_tag-antibacterien-fr","10":"product_tag-essence-fr","11":"product_tag-essences-fr-2","12":"product_tag-essentiel","13":"product_tag-huile-fr","14":"product_tag-huiles","15":"product_tag-lessentiel","16":"product_tag-orange-fr-3","17":"product_tag-peau-grasse","18":"product_tag-peau-impure","19":"product_tag-tonique","20":"pa_formato-10ml-fr","21":"pa_formato-30ml-fr","23":"first","24":"instock","25":"taxable","26":"shipping-taxable","27":"purchasable","28":"product-type-variable","29":"has-default-attributes"},"acf":[],"jetpack_sharing_enabled":true,"_links":{"self":[{"href":"https:\/\/cndestetik.ch\/fr\/wp-json\/wp\/v2\/product\/52802","targetHints":{"allow":["GET"]}}],"collection":[{"href":"https:\/\/cndestetik.ch\/fr\/wp-json\/wp\/v2\/product"}],"about":[{"href":"https:\/\/cndestetik.ch\/fr\/wp-json\/wp\/v2\/types\/product"}],"wp:featuredmedia":[{"embeddable":true,"href":"https:\/\/cndestetik.ch\/fr\/wp-json\/wp\/v2\/media\/37524"}],"wp:attachment":[{"href":"https:\/\/cndestetik.ch\/fr\/wp-json\/wp\/v2\/media?parent=52802"}],"wp:term":[{"taxonomy":"product_brand","embeddable":true,"href":"https:\/\/cndestetik.ch\/fr\/wp-json\/wp\/v2\/product_brand?post=52802"},{"taxonomy":"product_cat","embeddable":true,"href":"https:\/\/cndestetik.ch\/fr\/wp-json\/wp\/v2\/product_cat?post=52802"},{"taxonomy":"product_tag","embeddable":true,"href":"https:\/\/cndestetik.ch\/fr\/wp-json\/wp\/v2\/product_tag?post=52802"}],"curies":[{"name":"wp","href":"https:\/\/api.w.org\/{rel}","templated":true}]}}