{"id":52798,"date":"2020-10-15T11:41:26","date_gmt":"2020-10-15T09:41:26","guid":{"rendered":"https:\/\/cndestetik.ch\/prodotto\/creme-pour-les-mains\/"},"modified":"2025-01-23T09:39:59","modified_gmt":"2025-01-23T08:39:59","slug":"creme-pour-les-mains","status":"publish","type":"product","link":"https:\/\/cndestetik.ch\/fr\/prodotto\/creme-pour-les-mains\/","title":{"rendered":"Cr\u00e8me pour les mains"},"content":{"rendered":"<p><span data-sheets-value=\"{\"1\":2,\"2\":\"Olio di germe di grano, Olio di Mandorle e Olio di Jojoba, costituiscono la base di questa emulsione.\\nUna formulazione ricca di Vitamina E per preservare al emglio la pelle.\\nNutre a fondo la cute e, arricchita di Estratto Spagirico di Calendula, \u00e8 particolarmente indicata per lenire le pelli arrossate e screpolate.\"}\" data-sheets-userformat=\"{\"2\":15297,\"3\":{\"1\":0},\"9\":0,\"10\":2,\"11\":0,\"12\":0,\"14\":{\"1\":2,\"2\":0},\"15\":\"Calibri\",\"16\":11}\">L&#8217;huile de germe de bl\u00e9, l&#8217;huile d&#8217;amande et l&#8217;huile de jojoba constituent la base de cette \u00e9mulsion.<\/span><\/p>\n<p><span data-sheets-value=\"{\"1\":2,\"2\":\"Olio di germe di grano, Olio di Mandorle e Olio di Jojoba, costituiscono la base di questa emulsione.\\nUna formulazione ricca di Vitamina E per preservare al emglio la pelle.\\nNutre a fondo la cute e, arricchita di Estratto Spagirico di Calendula, \u00e8 particolarmente indicata per lenire le pelli arrossate e screpolate.\"}\" data-sheets-userformat=\"{\"2\":15297,\"3\":{\"1\":0},\"9\":0,\"10\":2,\"11\":0,\"12\":0,\"14\":{\"1\":2,\"2\":0},\"15\":\"Calibri\",\"16\":11}\"><br \/>\nUne formulation riche en vitamine E pour pr\u00e9server au mieux la peau.<\/span><\/p>\n<p><span data-sheets-value=\"{\"1\":2,\"2\":\"Olio di germe di grano, Olio di Mandorle e Olio di Jojoba, costituiscono la base di questa emulsione.\\nUna formulazione ricca di Vitamina E per preservare al emglio la pelle.\\nNutre a fondo la cute e, arricchita di Estratto Spagirico di Calendula, \u00e8 particolarmente indicata per lenire le pelli arrossate e screpolate.\"}\" data-sheets-userformat=\"{\"2\":15297,\"3\":{\"1\":0},\"9\":0,\"10\":2,\"11\":0,\"12\":0,\"14\":{\"1\":2,\"2\":0},\"15\":\"Calibri\",\"16\":11}\"><br \/>\nElle nourrit la peau en profondeur et, enrichie en extrait de souci spagyrique, elle est particuli\u00e8rement adapt\u00e9e pour apaiser les rougeurs et les ger\u00e7ures.<\/span><\/p>\n","protected":false},"excerpt":{"rendered":"<p>Cr\u00e8me pour les mains nourrissante, apaisante, excellente sur les peaux rougies et gerc\u00e9es.<\/p>\n","protected":false},"featured_media":37512,"template":"","meta":{"_acf_changed":false},"product_brand":[],"product_cat":[12987,1494,12982,9906],"product_tag":[601,8921,4775,459,3545,449],"class_list":{"0":"post-52798","1":"product","2":"type-product","3":"status-publish","4":"has-post-thumbnail","6":"product_cat-corps","7":"product_cat-cosmetiques","8":"product_cat-microcosme","9":"product_cat-oiseau-rose","10":"product_tag-amandes","11":"product_tag-creme-pour-les-mains-fr","12":"product_tag-germe-de-ble","13":"product_tag-jojoba-fr","14":"product_tag-mains","15":"product_tag-rose-dinde","16":"pa_formato-100ml-fr","17":"pa_formato-250-ml","19":"first","20":"instock","21":"taxable","22":"shipping-taxable","23":"purchasable","24":"product-type-variable","25":"has-default-attributes"},"acf":[],"jetpack_sharing_enabled":true,"_links":{"self":[{"href":"https:\/\/cndestetik.ch\/fr\/wp-json\/wp\/v2\/product\/52798","targetHints":{"allow":["GET"]}}],"collection":[{"href":"https:\/\/cndestetik.ch\/fr\/wp-json\/wp\/v2\/product"}],"about":[{"href":"https:\/\/cndestetik.ch\/fr\/wp-json\/wp\/v2\/types\/product"}],"wp:featuredmedia":[{"embeddable":true,"href":"https:\/\/cndestetik.ch\/fr\/wp-json\/wp\/v2\/media\/37512"}],"wp:attachment":[{"href":"https:\/\/cndestetik.ch\/fr\/wp-json\/wp\/v2\/media?parent=52798"}],"wp:term":[{"taxonomy":"product_brand","embeddable":true,"href":"https:\/\/cndestetik.ch\/fr\/wp-json\/wp\/v2\/product_brand?post=52798"},{"taxonomy":"product_cat","embeddable":true,"href":"https:\/\/cndestetik.ch\/fr\/wp-json\/wp\/v2\/product_cat?post=52798"},{"taxonomy":"product_tag","embeddable":true,"href":"https:\/\/cndestetik.ch\/fr\/wp-json\/wp\/v2\/product_tag?post=52798"}],"curies":[{"name":"wp","href":"https:\/\/api.w.org\/{rel}","templated":true}]}}