{"id":52789,"date":"2020-10-15T11:41:31","date_gmt":"2020-10-15T09:41:31","guid":{"rendered":"https:\/\/cndestetik.ch\/prodotto\/shampooing-doux-pour-le-bain\/"},"modified":"2022-11-15T17:03:16","modified_gmt":"2022-11-15T16:03:16","slug":"shampooing-bain-delicat","status":"publish","type":"product","link":"https:\/\/cndestetik.ch\/fr\/prodotto\/shampooing-bain-delicat\/","title":{"rendered":"Shampooing doux pour le bain"},"content":{"rendered":"<p><span data-sheets-value=\"{\"1\":2,\"2\":\"Adatto a shampoo o bagnetto dei pi\u00f9 piccoli, oppure per pelli e cute delicate.\\n\\nIl suo profumo avvolgente e la sua delicatezza lo rendono il pi\u00f9 valido alleato per le pelli pi\u00f9 sensibili.\\n\\nIngredienti 100% Organici e Naturali\\nVegan\\nCruelty Free\"}\" data-sheets-userformat=\"{\"2\":15297,\"3\":{\"1\":0},\"9\":0,\"10\":2,\"11\":0,\"12\":0,\"14\":{\"1\":2,\"2\":0},\"15\":\"Calibri\",\"16\":11}\">Shampooing adapt\u00e9 au bain des b\u00e9b\u00e9s, ou pour les peaux d\u00e9licates et la peau.<\/span><\/p>\n<p>Son parfum enveloppant et sa douceur en font l&#8217;alli\u00e9 le plus pr\u00e9cieux des peaux les plus sensibles.<\/p>\n<p>Ingr\u00e9dients 100% biologiques et naturels<br \/>\nVegan<br \/>\nSans cruaut\u00e9<\/p>\n","protected":false},"excerpt":{"rendered":"<p>Shampooing adapt\u00e9 aux enfants, mais aussi aux peaux sensibles et \u00e0 la peau.<\/p>\n","protected":false},"featured_media":36743,"template":"","meta":{"_acf_changed":false},"product_brand":[],"product_cat":[1897],"product_tag":[9126,4372,8382,449,606,436],"class_list":{"0":"post-52789","1":"product","2":"type-product","3":"status-publish","4":"has-post-thumbnail","6":"product_cat-enfants","7":"product_tag-delicat-fr","8":"product_tag-enfants","9":"product_tag-enfants-fr","10":"product_tag-rose-dinde","11":"product_tag-shampooing","12":"product_tag-spagyria","14":"first","15":"instock","16":"taxable","17":"shipping-taxable","18":"purchasable","19":"product-type-simple"},"acf":[],"jetpack_sharing_enabled":true,"_links":{"self":[{"href":"https:\/\/cndestetik.ch\/fr\/wp-json\/wp\/v2\/product\/52789","targetHints":{"allow":["GET"]}}],"collection":[{"href":"https:\/\/cndestetik.ch\/fr\/wp-json\/wp\/v2\/product"}],"about":[{"href":"https:\/\/cndestetik.ch\/fr\/wp-json\/wp\/v2\/types\/product"}],"wp:featuredmedia":[{"embeddable":true,"href":"https:\/\/cndestetik.ch\/fr\/wp-json\/wp\/v2\/media\/36743"}],"wp:attachment":[{"href":"https:\/\/cndestetik.ch\/fr\/wp-json\/wp\/v2\/media?parent=52789"}],"wp:term":[{"taxonomy":"product_brand","embeddable":true,"href":"https:\/\/cndestetik.ch\/fr\/wp-json\/wp\/v2\/product_brand?post=52789"},{"taxonomy":"product_cat","embeddable":true,"href":"https:\/\/cndestetik.ch\/fr\/wp-json\/wp\/v2\/product_cat?post=52789"},{"taxonomy":"product_tag","embeddable":true,"href":"https:\/\/cndestetik.ch\/fr\/wp-json\/wp\/v2\/product_tag?post=52789"}],"curies":[{"name":"wp","href":"https:\/\/api.w.org\/{rel}","templated":true}]}}