{"id":52780,"date":"2020-10-15T11:41:22","date_gmt":"2020-10-15T09:41:22","guid":{"rendered":"https:\/\/cndestetik.ch\/prodotto\/oleolite-spagyrique-ongles-et-cuticules\/"},"modified":"2022-11-15T16:54:47","modified_gmt":"2022-11-15T15:54:47","slug":"oleolyte-spagyrique-champignon-et-cuticule","status":"publish","type":"product","link":"https:\/\/cndestetik.ch\/fr\/prodotto\/oleolyte-spagyrique-champignon-et-cuticule\/","title":{"rendered":"Ol\u00e9olite spagyrique Ongles et cuticules"},"content":{"rendered":"<p><span data-sheets-value=\"{\"1\":2,\"2\":\"Con oleoliti spagirici di Lavanda, Calendula, Achillea e Iperico, olio essenziale di Limone e prezioso olio di Rosa Mosqueta. \\nLe attivit\u00e0 cicatrizzanti, antinfiammatorie e rigeneranti degli oleoliti spagirici agiscono in sinergia con le propriet\u00e0 schiarenti e rinforzanti dell'olio essenziale di Limone e dell'olio di Rosa Mosqueta rendendo questo oleolito un prezioso supporto per le unghie e cuticole. Ottimo per le unghie fragili e affaticate da ricostruzioni e per le cuticole delicate e arrossate. Questo prezioso olio agisce stimolando l'irrorazione sanguigna e la rigenerazione dei tessuti. Sfiamma le cuticole arrossate e previene i fastidiosi tagli. Rinforza l'unghia rendendola lucida e bella. Ottimo anche per chi non ama mettersi lo smalto ma vuole dare un effetto luminoso e sano all'unghia. Aiuta ad eliminare le macchie di nicotina ed a schiarire in generale la pelle.\\n\\n\\nNell'oleolito spagirico la pianta \u00e8 stata utilizzata nella sua totalit\u00e0 e completezza, ivi compresi i suoi sali che hanno un'azione terapeutica estremamente potente e rilevante. La tecnica spagirica consente di ottenere oli che hanno la caratteristica di essere attivi e vitali sia sul piano cosmetico che curativo. Ogni Oleolito Spagirico Corpo \u00e8 una preziosa miscela di Oleoliti Spagirici e Oli Essenziali studiata con cura da esperti erboristi per offrire un prodotto specifico ed efficace per le esigenze del corpo\\n\"}\" data-sheets-userformat=\"{\"2\":15297,\"3\":{\"1\":0},\"9\":0,\"10\":2,\"11\":0,\"12\":0,\"14\":{\"1\":2,\"2\":0},\"15\":\"Calibri\",\"16\":11}\">Aux ol\u00e9olites spagyriques de Lavande, Calendula, Achill\u00e9e et Hypericum, \u00e0 l&#8217;huile essentielle de Citron et \u00e0 la pr\u00e9cieuse huile de Rose musqu\u00e9e.<br \/>\nLes activit\u00e9s cicatrisantes, anti-inflammatoires et r\u00e9g\u00e9n\u00e9ratrices des ol\u00e9olites spagyriques agissent en synergie avec les propri\u00e9t\u00e9s \u00e9claircissantes et fortifiantes de l&#8217;huile essentielle de citron et de l&#8217;huile de rose musqu\u00e9e, faisant de cette ol\u00e9olite un soutien pr\u00e9cieux pour les ongles et les cuticules. Excellent pour les ongles fragiles, fatigu\u00e9s par la reconstruction et les cuticules d\u00e9licates et rougies. Cette huile pr\u00e9cieuse agit en stimulant la circulation sanguine et la r\u00e9g\u00e9n\u00e9ration des tissus. Il \u00e9limine les cuticules rougies et pr\u00e9vient les coupures g\u00eanantes. Il renforce l&#8217;ongle, le rend brillant et beau. Convient \u00e9galement \u00e0 celles qui n&#8217;aiment pas porter de vernis \u00e0 ongles mais qui souhaitent donner un effet brillant et sain \u00e0 leurs ongles. Il aide \u00e0 \u00e9liminer les taches de nicotine et \u00e0 \u00e9claircir la peau en g\u00e9n\u00e9ral.<\/span><\/p>\n<p>Dans l&#8217;ol\u00e9olyte spagyrique, la plante est utilis\u00e9e dans sa totalit\u00e9 et son int\u00e9gralit\u00e9, y compris ses sels, qui ont une action th\u00e9rapeutique extr\u00eamement puissante et pertinente. La technique spagyrique permet d&#8217;obtenir des huiles qui ont la particularit\u00e9 d&#8217;\u00eatre actives et vitales tant au niveau cosm\u00e9tique que curatif. Chaque Ol\u00e9olite Spagyrique pour le Corps est un pr\u00e9cieux m\u00e9lange d&#8217;Ol\u00e9olites Spagyriques et d&#8217;Huiles Essentielles soigneusement con\u00e7u par des herboristes experts afin d&#8217;offrir un produit sp\u00e9cifique et efficace pour les besoins du corps.<\/p>\n","protected":false},"excerpt":{"rendered":"<p><span data-sheets-value=\"{\"1\":2,\"2\":\"Con oleoliti spagirici di Lavanda, Calendula, Achillea e Iperico, olio essenziale di Limone e prezioso olio di Rosa Mosqueta. \\nLe attivit\u00e0 cicatrizzanti, antinfiammatorie e rigeneranti degli oleoliti spagirici agiscono in sinergia con le propriet\u00e0 schiarenti e rinforzanti dell'olio essenziale di Limone e dell'olio di Rosa Mosqueta rendendo questo oleolito un prezioso supporto per le unghie e cuticole. Ottimo per le unghie fragili e affaticate da ricostruzioni e per le cuticole delicate e arrossate. Questo prezioso olio agisce stimolando l'irrorazione sanguigna e la rigenerazione dei tessuti. Sfiamma le cuticole arrossate e previene i fastidiosi tagli. Rinforza l'unghia rendendola lucida e bella. Ottimo anche per chi non ama mettersi lo smalto ma vuole dare un effetto luminoso e sano all'unghia. Aiuta ad eliminare le macchie di nicotina ed a schiarire in generale la pelle.\\n\\n\\nNell'oleolito spagirico la pianta \u00e8 stata utilizzata nella sua totalit\u00e0 e completezza, ivi compresi i suoi sali che hanno un'azione terapeutica estremamente potente e rilevante. La tecnica spagirica consente di ottenere oli che hanno la caratteristica di essere attivi e vitali sia sul piano cosmetico che curativo. Ogni Oleolito Spagirico Corpo \u00e8 una preziosa miscela di Oleoliti Spagirici e Oli Essenziali studiata con cura da esperti erboristi per offrire un prodotto specifico ed efficace per le esigenze del corpo\\n\"}\" data-sheets-userformat=\"{\"2\":15297,\"3\":{\"1\":0},\"9\":0,\"10\":2,\"11\":0,\"12\":0,\"14\":{\"1\":2,\"2\":0},\"15\":\"Calibri\",\"16\":11}\">L&#8217;ol\u00e9olite qui aide \u00e0 combattre l&#8217;inflammation des cuticules rougies et \u00e0 pr\u00e9venir les coupures g\u00eanantes.<\/span><\/p>\n","protected":false},"featured_media":37515,"template":"","meta":{"_acf_changed":false},"product_brand":[],"product_cat":[1501],"product_tag":[597,1332,521,8385,2111,1355,480,449],"class_list":{"0":"post-52780","1":"product","2":"type-product","3":"status-publish","4":"has-post-thumbnail","6":"product_cat-nails-manucure-et-pedicure","7":"product_tag-achillee-millefeuille","8":"product_tag-cuticules","9":"product_tag-lavande","10":"product_tag-millepertuis","11":"product_tag-oleolite-fr","12":"product_tag-ongles-fr","13":"product_tag-rosamosqueta-fr","14":"product_tag-rose-dinde","16":"first","17":"instock","18":"taxable","19":"shipping-taxable","20":"purchasable","21":"product-type-simple"},"acf":[],"jetpack_sharing_enabled":true,"_links":{"self":[{"href":"https:\/\/cndestetik.ch\/fr\/wp-json\/wp\/v2\/product\/52780","targetHints":{"allow":["GET"]}}],"collection":[{"href":"https:\/\/cndestetik.ch\/fr\/wp-json\/wp\/v2\/product"}],"about":[{"href":"https:\/\/cndestetik.ch\/fr\/wp-json\/wp\/v2\/types\/product"}],"wp:featuredmedia":[{"embeddable":true,"href":"https:\/\/cndestetik.ch\/fr\/wp-json\/wp\/v2\/media\/37515"}],"wp:attachment":[{"href":"https:\/\/cndestetik.ch\/fr\/wp-json\/wp\/v2\/media?parent=52780"}],"wp:term":[{"taxonomy":"product_brand","embeddable":true,"href":"https:\/\/cndestetik.ch\/fr\/wp-json\/wp\/v2\/product_brand?post=52780"},{"taxonomy":"product_cat","embeddable":true,"href":"https:\/\/cndestetik.ch\/fr\/wp-json\/wp\/v2\/product_cat?post=52780"},{"taxonomy":"product_tag","embeddable":true,"href":"https:\/\/cndestetik.ch\/fr\/wp-json\/wp\/v2\/product_tag?post=52780"}],"curies":[{"name":"wp","href":"https:\/\/api.w.org\/{rel}","templated":true}]}}