{"id":52755,"date":"2020-10-15T11:41:56","date_gmt":"2020-10-15T09:41:56","guid":{"rendered":"https:\/\/cndestetik.ch\/prodotto\/eau-calmante-et-apaisante\/"},"modified":"2022-11-15T17:03:13","modified_gmt":"2022-11-15T16:03:13","slug":"eau-calme-et-apaisante","status":"publish","type":"product","link":"https:\/\/cndestetik.ch\/fr\/prodotto\/eau-calme-et-apaisante\/","title":{"rendered":"Eau calmante et apaisante"},"content":{"rendered":"<p><span data-sheets-value=\"{\"1\":2,\"2\":\"Dona idratazione e freschezza. E' rilassante e calma il prurito della pelle.\\n\\nE' molto semplice da utilizzare, \u00e8 sufficente vaporizzarla direttamente sulla pelle.\\n\\nNon contenendo alcool pu\u00f2 essere vaporizzata anche sul viso, non brucer\u00e0 a contatto con gli occhi.\\n\\nVaporizzala sempre prima di passare un olio o una crema, darai ancora pi\u00f9 idratazione!\\n\\n\\nDurante il processo di distillazione in corrente di vapore delle piante fresche, raccolte nel loro momento balsamico, si ottengono oltre agli oli essenziali, anche gli idrolati, ovvero le acque aromatiche che rimangono impregnate di olio essenziale e di altri principi potenziati.\\nGli idrolati Microcosmo sono semplici e puri, una valida alternativa agli estratti in alcool e agli oli essenziali, che non avendo le stesse controindicazioni, possono essere usati direttamenti sulla pelle, per rinfrescare tonificare e rimuovere impurit\u00e0.\"}\" data-sheets-userformat=\"{\"2\":15297,\"3\":{\"1\":0},\"9\":0,\"10\":2,\"11\":0,\"12\":0,\"14\":{\"1\":2,\"2\":0},\"15\":\"Calibri\",\"16\":11}\">Donne de l&#8217;humidit\u00e9 et de la fra\u00eecheur. Il est relaxant et calme les d\u00e9mangeaisons de la peau.<\/span><\/p>\n<p>Il est tr\u00e8s facile \u00e0 utiliser, il suffit de le vaporiser directement sur la peau.<\/p>\n<p>Ne contenant pas d&#8217;alcool, il peut \u00e9galement \u00eatre vaporis\u00e9 sur le visage et ne br\u00fble pas au contact des yeux.<\/p>\n<p>Vaporisez-le toujours avant d&#8217;appliquer une huile ou une cr\u00e8me, il donnera encore plus d&#8217;hydratation !<\/p>\n<p>Au cours du processus de distillation \u00e0 la vapeur des plantes fra\u00eeches, r\u00e9colt\u00e9es \u00e0 leur moment balsamique, on obtient non seulement des huiles essentielles, mais aussi des hydrolats, c&#8217;est-\u00e0-dire des eaux aromatiques qui restent impr\u00e9gn\u00e9es d&#8217;huile essentielle et d&#8217;autres principes enrichis.<br \/>\nLes hydrolats Microcosmo sont simples et purs, une alternative valable aux extraits d&#8217;alcool et aux huiles essentielles, qui ne pr\u00e9sentent pas les m\u00eames contre-indications et peuvent \u00eatre utilis\u00e9s directement sur la peau pour rafra\u00eechir, tonifier et \u00e9liminer les impuret\u00e9s.<\/p>\n<p>Taille : 100ml<\/p>\n","protected":false},"excerpt":{"rendered":"<p>Eau apaisante, utile pour calmer les d\u00e9mangeaisons. Peut \u00e9galement \u00eatre appliqu\u00e9 sur le visage.<\/p>\n","protected":false},"featured_media":36740,"template":"","meta":{"_acf_changed":false},"product_brand":[],"product_cat":[1897],"product_tag":[4182,4116,3646,4169,3564,436,765],"class_list":{"0":"post-52755","1":"product","2":"type-product","3":"status-publish","4":"has-post-thumbnail","6":"product_cat-enfants","7":"product_tag-apaisant-fr-3","8":"product_tag-apaisant-fr","9":"product_tag-detente","10":"product_tag-eau","11":"product_tag-prurito-fr","12":"product_tag-spagyria","13":"product_tag-visage","15":"first","16":"instock","17":"taxable","18":"shipping-taxable","19":"purchasable","20":"product-type-simple"},"acf":[],"jetpack_sharing_enabled":true,"_links":{"self":[{"href":"https:\/\/cndestetik.ch\/fr\/wp-json\/wp\/v2\/product\/52755","targetHints":{"allow":["GET"]}}],"collection":[{"href":"https:\/\/cndestetik.ch\/fr\/wp-json\/wp\/v2\/product"}],"about":[{"href":"https:\/\/cndestetik.ch\/fr\/wp-json\/wp\/v2\/types\/product"}],"wp:featuredmedia":[{"embeddable":true,"href":"https:\/\/cndestetik.ch\/fr\/wp-json\/wp\/v2\/media\/36740"}],"wp:attachment":[{"href":"https:\/\/cndestetik.ch\/fr\/wp-json\/wp\/v2\/media?parent=52755"}],"wp:term":[{"taxonomy":"product_brand","embeddable":true,"href":"https:\/\/cndestetik.ch\/fr\/wp-json\/wp\/v2\/product_brand?post=52755"},{"taxonomy":"product_cat","embeddable":true,"href":"https:\/\/cndestetik.ch\/fr\/wp-json\/wp\/v2\/product_cat?post=52755"},{"taxonomy":"product_tag","embeddable":true,"href":"https:\/\/cndestetik.ch\/fr\/wp-json\/wp\/v2\/product_tag?post=52755"}],"curies":[{"name":"wp","href":"https:\/\/api.w.org\/{rel}","templated":true}]}}