{"id":52750,"date":"2020-10-15T11:41:46","date_gmt":"2020-10-15T09:41:46","guid":{"rendered":"https:\/\/cndestetik.ch\/prodotto\/pommade-spagyrique-apaisante\/"},"modified":"2022-11-15T17:03:13","modified_gmt":"2022-11-15T16:03:13","slug":"oleolyte-spagyrique-apaisant","status":"publish","type":"product","link":"https:\/\/cndestetik.ch\/fr\/prodotto\/oleolyte-spagyrique-apaisant\/","title":{"rendered":"Pommade spagyrique apaisante"},"content":{"rendered":"<p><span data-sheets-value=\"{\"1\":2,\"2\":\"Ottimo quotidianamente durante il cambio del pannolino, lenisce ed evita gli arrossamenti.\\n\\nMolto utile anche in caso di irritazioni cutanee, sfoghi, pruriti; lo puoi utilizzare in combinazione con l'olio di mandorla oppure anche da solo.\\n\\nIngredienti 100% Organici e Naturali\\nVegan\\nCruelty Free\"}\" data-sheets-userformat=\"{\"2\":15297,\"3\":{\"1\":0},\"9\":0,\"10\":2,\"11\":0,\"12\":0,\"14\":{\"1\":2,\"2\":0},\"15\":\"Calibri\",\"16\":11}\">Excellent au quotidien lors des changements de couches, il apaise et pr\u00e9vient les rougeurs.<\/span><\/p>\n<p>Elle est \u00e9galement tr\u00e8s utile en cas d&#8217;irritations de la peau, d&#8217;\u00e9ruptions cutan\u00e9es, de d\u00e9mangeaisons ; vous pouvez l&#8217;utiliser en combinaison avec l&#8217;huile d&#8217;amande ou \u00e9galement seule.<\/p>\n<p><span data-sheets-value=\"{\"1\":2,\"2\":\"Ottimo quotidianamente durante il cambio del pannolino, lenisce ed evita gli arrossamenti.\\n\\nMolto utile anche in caso di irritazioni cutanee, sfoghi, pruriti; lo puoi utilizzare in combinazione con l'olio di mandorla oppure anche da solo.\\n\\nIngredienti 100% Organici e Naturali\\nVegan\\nCruelty Free\"}\" data-sheets-userformat=\"{\"2\":15297,\"3\":{\"1\":0},\"9\":0,\"10\":2,\"11\":0,\"12\":0,\"14\":{\"1\":2,\"2\":0},\"15\":\"Calibri\",\"16\":11}\">Taille : 50ml<\/span><\/p>\n<p>Ingr\u00e9dients 100% biologiques et naturels<br \/>\nVegan<br \/>\nSans cruaut\u00e9<\/p>\n","protected":false},"excerpt":{"rendered":"<p>Huile huileuse apaisante, aide \u00e0 pr\u00e9venir les rougeurs et les irritations de la peau.<\/p>\n","protected":false},"featured_media":36737,"template":"","meta":{"_acf_changed":false},"product_brand":[],"product_cat":[1897,9906],"product_tag":[577,9098,9097,4372,8382,9096,3564,9095,436],"class_list":{"0":"post-52750","1":"product","2":"type-product","3":"status-publish","4":"has-post-thumbnail","6":"product_cat-enfants","7":"product_cat-oiseau-rose","8":"product_tag-apaisant","9":"product_tag-couche-culotte","10":"product_tag-demangeaisons","11":"product_tag-enfants","12":"product_tag-enfants-fr","13":"product_tag-explosions","14":"product_tag-prurito-fr","15":"product_tag-rougissement-fr","16":"product_tag-spagyria","18":"first","19":"instock","20":"taxable","21":"shipping-taxable","22":"purchasable","23":"product-type-simple"},"acf":[],"jetpack_sharing_enabled":true,"_links":{"self":[{"href":"https:\/\/cndestetik.ch\/fr\/wp-json\/wp\/v2\/product\/52750","targetHints":{"allow":["GET"]}}],"collection":[{"href":"https:\/\/cndestetik.ch\/fr\/wp-json\/wp\/v2\/product"}],"about":[{"href":"https:\/\/cndestetik.ch\/fr\/wp-json\/wp\/v2\/types\/product"}],"wp:featuredmedia":[{"embeddable":true,"href":"https:\/\/cndestetik.ch\/fr\/wp-json\/wp\/v2\/media\/36737"}],"wp:attachment":[{"href":"https:\/\/cndestetik.ch\/fr\/wp-json\/wp\/v2\/media?parent=52750"}],"wp:term":[{"taxonomy":"product_brand","embeddable":true,"href":"https:\/\/cndestetik.ch\/fr\/wp-json\/wp\/v2\/product_brand?post=52750"},{"taxonomy":"product_cat","embeddable":true,"href":"https:\/\/cndestetik.ch\/fr\/wp-json\/wp\/v2\/product_cat?post=52750"},{"taxonomy":"product_tag","embeddable":true,"href":"https:\/\/cndestetik.ch\/fr\/wp-json\/wp\/v2\/product_tag?post=52750"}],"curies":[{"name":"wp","href":"https:\/\/api.w.org\/{rel}","templated":true}]}}