{"id":52738,"date":"2020-10-15T11:44:02","date_gmt":"2020-10-15T09:44:02","guid":{"rendered":"https:\/\/cndestetik.ch\/prodotto\/creme-pour-le-traitement-de-la-cellulite\/"},"modified":"2025-02-07T09:00:24","modified_gmt":"2025-02-07T08:00:24","slug":"creme-cellulite-traitement","status":"publish","type":"product","link":"https:\/\/cndestetik.ch\/fr\/prodotto\/creme-cellulite-traitement\/","title":{"rendered":"Cr\u00e8me pour le traitement de la cellulite"},"content":{"rendered":"<p>I<span data-sheets-value=\"{\"1\":2,\"2\":\"Stimola il drenaggio dei liquidi lasciando una piacevole sensazione di leggerezza.\\n\\nE' ottima da utilizzare dopo un trattamento domestico come il bagno con i sali di epsom, oppure un fango snellente ... ma anche come mantenimento nella lotta contro la lipolisi.\\nL'ideale sarebbe utilizzarla sempre dopo la doccia, con la pelle leggermente umida che favorisce il suo assorbimento.\\n\\nE' molto consigliata anche alle donne in gravidanza, da applicare soprattutto sulle cosce, in quanto maniene la pelle molto elastica e di conseguenza riducono il rischio di formazione di smagliature.\"}\" data-sheets-userformat=\"{\"2\":15297,\"3\":{\"1\":0},\"9\":0,\"10\":2,\"11\":0,\"12\":0,\"14\":{\"1\":2,\"2\":0},\"15\":\"Calibri\",\"16\":11}\">l stimule le drainage des liquides, laissant une agr\u00e9able sensation de l\u00e9g\u00e8ret\u00e9.<\/span> Il est excellent \u00e0 utiliser apr\u00e8s un traitement \u00e0 domicile tel qu&#8217;un bain aux sels d&#8217;Epsom ou une boue amincissante, mais aussi en entretien dans la lutte contre la lipolyse. Id\u00e9alement, il devrait toujours \u00eatre utilis\u00e9 apr\u00e8s une douche, avec la peau l\u00e9g\u00e8rement humide, ce qui favorise son absorption. Il est \u00e9galement fortement recommand\u00e9 aux femmes enceintes, \u00e0 appliquer surtout sur les cuisses, car il maintient la peau tr\u00e8s \u00e9lastique et r\u00e9duit par cons\u00e9quent le risque d&#8217;apparition de vergetures.<\/p>\n","protected":false},"excerpt":{"rendered":"<p>Cr\u00e8me qui peut \u00eatre utilis\u00e9e apr\u00e8s un bain avec des sels d&#8217;epsom ou de la boue amincissante.<\/p>\n","protected":false},"featured_media":37406,"template":"","meta":{"_acf_changed":false},"product_brand":[],"product_cat":[12987,1494,12982],"product_tag":[3600,3834,2021,500,436,1028],"class_list":{"0":"post-52738","1":"product","2":"type-product","3":"status-publish","4":"has-post-thumbnail","6":"product_cat-corps","7":"product_cat-cosmetiques","8":"product_cat-microcosme","9":"product_tag-cellulite-fr","10":"product_tag-creme","11":"product_tag-drainant","12":"product_tag-romarin","13":"product_tag-spagyria","14":"product_tag-traitement","15":"pa_formato-200ml-fr","16":"pa_formato-500ml-fr","18":"first","19":"instock","20":"taxable","21":"shipping-taxable","22":"purchasable","23":"product-type-variable","24":"has-default-attributes"},"acf":[],"jetpack_sharing_enabled":true,"_links":{"self":[{"href":"https:\/\/cndestetik.ch\/fr\/wp-json\/wp\/v2\/product\/52738","targetHints":{"allow":["GET"]}}],"collection":[{"href":"https:\/\/cndestetik.ch\/fr\/wp-json\/wp\/v2\/product"}],"about":[{"href":"https:\/\/cndestetik.ch\/fr\/wp-json\/wp\/v2\/types\/product"}],"wp:featuredmedia":[{"embeddable":true,"href":"https:\/\/cndestetik.ch\/fr\/wp-json\/wp\/v2\/media\/37406"}],"wp:attachment":[{"href":"https:\/\/cndestetik.ch\/fr\/wp-json\/wp\/v2\/media?parent=52738"}],"wp:term":[{"taxonomy":"product_brand","embeddable":true,"href":"https:\/\/cndestetik.ch\/fr\/wp-json\/wp\/v2\/product_brand?post=52738"},{"taxonomy":"product_cat","embeddable":true,"href":"https:\/\/cndestetik.ch\/fr\/wp-json\/wp\/v2\/product_cat?post=52738"},{"taxonomy":"product_tag","embeddable":true,"href":"https:\/\/cndestetik.ch\/fr\/wp-json\/wp\/v2\/product_tag?post=52738"}],"curies":[{"name":"wp","href":"https:\/\/api.w.org\/{rel}","templated":true}]}}