{"id":52735,"date":"2020-10-15T11:44:25","date_gmt":"2020-10-15T09:44:25","guid":{"rendered":"https:\/\/cndestetik.ch\/prodotto\/serum-dhydratation-intense-a-lacide-hyaluronique\/"},"modified":"2025-02-07T08:28:30","modified_gmt":"2025-02-07T07:28:30","slug":"serum-acide-hyaluronique-hydratation-intense","status":"publish","type":"product","link":"https:\/\/cndestetik.ch\/fr\/prodotto\/serum-acide-hyaluronique-hydratation-intense\/","title":{"rendered":"S\u00e9rum d&#8217;hydratation intense \u00e0 l&#8217;acide hyaluronique"},"content":{"rendered":"<p><span data-sheets-value=\"{\"1\":2,\"2\":\"I sieri all'acido ialuronico sono da applicare prima della crema o dell'oleolito viso, ottimi durante un trattamento e da consigliare per l'utilizzo quotidiano a casa. Caratterizzati da un ottimo assorbimento, se applicati a fine trattamento generano un leggero effetto tensore sulla pelle.\\nContiene Acido Ialuronico ed Estratto Spagirico di Calendula. Ottima l'azione idratante e cicatrizzante data dall'abbinamento con l'estratto spagirico di Calendula. Adatto a tutti i tipi di pelle, idrata e lenisce in profondit\u00e0. In abbinamento con la crema idratazione intensa.\"}\" data-sheets-userformat=\"{\"2\":15297,\"3\":{\"1\":0},\"9\":0,\"10\":2,\"11\":0,\"12\":0,\"14\":{\"1\":2,\"2\":0},\"15\":\"Calibri\",\"16\":11}\">Les s\u00e9rums d&#8217;acide hyaluronique sont \u00e0 appliquer avant la cr\u00e8me ou l&#8217;huile pour le visage. Ils sont excellents pendant un traitement et recommand\u00e9s pour une utilisation quotidienne \u00e0 la maison. Caract\u00e9ris\u00e9es par une excellente absorption, elles g\u00e9n\u00e8rent, lorsqu&#8217;elles sont appliqu\u00e9es \u00e0 la fin du traitement, un l\u00e9ger effet tenseur sur la peau.<br \/>\n<\/span><\/p>\n<p><span data-sheets-value=\"{\"1\":2,\"2\":\"I sieri all'acido ialuronico sono da applicare prima della crema o dell'oleolito viso, ottimi durante un trattamento e da consigliare per l'utilizzo quotidiano a casa. Caratterizzati da un ottimo assorbimento, se applicati a fine trattamento generano un leggero effetto tensore sulla pelle.\\nContiene Acido Ialuronico ed Estratto Spagirico di Calendula. Ottima l'azione idratante e cicatrizzante data dall'abbinamento con l'estratto spagirico di Calendula. Adatto a tutti i tipi di pelle, idrata e lenisce in profondit\u00e0. In abbinamento con la crema idratazione intensa.\"}\" data-sheets-userformat=\"{\"2\":15297,\"3\":{\"1\":0},\"9\":0,\"10\":2,\"11\":0,\"12\":0,\"14\":{\"1\":2,\"2\":0},\"15\":\"Calibri\",\"16\":11}\">Contient de l&#8217;acide hyaluronique et de l&#8217;extrait de souci spagyrique. L&#8217;action hydratante et cicatrisante de la combinaison avec l&#8217;extrait spagyrique de Calendula est excellente.  <\/span><\/p>\n<p><span data-sheets-value=\"{\"1\":2,\"2\":\"I sieri all'acido ialuronico sono da applicare prima della crema o dell'oleolito viso, ottimi durante un trattamento e da consigliare per l'utilizzo quotidiano a casa. Caratterizzati da un ottimo assorbimento, se applicati a fine trattamento generano un leggero effetto tensore sulla pelle.\\nContiene Acido Ialuronico ed Estratto Spagirico di Calendula. Ottima l'azione idratante e cicatrizzante data dall'abbinamento con l'estratto spagirico di Calendula. Adatto a tutti i tipi di pelle, idrata e lenisce in profondit\u00e0. In abbinamento con la crema idratazione intensa.\"}\" data-sheets-userformat=\"{\"2\":15297,\"3\":{\"1\":0},\"9\":0,\"10\":2,\"11\":0,\"12\":0,\"14\":{\"1\":2,\"2\":0},\"15\":\"Calibri\",\"16\":11}\">Adapt\u00e9 \u00e0 tous les types de peau, il hydrate et apaise en profondeur. En combinaison avec la cr\u00e8me hydratante intense.<\/span><\/p>\n","protected":false},"excerpt":{"rendered":"<p><span data-sheets-value=\"{\"1\":2,\"2\":\"I sieri all'acido ialuronico sono da applicare prima della crema o dell'oleolito viso, ottimi durante un trattamento e da consigliare per l'utilizzo quotidiano a casa. Caratterizzati da un ottimo assorbimento, se applicati a fine trattamento generano un leggero effetto tensore sulla pelle.\\nContiene Acido Ialuronico ed Estratto Spagirico di Calendula. Ottima l'azione idratante e cicatrizzante data dall'abbinamento con l'estratto spagirico di Calendula. Adatto a tutti i tipi di pelle, idrata e lenisce in profondit\u00e0. In abbinamento con la crema idratazione intensa.\"}\" data-sheets-userformat=\"{\"2\":15297,\"3\":{\"1\":0},\"9\":0,\"10\":2,\"11\":0,\"12\":0,\"14\":{\"1\":2,\"2\":0},\"15\":\"Calibri\",\"16\":11}\">Un s\u00e9rum qui hydrate et apaise en profondeur. Contient de l&#8217;acide hyaluronique et de l&#8217;extrait de souci spagyrique.<\/span><\/p>\n","protected":false},"featured_media":37388,"template":"","meta":{"_acf_changed":false},"product_brand":[],"product_cat":[1494,12982,12989],"product_tag":[8951,2166,593,9088,4098,8379,9090,449,7568,4831],"class_list":{"0":"post-52735","1":"product","2":"type-product","3":"status-publish","4":"has-post-thumbnail","6":"product_cat-cosmetiques","7":"product_cat-microcosme","8":"product_cat-visage","9":"product_tag-acide","10":"product_tag-acide-hyaluronique-fr","11":"product_tag-creme-hydratante","12":"product_tag-extrait","13":"product_tag-hydratation","14":"product_tag-intense","15":"product_tag-oeillets-dinde-fr","16":"product_tag-rose-dinde","17":"product_tag-serum-fr-2","18":"product_tag-spagyrique","20":"first","21":"instock","22":"taxable","23":"shipping-taxable","24":"purchasable","25":"product-type-simple"},"acf":[],"jetpack_sharing_enabled":true,"_links":{"self":[{"href":"https:\/\/cndestetik.ch\/fr\/wp-json\/wp\/v2\/product\/52735","targetHints":{"allow":["GET"]}}],"collection":[{"href":"https:\/\/cndestetik.ch\/fr\/wp-json\/wp\/v2\/product"}],"about":[{"href":"https:\/\/cndestetik.ch\/fr\/wp-json\/wp\/v2\/types\/product"}],"wp:featuredmedia":[{"embeddable":true,"href":"https:\/\/cndestetik.ch\/fr\/wp-json\/wp\/v2\/media\/37388"}],"wp:attachment":[{"href":"https:\/\/cndestetik.ch\/fr\/wp-json\/wp\/v2\/media?parent=52735"}],"wp:term":[{"taxonomy":"product_brand","embeddable":true,"href":"https:\/\/cndestetik.ch\/fr\/wp-json\/wp\/v2\/product_brand?post=52735"},{"taxonomy":"product_cat","embeddable":true,"href":"https:\/\/cndestetik.ch\/fr\/wp-json\/wp\/v2\/product_cat?post=52735"},{"taxonomy":"product_tag","embeddable":true,"href":"https:\/\/cndestetik.ch\/fr\/wp-json\/wp\/v2\/product_tag?post=52735"}],"curies":[{"name":"wp","href":"https:\/\/api.w.org\/{rel}","templated":true}]}}