{"id":52731,"date":"2020-10-15T11:44:22","date_gmt":"2020-10-15T09:44:22","guid":{"rendered":"https:\/\/cndestetik.ch\/prodotto\/serum-a-lacide-hyaluronique-contour-des-yeux-et-des-levres\/"},"modified":"2025-02-07T08:28:25","modified_gmt":"2025-02-07T07:28:25","slug":"serum-acide-hyaluronique-levres-et-levres","status":"publish","type":"product","link":"https:\/\/cndestetik.ch\/fr\/prodotto\/serum-acide-hyaluronique-levres-et-levres\/","title":{"rendered":"S\u00e9rum \u00e0 l&#8217;acide hyaluronique Contour des yeux et des l\u00e8vres"},"content":{"rendered":"<p><span data-sheets-value=\"{\"1\":2,\"2\":\"I sieri all'acido ialuronico sono da applicare prima della crema o dell'oleolito viso, ottimi durante un trattamento e da consigliare per l'utilizzo quotidiano a casa. Caratterizzati da un ottimo assorbimento, se applicati a fine trattamento generano un leggero effetto tensore sulla pelle.\\nContiene Acido Ialuronico ed Estratto Spagirico di Echinacea. Adatto su tutto il viso, ma specifico per le rughe nei punti pi\u00f9 sollecitati dalle espressioni. Ottimo per combattere l'invecchiamento cutaneo; agisce come rigeneratore cellulare. Dona un piacevole effetto tensore e fresco molto benefico per occhi affaticati e stanchi.\"}\" data-sheets-userformat=\"{\"2\":15297,\"3\":{\"1\":0},\"9\":0,\"10\":2,\"11\":0,\"12\":0,\"14\":{\"1\":2,\"2\":0},\"15\":\"Calibri\",\"16\":11}\">Les s\u00e9rums d&#8217;acide hyaluronique sont \u00e0 appliquer avant la cr\u00e8me ou l&#8217;huile pour le visage. Ils sont excellents pendant un traitement et recommand\u00e9s pour une utilisation quotidienne \u00e0 la maison. Caract\u00e9ris\u00e9es par une excellente absorption, elles g\u00e9n\u00e8rent, lorsqu&#8217;elles sont appliqu\u00e9es \u00e0 la fin du traitement, un l\u00e9ger effet tenseur sur la peau.<br \/>\n<\/span><\/p>\n<p><span data-sheets-value=\"{\"1\":2,\"2\":\"I sieri all'acido ialuronico sono da applicare prima della crema o dell'oleolito viso, ottimi durante un trattamento e da consigliare per l'utilizzo quotidiano a casa. Caratterizzati da un ottimo assorbimento, se applicati a fine trattamento generano un leggero effetto tensore sulla pelle.\\nContiene Acido Ialuronico ed Estratto Spagirico di Echinacea. Adatto su tutto il viso, ma specifico per le rughe nei punti pi\u00f9 sollecitati dalle espressioni. Ottimo per combattere l'invecchiamento cutaneo; agisce come rigeneratore cellulare. Dona un piacevole effetto tensore e fresco molto benefico per occhi affaticati e stanchi.\"}\" data-sheets-userformat=\"{\"2\":15297,\"3\":{\"1\":0},\"9\":0,\"10\":2,\"11\":0,\"12\":0,\"14\":{\"1\":2,\"2\":0},\"15\":\"Calibri\",\"16\":11}\">Contient de l&#8217;acide hyaluronique et de l&#8217;extrait d&#8217;\u00e9chinac\u00e9e spagyrique. Convient \u00e0 l&#8217;ensemble du visage, mais sp\u00e9cifiquement aux rides des zones les plus affect\u00e9es par les expressions.  <\/span><\/p>\n<p><span data-sheets-value=\"{\"1\":2,\"2\":\"I sieri all'acido ialuronico sono da applicare prima della crema o dell'oleolito viso, ottimi durante un trattamento e da consigliare per l'utilizzo quotidiano a casa. Caratterizzati da un ottimo assorbimento, se applicati a fine trattamento generano un leggero effetto tensore sulla pelle.\\nContiene Acido Ialuronico ed Estratto Spagirico di Echinacea. Adatto su tutto il viso, ma specifico per le rughe nei punti pi\u00f9 sollecitati dalle espressioni. Ottimo per combattere l'invecchiamento cutaneo; agisce come rigeneratore cellulare. Dona un piacevole effetto tensore e fresco molto benefico per occhi affaticati e stanchi.\"}\" data-sheets-userformat=\"{\"2\":15297,\"3\":{\"1\":0},\"9\":0,\"10\":2,\"11\":0,\"12\":0,\"14\":{\"1\":2,\"2\":0},\"15\":\"Calibri\",\"16\":11}\">Excellent pour lutter contre le vieillissement de la peau ; agit comme un r\u00e9g\u00e9n\u00e9rateur de cellules. Il procure un agr\u00e9able effet tenseur et rafra\u00eechissant, tr\u00e8s b\u00e9n\u00e9fique pour les yeux fatigu\u00e9s et fatigants.<\/span><\/p>\n<p>Taille : 30ml<\/p>\n","protected":false},"excerpt":{"rendered":"<p>S\u00e9rum \u00e0 l&#8217;<span data-sheets-value=\"{\"1\":2,\"2\":\"I sieri all'acido ialuronico sono da applicare prima della crema o dell'oleolito viso, ottimi durante un trattamento e da consigliare per l'utilizzo quotidiano a casa. Caratterizzati da un ottimo assorbimento, se applicati a fine trattamento generano un leggero effetto tensore sulla pelle.\\nContiene Acido Ialuronico ed Estratto Spagirico di Echinacea. Adatto su tutto il viso, ma specifico per le rughe nei punti pi\u00f9 sollecitati dalle espressioni. Ottimo per combattere l'invecchiamento cutaneo; agisce come rigeneratore cellulare. Dona un piacevole effetto tensore e fresco molto benefico per occhi affaticati e stanchi.\"}\" data-sheets-userformat=\"{\"2\":15297,\"3\":{\"1\":0},\"9\":0,\"10\":2,\"11\":0,\"12\":0,\"14\":{\"1\":2,\"2\":0},\"15\":\"Calibri\",\"16\":11}\">extrait d&#8217;Echinacea spagyric<\/span>.<\/p>\n","protected":false},"featured_media":37391,"template":"","meta":{"_acf_changed":false},"product_brand":[],"product_cat":[1494,12982,12989],"product_tag":[8951,2166,8381,7311,745,7568,729],"class_list":{"0":"post-52731","1":"product","2":"type-product","3":"status-publish","4":"has-post-thumbnail","6":"product_cat-cosmetiques","7":"product_cat-microcosme","8":"product_cat-visage","9":"product_tag-acide","10":"product_tag-acide-hyaluronique-fr","11":"product_tag-contour-fr-2","12":"product_tag-echinacee","13":"product_tag-levres","14":"product_tag-serum-fr-2","15":"product_tag-yeux","17":"first","18":"instock","19":"taxable","20":"shipping-taxable","21":"purchasable","22":"product-type-simple"},"acf":[],"jetpack_sharing_enabled":true,"_links":{"self":[{"href":"https:\/\/cndestetik.ch\/fr\/wp-json\/wp\/v2\/product\/52731","targetHints":{"allow":["GET"]}}],"collection":[{"href":"https:\/\/cndestetik.ch\/fr\/wp-json\/wp\/v2\/product"}],"about":[{"href":"https:\/\/cndestetik.ch\/fr\/wp-json\/wp\/v2\/types\/product"}],"wp:featuredmedia":[{"embeddable":true,"href":"https:\/\/cndestetik.ch\/fr\/wp-json\/wp\/v2\/media\/37391"}],"wp:attachment":[{"href":"https:\/\/cndestetik.ch\/fr\/wp-json\/wp\/v2\/media?parent=52731"}],"wp:term":[{"taxonomy":"product_brand","embeddable":true,"href":"https:\/\/cndestetik.ch\/fr\/wp-json\/wp\/v2\/product_brand?post=52731"},{"taxonomy":"product_cat","embeddable":true,"href":"https:\/\/cndestetik.ch\/fr\/wp-json\/wp\/v2\/product_cat?post=52731"},{"taxonomy":"product_tag","embeddable":true,"href":"https:\/\/cndestetik.ch\/fr\/wp-json\/wp\/v2\/product_tag?post=52731"}],"curies":[{"name":"wp","href":"https:\/\/api.w.org\/{rel}","templated":true}]}}