{"id":52726,"date":"2020-10-15T11:43:58","date_gmt":"2020-10-15T09:43:58","guid":{"rendered":"https:\/\/cndestetik.ch\/prodotto\/huile-de-monoi\/"},"modified":"2025-01-23T09:41:14","modified_gmt":"2025-01-23T08:41:14","slug":"huile-de-monoi","status":"publish","type":"product","link":"https:\/\/cndestetik.ch\/fr\/prodotto\/huile-de-monoi\/","title":{"rendered":"Huile de mono\u00ef"},"content":{"rendered":"<p><span data-sheets-value=\"{\"1\":2,\"2\":\"L'olio ed il burro di Monoi vengono ottenuti dalla macerazione del fiore di Tiar\u00e8 in purissimo olio di cocco. Il Tiar\u00e8 \u00e8 un fiore bianco originario della Polinesia, ha un profumo dolce e delicato.\\nL'Olio di Monoi contiene una piccola percentuale di olio di mandorle per mantenerlo allo stato liquido sempre, sia d'estate che d'inverno.\\nIl burro di Monoi \u00e8 solido in inverno e si scioglie in estate quando la temperatura supera i 25\u00b0.\\nLe propriet\u00e0 sono le stesse, adatti per il corpo e per i capelli, \u00e8 un prodotto molto versatile indicate per tutti i tipi di pelle.\\nLa composizione chimica dell'olio di cocco si caratterizza per una prevelenza di acidi saturi a catena breve dalle notevoli propriet\u00e0 antimicrobiche. Oltre alle caratteristiche antibatteriche e antimicotiche, possiede notevoli capacit\u00e0 idratanti, nutrienti ed elasticizzanti dei tessuti. E' un ottimo antirughe in quanto contiene vitamina E, uno dei pi\u00f9 importanti antiossidanti e grazie al suo dolce profumo \u00e8 apprezzato dalle donne con il quale si sentono coccolate. Ha una texture molto morbida, scorre piacevolmente sulla pelle e si assorbe facilmente, per questo \u00e8 un eccellente prodotto sia da cabina che da rivendita. L'utilizzo del burro\/olio di monoi, nella moderna dermatologia e cosmetica, \u00e8 importante per le sue propriet\u00e0: antisettiche, antimicotiche, emollienti, elasticizzanti, antirughe, idratanti e lenitive.Idoneo a tutti i tipi di pelle, anche quelle pi\u00f9 sensibili e con prurito; capelli; ottimo per l'estate, aiuta a mantenere l'abbronzatura.\\n\\nConsigli per l'utilizzo:\\n-Sul corpo e sul viso per un'idratazione quotidiana. Adatto anche per le pelli dei neonati.\\n-Pi\u00f9 generosamente sul viso per una maschera di bellezza\\n-Come impacco prima dello shampoo su tutta la lunghezza dei capelli (in posa per 20\/30 min.)\\n-Come impacco su mani e piedi con pelle particolarmente secca (in posa con guanto di cotone o pellicola)\\nCome doposole per mantenere l'abbronzatura, l'idratazione e per prevenire le rughe\\n\"}\" data-sheets-userformat=\"{\"2\":15297,\"3\":{\"1\":0},\"9\":0,\"10\":2,\"11\":0,\"12\":0,\"14\":{\"1\":2,\"2\":0},\"15\":\"Calibri\",\"16\":11}\" data-sheets-textstyleruns=\"{\"1\":0}\uee10{\"1\":197,\"2\":{\"5\":1}}\uee10{\"1\":213}\uee10{\"1\":336,\"2\":{\"5\":1}}\uee10{\"1\":354}\">L&#8217;huile et le beurre de mono\u00ef sont obtenus en faisant mac\u00e9rer la fleur de tiar\u00e9 dans de l&#8217;huile de coco pure. Le Tiare est une fleur blanche originaire de Polyn\u00e9sie et poss\u00e8de un parfum doux et d\u00e9licat.<br \/>\nL&#8217;huile de mono\u00ef contient un petit pourcentage d&#8217;huile d&#8217;amande pour la maintenir \u00e0 l&#8217;\u00e9tat liquide \u00e0 tout moment, \u00e9t\u00e9 comme hiver.<br \/>\nLe beurre de mono\u00ef est solide en hiver et fond en \u00e9t\u00e9 lorsque la temp\u00e9rature d\u00e9passe 25\u00b0.<br \/>\nLes propri\u00e9t\u00e9s sont les m\u00eames, adapt\u00e9es au corps et aux cheveux, c&#8217;est un produit tr\u00e8s polyvalent qui convient \u00e0 tous les types de peau.<br \/>\nLa composition chimique de l&#8217;huile de coco se caract\u00e9rise par une pr\u00e9dominance d&#8217;acides satur\u00e9s \u00e0 cha\u00eene courte aux propri\u00e9t\u00e9s antimicrobiennes remarquables. En plus de ses propri\u00e9t\u00e9s antibact\u00e9riennes et antifongiques, il poss\u00e8de des capacit\u00e9s consid\u00e9rables d&#8217;hydratation, de nutrition et d&#8217;\u00e9lasticit\u00e9 des tissus. C&#8217;est un excellent agent anti-rides car il contient de la vitamine E, l&#8217;un des antioxydants les plus importants, et gr\u00e2ce \u00e0 son doux parfum, il est appr\u00e9ci\u00e9 des femmes avec lesquelles elles se sentent choy\u00e9es. Sa texture est tr\u00e8s douce, elle glisse agr\u00e9ablement sur la peau et s&#8217;absorbe facilement, ce qui en fait un excellent produit pour la cabine et la revente. L&#8217;utilisation du beurre et de l&#8217;huile de mono\u00ef dans la dermatologie et les cosm\u00e9tiques modernes est importante pour ses propri\u00e9t\u00e9s antiseptiques, antifongiques, \u00e9mollientes, \u00e9lastiques, anti-rides, hydratantes et apaisantes. Convient \u00e0 tous les types de peau, m\u00eame les plus sensibles et les plus sujets aux d\u00e9mangeaisons ; cheveux ; id\u00e9al pour l&#8217;\u00e9t\u00e9, aide \u00e0 maintenir le bronzage.<\/span><\/p>\n<p>Recommandations d&#8217;utilisation : -Sur le corps et le visage pour une hydratation quotidienne.<\/p>\n<p>Plus g\u00e9n\u00e9reusement sur le visage pour un masque de beaut\u00e9 -En pack avant le shampooing sur toute la longueur des cheveux (laisser agir 20\/30 min.) -En pack sur les mains et les pieds \u00e0 la peau particuli\u00e8rement s\u00e8che (laisser agir avec un gant ou un film en coton) -En soin apr\u00e8s-soleil pour entretenir le bronzage, hydrater et pr\u00e9venir les rides. <\/p>\n","protected":false},"excerpt":{"rendered":"<p>Huile de mono\u00ef, disponible en deux formats diff\u00e9rents.<\/p>\n","protected":false},"featured_media":37409,"template":"","meta":{"_acf_changed":false},"product_brand":[],"product_cat":[12987,1494,1925,1897,12982,9906],"product_tag":[587,2184,421,436,9406],"class_list":{"0":"post-52726","1":"product","2":"type-product","3":"status-publish","4":"has-post-thumbnail","6":"product_cat-corps","7":"product_cat-cosmetiques","8":"product_cat-determination","9":"product_cat-enfants","10":"product_cat-microcosme","11":"product_cat-oiseau-rose","12":"product_tag-anti-rides","13":"product_tag-huile-fr","14":"product_tag-monoi-fr","15":"product_tag-spagyria","16":"product_tag-tiare-fr","17":"pa_formato-100ml-fr","18":"pa_formato-200ml-fr","20":"first","21":"instock","22":"taxable","23":"shipping-taxable","24":"purchasable","25":"product-type-variable","26":"has-default-attributes"},"acf":[],"jetpack_sharing_enabled":true,"_links":{"self":[{"href":"https:\/\/cndestetik.ch\/fr\/wp-json\/wp\/v2\/product\/52726","targetHints":{"allow":["GET"]}}],"collection":[{"href":"https:\/\/cndestetik.ch\/fr\/wp-json\/wp\/v2\/product"}],"about":[{"href":"https:\/\/cndestetik.ch\/fr\/wp-json\/wp\/v2\/types\/product"}],"wp:featuredmedia":[{"embeddable":true,"href":"https:\/\/cndestetik.ch\/fr\/wp-json\/wp\/v2\/media\/37409"}],"wp:attachment":[{"href":"https:\/\/cndestetik.ch\/fr\/wp-json\/wp\/v2\/media?parent=52726"}],"wp:term":[{"taxonomy":"product_brand","embeddable":true,"href":"https:\/\/cndestetik.ch\/fr\/wp-json\/wp\/v2\/product_brand?post=52726"},{"taxonomy":"product_cat","embeddable":true,"href":"https:\/\/cndestetik.ch\/fr\/wp-json\/wp\/v2\/product_cat?post=52726"},{"taxonomy":"product_tag","embeddable":true,"href":"https:\/\/cndestetik.ch\/fr\/wp-json\/wp\/v2\/product_tag?post=52726"}],"curies":[{"name":"wp","href":"https:\/\/api.w.org\/{rel}","templated":true}]}}