{"id":52720,"date":"2020-10-15T11:44:06","date_gmt":"2020-10-15T09:44:06","guid":{"rendered":"https:\/\/cndestetik.ch\/prodotto\/creme-hydratante-pour-le-corps\/"},"modified":"2025-01-24T14:36:44","modified_gmt":"2025-01-24T13:36:44","slug":"creme-hydratante-pour-le-corps","status":"publish","type":"product","link":"https:\/\/cndestetik.ch\/fr\/prodotto\/creme-hydratante-pour-le-corps\/","title":{"rendered":"Cr\u00e8me hydratante pour le corps"},"content":{"rendered":"<p><span data-sheets-value=\"{\"1\":2,\"2\":\"Morbida, fresca e setosa. Ideale per le pelli secche e disidratate.\\n\\nE' ottima da utilizzare dopo un trattamento domestico come il bagno con i sali di epsom, oppure un fango snellente ... ma anche come mantenimento nella lotta contro la lipolisi.\\nL'ideale sarebbe utilizzarla sempre dopo la doccia, con la pelle leggermente umida che favorisce il suo assorbimento.\"}\" data-sheets-userformat=\"{\"2\":15297,\"3\":{\"1\":0},\"9\":0,\"10\":2,\"11\":0,\"12\":0,\"14\":{\"1\":2,\"2\":0},\"15\":\"Calibri\",\"16\":11}\">Doux, frais et soyeux. Id\u00e9al pour les peaux s\u00e8ches et d\u00e9shydrat\u00e9es.<\/span><\/p>\n<p>Il est excellent \u00e0 utiliser apr\u00e8s un traitement \u00e0 domicile tel qu&#8217;un bain aux sels d&#8217;epsom, ou une boue amincissante, mais aussi en entretien dans la lutte contre la lipolyse. Id\u00e9alement, il devrait toujours \u00eatre utilis\u00e9 apr\u00e8s une douche, avec la peau l\u00e9g\u00e8rement humidifi\u00e9e, ce qui favorise son absorption.<\/p>\n","protected":false},"excerpt":{"rendered":"<p>Cr\u00e8me<span data-sheets-value=\"{\"1\":2,\"2\":\"Morbida, fresca e setosa. Ideale per le pelli secche e disidratate.\\n\\nE' ottima da utilizzare dopo un trattamento domestico come il bagno con i sali di epsom, oppure un fango snellente ... ma anche come mantenimento nella lotta contro la lipolisi.\\nL'ideale sarebbe utilizzarla sempre dopo la doccia, con la pelle leggermente umida che favorisce il suo assorbimento.\"}\" data-sheets-userformat=\"{\"2\":15297,\"3\":{\"1\":0},\"9\":0,\"10\":2,\"11\":0,\"12\":0,\"14\":{\"1\":2,\"2\":0},\"15\":\"Calibri\",\"16\":11}\">id\u00e9ale pour les peaux s\u00e8ches et d\u00e9shydrat\u00e9es<\/span>.<\/p>\n","protected":false},"featured_media":37403,"template":"","meta":{"_acf_changed":false},"product_brand":[],"product_cat":[12987,1494,12982],"product_tag":[597,2341,3834,593,436],"class_list":{"0":"post-52720","1":"product","2":"type-product","3":"status-publish","4":"has-post-thumbnail","6":"product_cat-corps","7":"product_cat-cosmetiques","8":"product_cat-microcosme","9":"product_tag-achillee-millefeuille","10":"product_tag-corps","11":"product_tag-creme","12":"product_tag-creme-hydratante","13":"product_tag-spagyria","14":"pa_formato-200ml-fr","15":"pa_formato-500ml-fr","17":"first","18":"instock","19":"taxable","20":"shipping-taxable","21":"purchasable","22":"product-type-variable","23":"has-default-attributes"},"acf":[],"jetpack_sharing_enabled":true,"_links":{"self":[{"href":"https:\/\/cndestetik.ch\/fr\/wp-json\/wp\/v2\/product\/52720","targetHints":{"allow":["GET"]}}],"collection":[{"href":"https:\/\/cndestetik.ch\/fr\/wp-json\/wp\/v2\/product"}],"about":[{"href":"https:\/\/cndestetik.ch\/fr\/wp-json\/wp\/v2\/types\/product"}],"wp:featuredmedia":[{"embeddable":true,"href":"https:\/\/cndestetik.ch\/fr\/wp-json\/wp\/v2\/media\/37403"}],"wp:attachment":[{"href":"https:\/\/cndestetik.ch\/fr\/wp-json\/wp\/v2\/media?parent=52720"}],"wp:term":[{"taxonomy":"product_brand","embeddable":true,"href":"https:\/\/cndestetik.ch\/fr\/wp-json\/wp\/v2\/product_brand?post=52720"},{"taxonomy":"product_cat","embeddable":true,"href":"https:\/\/cndestetik.ch\/fr\/wp-json\/wp\/v2\/product_cat?post=52720"},{"taxonomy":"product_tag","embeddable":true,"href":"https:\/\/cndestetik.ch\/fr\/wp-json\/wp\/v2\/product_tag?post=52720"}],"curies":[{"name":"wp","href":"https:\/\/api.w.org\/{rel}","templated":true}]}}