{"id":52719,"date":"2020-10-15T11:44:32","date_gmt":"2020-10-15T09:44:32","guid":{"rendered":"https:\/\/cndestetik.ch\/prodotto\/peigne-en-bois\/"},"modified":"2022-11-15T17:29:32","modified_gmt":"2022-11-15T16:29:32","slug":"peigne-en-bois","status":"publish","type":"product","link":"https:\/\/cndestetik.ch\/fr\/prodotto\/peigne-en-bois\/","title":{"rendered":"Peigne en bois"},"content":{"rendered":"<p>Peigne en bois, utile pour d\u00e9m\u00ealer les cheveux sans les casser ni les fragiliser. Il est particuli\u00e8rement adapt\u00e9 aux cheveux moyens et longs, raides ou ondul\u00e9s. Il est naturellement antistatique, c&#8217;est-\u00e0-dire qu&#8217;il ne rend pas les cheveux \u00e9lectriques pendant le peignage.<\/p>\n<p>Un agr\u00e9able massage du cuir chevelu est possible pendant le peignage, gr\u00e2ce \u00e0 ses pointes arrondies. Le flux sanguin des cellules capillaires est stimul\u00e9 et les toxines sont \u00e9limin\u00e9es.<\/p>\n<p>De petite taille, il est facile \u00e0 emporter avec vous, dans votre sac ou en vacances.<\/p>\n","protected":false},"excerpt":{"rendered":"<p>De petite taille, il est facile \u00e0 emporter avec vous, dans votre sac ou en vacances.<\/p>\n","protected":false},"featured_media":36689,"template":"","meta":{"_acf_changed":false},"product_brand":[],"product_cat":[1925],"product_tag":[4355,3646,2043,9076],"class_list":{"0":"post-52719","1":"product","2":"type-product","3":"status-publish","4":"has-post-thumbnail","6":"product_cat-determination","7":"product_tag-bois","8":"product_tag-detente","9":"product_tag-detoxification","10":"product_tag-peigne","12":"first","13":"instock","14":"taxable","15":"shipping-taxable","16":"purchasable","17":"product-type-simple"},"acf":[],"jetpack_sharing_enabled":true,"_links":{"self":[{"href":"https:\/\/cndestetik.ch\/fr\/wp-json\/wp\/v2\/product\/52719","targetHints":{"allow":["GET"]}}],"collection":[{"href":"https:\/\/cndestetik.ch\/fr\/wp-json\/wp\/v2\/product"}],"about":[{"href":"https:\/\/cndestetik.ch\/fr\/wp-json\/wp\/v2\/types\/product"}],"wp:featuredmedia":[{"embeddable":true,"href":"https:\/\/cndestetik.ch\/fr\/wp-json\/wp\/v2\/media\/36689"}],"wp:attachment":[{"href":"https:\/\/cndestetik.ch\/fr\/wp-json\/wp\/v2\/media?parent=52719"}],"wp:term":[{"taxonomy":"product_brand","embeddable":true,"href":"https:\/\/cndestetik.ch\/fr\/wp-json\/wp\/v2\/product_brand?post=52719"},{"taxonomy":"product_cat","embeddable":true,"href":"https:\/\/cndestetik.ch\/fr\/wp-json\/wp\/v2\/product_cat?post=52719"},{"taxonomy":"product_tag","embeddable":true,"href":"https:\/\/cndestetik.ch\/fr\/wp-json\/wp\/v2\/product_tag?post=52719"}],"curies":[{"name":"wp","href":"https:\/\/api.w.org\/{rel}","templated":true}]}}