{"id":52703,"date":"2020-10-15T11:44:47","date_gmt":"2020-10-15T09:44:47","guid":{"rendered":"https:\/\/cndestetik.ch\/prodotto\/synergie-des-huiles-essentielles-dharmonie\/"},"modified":"2025-01-23T08:32:25","modified_gmt":"2025-01-23T07:32:25","slug":"synergie-des-huiles-essentielles-harmonie","status":"publish","type":"product","link":"https:\/\/cndestetik.ch\/fr\/prodotto\/synergie-des-huiles-essentielles-harmonie\/","title":{"rendered":"Synergie des Huiles Essentielles d&#8217;Harmonie"},"content":{"rendered":"<p>Les Synergies Olfactives Microcosmo sont des m\u00e9langes d&#8217;Huiles Essentielles issues de la distillation \u00e0 la vapeur, 100% pures et s\u00e9lectionn\u00e9es en fonction de leurs caract\u00e9ristiques aromath\u00e9rapeutiques. Armonia est une synergie au parfum frais et l\u00e9g\u00e8rement citronn\u00e9. R\u00e9\u00e9quilibrez votre \u00e2me en vous reconnectant \u00e0 votre s\u00e9r\u00e9nit\u00e9 naturelle. Les huiles essentielles contenues dans l&#8217;Armonia sont : Bergamote, G\u00e9ranium, Patchouli Comment utiliser cette Harmonie :<\/p>\n<p>&#8211; Aromatiser les environnements par diffusion ;<\/p>\n<p>&#8211; Aromatisez votre propre cr\u00e8me ou huile (la quantit\u00e9 doit toujours \u00eatre de 2-3% maximum) ;<\/p>\n<p>&#8211; Aromatiser un gommage \u00e0 base de sel d&#8217;Epsom et d&#8217;huile v\u00e9g\u00e9tale<\/p>\n<p>&#8211; Aromatiser un bain de pieds (mettre quelques gouttes sur du sel d&#8217;Epsom, puis ajouter de l&#8217;eau pour le bain de pieds).<\/p>\n<p>&#8211; ne jamais mettre d&#8217;huile essentielle dans l&#8217;eau)<\/p>\n<p>&#8211; Aromatiser un bain chaud (mettre quelques gouttes sur du sel d&#8217;Epsom puis ajouter de l&#8217;eau pour le bain de pieds).<\/p>\n<p>&#8211; ne jamais mettre d&#8217;huile essentielle dans l&#8217;eau)<\/p>\n<p>*Les Huiles Essentielles Microcosmo sont toutes distill\u00e9es \u00e0 la vapeur, sans utilisation de solvants ou d&#8217;alcool, elles sont donc 100% pures. Ils ne peuvent \u00eatre utilis\u00e9s par voie topique que s&#8217;ils sont dilu\u00e9s dans un support (huile, cr\u00e8me, boue, argiles, masques), ils ne se diluent pas dans l&#8217;eau. Il est fortement d\u00e9conseill\u00e9 de l&#8217;utiliser par voie orale car sa puret\u00e9 peut causer des dommages aux muqueuses. Ils peuvent \u00eatre utilis\u00e9s en diffusion dans l&#8217;environnement.<\/p>\n<p>Tenir hors de port\u00e9e des enfants. Ne pas utiliser par voie topique pendant la grossesse. Si vous suivez un traitement pharmacologique, demandez l&#8217;avis de votre m\u00e9decin.<\/p>\n<p>Ingr\u00e9dients 100% biologiques et naturels Vegan sans cruaut\u00e9<\/p>\n","protected":false},"excerpt":{"rendered":"<p>Les huiles essentielles contenues dans l&#8217;Armonia sont : Bergamote, G\u00e9ranium, Patchouli.<\/p>\n","protected":false},"featured_media":37373,"template":"","meta":{"_acf_changed":false},"product_brand":[],"product_cat":[2317,12982],"product_tag":[8910,4256,420,527,4558,4257,510,4268,4318,4303],"class_list":{"0":"post-52703","1":"product","2":"type-product","3":"status-publish","4":"has-post-thumbnail","6":"product_cat-essences-fr","7":"product_cat-microcosme","8":"product_tag-bergamote","9":"product_tag-essence-fr","10":"product_tag-essences-fr-2","11":"product_tag-geranium-fr","12":"product_tag-harmonie","13":"product_tag-huiles","14":"product_tag-huiles-essentielles","15":"product_tag-lessentiel","16":"product_tag-patchouli-fr","17":"product_tag-synergie","18":"pa_formato-10ml-fr","19":"pa_formato-30ml-fr","21":"first","22":"instock","23":"taxable","24":"shipping-taxable","25":"purchasable","26":"product-type-variable","27":"has-default-attributes"},"acf":[],"jetpack_sharing_enabled":true,"_links":{"self":[{"href":"https:\/\/cndestetik.ch\/fr\/wp-json\/wp\/v2\/product\/52703","targetHints":{"allow":["GET"]}}],"collection":[{"href":"https:\/\/cndestetik.ch\/fr\/wp-json\/wp\/v2\/product"}],"about":[{"href":"https:\/\/cndestetik.ch\/fr\/wp-json\/wp\/v2\/types\/product"}],"wp:featuredmedia":[{"embeddable":true,"href":"https:\/\/cndestetik.ch\/fr\/wp-json\/wp\/v2\/media\/37373"}],"wp:attachment":[{"href":"https:\/\/cndestetik.ch\/fr\/wp-json\/wp\/v2\/media?parent=52703"}],"wp:term":[{"taxonomy":"product_brand","embeddable":true,"href":"https:\/\/cndestetik.ch\/fr\/wp-json\/wp\/v2\/product_brand?post=52703"},{"taxonomy":"product_cat","embeddable":true,"href":"https:\/\/cndestetik.ch\/fr\/wp-json\/wp\/v2\/product_cat?post=52703"},{"taxonomy":"product_tag","embeddable":true,"href":"https:\/\/cndestetik.ch\/fr\/wp-json\/wp\/v2\/product_tag?post=52703"}],"curies":[{"name":"wp","href":"https:\/\/api.w.org\/{rel}","templated":true}]}}