{"id":52695,"date":"2020-10-15T11:44:36","date_gmt":"2020-10-15T09:44:36","guid":{"rendered":"https:\/\/cndestetik.ch\/prodotto\/eau-apaisante-apres-rasage-sauge-mauve\/"},"modified":"2025-01-24T13:04:15","modified_gmt":"2025-01-24T12:04:15","slug":"eau-apaisante-apres-rasage-malva-sage","status":"publish","type":"product","link":"https:\/\/cndestetik.ch\/fr\/prodotto\/eau-apaisante-apres-rasage-malva-sage\/","title":{"rendered":"Eau apaisante apr\u00e8s-rasage &#8211; sauge mauve"},"content":{"rendered":"<p><span data-sheets-value=\"{\"1\":2,\"2\":\"Con Idrolato di Malva e Salvia, dal profumo delicato e particolare, protegge la pelle del viso dopo la rasatura riequilibrandola e dando una sensazione di benessere e di freschezza.\\nOttima da utilizzare quotidianamente come tonico sulla pelle dopo la detersione, \u00e8 idratante e lenitiva.\\n\\n*Durante il processo di distillazione in corrente di vapore delle piante fresche, raccolte nel loro momento balsamico, si ottengono oltre agli oli essenziali, anche gli idrolati, ovvero le acque aromatiche che rimangono impregnate di olio essenziale e di altri principi potenziati.\\nGli idrolati Microcosmo sono semplici e puri, una valida alternativa agli estratti in alcool e agli oli essenziali, che non avendo le stesse controindicazioni, possono essere usati direttamenti sulla pelle, per rinfrescare tonificare e rimuovere impurit\u00e0.\"}\" data-sheets-userformat=\"{\"2\":15297,\"3\":{\"1\":0},\"9\":0,\"10\":2,\"11\":0,\"12\":0,\"14\":{\"1\":2,\"2\":0},\"15\":\"Calibri\",\"16\":11}\"><br \/>\nA l&#8217;hydrolat de mauve et de sauge, au parfum d\u00e9licat et caract\u00e9ristique, il prot\u00e8ge la peau du visage apr\u00e8s le rasage, en la r\u00e9\u00e9quilibrant et en lui procurant une sensation de bien-\u00eatre et de fra\u00eecheur.<\/span><\/p>\n<p>*Lors du processus de distillation \u00e0 la vapeur des plantes fra\u00eeches, r\u00e9colt\u00e9es \u00e0 leur moment balsamique, on obtient non seulement des huiles essentielles, mais aussi des hydrolats, c&#8217;est-\u00e0-dire des eaux aromatiques qui restent impr\u00e9gn\u00e9es d&#8217;huile essentielle et d&#8217;autres principes valoris\u00e9s.<\/p>\n<p><span data-sheets-value=\"{\"1\":2,\"2\":\"Con Idrolato di Malva e Salvia, dal profumo delicato e particolare, protegge la pelle del viso dopo la rasatura riequilibrandola e dando una sensazione di benessere e di freschezza.\\nOttima da utilizzare quotidianamente come tonico sulla pelle dopo la detersione, \u00e8 idratante e lenitiva.\\n\\n*Durante il processo di distillazione in corrente di vapore delle piante fresche, raccolte nel loro momento balsamico, si ottengono oltre agli oli essenziali, anche gli idrolati, ovvero le acque aromatiche che rimangono impregnate di olio essenziale e di altri principi potenziati.\\nGli idrolati Microcosmo sono semplici e puri, una valida alternativa agli estratti in alcool e agli oli essenziali, che non avendo le stesse controindicazioni, possono essere usati direttamenti sulla pelle, per rinfrescare tonificare e rimuovere impurit\u00e0.\"}\" data-sheets-userformat=\"{\"2\":15297,\"3\":{\"1\":0},\"9\":0,\"10\":2,\"11\":0,\"12\":0,\"14\":{\"1\":2,\"2\":0},\"15\":\"Calibri\",\"16\":11}\">Les hydrolats Microcosmo sont simples et purs, une alternative valable aux extraits d&#8217;alcool et aux huiles essentielles, qui ne pr\u00e9sentent pas les m\u00eames contre-indications et peuvent \u00eatre utilis\u00e9s directement sur la peau, pour rafra\u00eechir le tonus et \u00e9liminer les impuret\u00e9s.<\/span><\/p>\n<p>Taille : 100ml<\/p>\n","protected":false},"excerpt":{"rendered":"<p>Eau apaisante apr\u00e8s-rasage<\/p>\n","protected":false},"featured_media":37382,"template":"","meta":{"_acf_changed":false},"product_brand":[],"product_cat":[1494,12982,12989],"product_tag":[4182,7257,7261,4169,9067,551,490],"class_list":{"0":"post-52695","1":"product","2":"type-product","3":"status-publish","4":"has-post-thumbnail","6":"product_cat-cosmetiques","7":"product_cat-microcosme","8":"product_cat-visage","9":"product_tag-apaisant-fr-3","10":"product_tag-apres-rasage","11":"product_tag-apres-rasage-fr","12":"product_tag-eau","13":"product_tag-homme","14":"product_tag-mauve","15":"product_tag-sage-fr","17":"first","18":"instock","19":"taxable","20":"shipping-taxable","21":"purchasable","22":"product-type-simple"},"acf":[],"jetpack_sharing_enabled":true,"_links":{"self":[{"href":"https:\/\/cndestetik.ch\/fr\/wp-json\/wp\/v2\/product\/52695","targetHints":{"allow":["GET"]}}],"collection":[{"href":"https:\/\/cndestetik.ch\/fr\/wp-json\/wp\/v2\/product"}],"about":[{"href":"https:\/\/cndestetik.ch\/fr\/wp-json\/wp\/v2\/types\/product"}],"wp:featuredmedia":[{"embeddable":true,"href":"https:\/\/cndestetik.ch\/fr\/wp-json\/wp\/v2\/media\/37382"}],"wp:attachment":[{"href":"https:\/\/cndestetik.ch\/fr\/wp-json\/wp\/v2\/media?parent=52695"}],"wp:term":[{"taxonomy":"product_brand","embeddable":true,"href":"https:\/\/cndestetik.ch\/fr\/wp-json\/wp\/v2\/product_brand?post=52695"},{"taxonomy":"product_cat","embeddable":true,"href":"https:\/\/cndestetik.ch\/fr\/wp-json\/wp\/v2\/product_cat?post=52695"},{"taxonomy":"product_tag","embeddable":true,"href":"https:\/\/cndestetik.ch\/fr\/wp-json\/wp\/v2\/product_tag?post=52695"}],"curies":[{"name":"wp","href":"https:\/\/api.w.org\/{rel}","templated":true}]}}