{"id":52682,"date":"2020-10-15T11:44:40","date_gmt":"2020-10-15T09:44:40","guid":{"rendered":"https:\/\/cndestetik.ch\/prodotto\/huile-damande\/"},"modified":"2023-07-19T16:05:37","modified_gmt":"2023-07-19T14:05:37","slug":"huile-damande","status":"publish","type":"product","link":"https:\/\/cndestetik.ch\/fr\/prodotto\/huile-damande\/","title":{"rendered":"Huile d&#8217;amande"},"content":{"rendered":"<p><span data-sheets-value=\"{\"1\":2,\"2\":\"L'olio di Mandorle dolci, di antica fama e di estrema versatilit\u00e0, rimane probabilmente il pi\u00f9 noto e utilizzato tra gli oli da massaggio e oli per dermocosmesi. Si ricava per spremitura dei semi maturi di Prunus Amygdalus variet\u00e0 dolce, ha colore giallo chiaro ed \u00e8 inodore. Proprio per assenza di un odore caratteristico quest'olio \u00e8 adatto ad ogni miscela di essenze in quanto \u00e8 un buon vettore e non altera il profumo. Altamente insaturo, emolliente e rinfrescante. Completamente privo di effetti irritanti, viene impiegato in una vastissima gamma di prodotti igienici e cosmetici. Bench\u00e8 non lo si possa considerare un vero e proprio olio medicinale, costituisce un buon lenitivo per le irritazioni cutanee lievi, per gli arrossamenti e gli eritemi solari. Grazie alla sua facilit\u00e0 di assorbimento e alla sua azione ammorbidente \u00e8 inoltre un buon prodotto da applicare dopo il bagno sulla pelle secca che tende a squamarsi.\\nUsarlo su tutti i tipi di pelle, in particolare pelli secche, poco elastiche, sensibili e arrossate, pelli con dermatiti o psoriasi; contribuisce a diminuire il prurito e l'infiammazione.\"}\" data-sheets-userformat=\"{\"2\":15297,\"3\":{\"1\":0},\"9\":0,\"10\":2,\"11\":0,\"12\":0,\"14\":{\"1\":2,\"2\":0},\"15\":\"Calibri\",\"16\":11}\">L&#8217;huile d&#8217;amande douce, r\u00e9put\u00e9e depuis longtemps et extr\u00eamement polyvalente, reste probablement la plus connue et la plus utilis\u00e9e des huiles de massage et dermo-cosm\u00e9tiques. Il est obtenu en pressant les graines m\u00fbres de la vari\u00e9t\u00e9 sucr\u00e9e Prunus Amygdalus, est de couleur jaune clair et inodore. En raison de l&#8217;absence d&#8217;une odeur caract\u00e9ristique, cette huile convient \u00e0 tout m\u00e9lange d&#8217;essences, car elle constitue un bon support et n&#8217;alt\u00e8re pas le parfum. Hautement insatur\u00e9, \u00e9mollient et rafra\u00eechissant. Totalement exempt d&#8217;effets irritants, il est utilis\u00e9 dans une tr\u00e8s large gamme de produits d&#8217;hygi\u00e8ne et de cosm\u00e9tiques.  <\/span><\/p>\n<p><span data-sheets-value=\"{\"1\":2,\"2\":\"L'olio di Mandorle dolci, di antica fama e di estrema versatilit\u00e0, rimane probabilmente il pi\u00f9 noto e utilizzato tra gli oli da massaggio e oli per dermocosmesi. Si ricava per spremitura dei semi maturi di Prunus Amygdalus variet\u00e0 dolce, ha colore giallo chiaro ed \u00e8 inodore. Proprio per assenza di un odore caratteristico quest'olio \u00e8 adatto ad ogni miscela di essenze in quanto \u00e8 un buon vettore e non altera il profumo. Altamente insaturo, emolliente e rinfrescante. Completamente privo di effetti irritanti, viene impiegato in una vastissima gamma di prodotti igienici e cosmetici. Bench\u00e8 non lo si possa considerare un vero e proprio olio medicinale, costituisce un buon lenitivo per le irritazioni cutanee lievi, per gli arrossamenti e gli eritemi solari. Grazie alla sua facilit\u00e0 di assorbimento e alla sua azione ammorbidente \u00e8 inoltre un buon prodotto da applicare dopo il bagno sulla pelle secca che tende a squamarsi.\\nUsarlo su tutti i tipi di pelle, in particolare pelli secche, poco elastiche, sensibili e arrossate, pelli con dermatiti o psoriasi; contribuisce a diminuire il prurito e l'infiammazione.\"}\" data-sheets-userformat=\"{\"2\":15297,\"3\":{\"1\":0},\"9\":0,\"10\":2,\"11\":0,\"12\":0,\"14\":{\"1\":2,\"2\":0},\"15\":\"Calibri\",\"16\":11}\">Bien qu&#8217;elle ne puisse \u00eatre consid\u00e9r\u00e9e comme une v\u00e9ritable huile m\u00e9dicinale, elle est un bon calmant pour les irritations l\u00e9g\u00e8res de la peau, les rougeurs et les coups de soleil. Gr\u00e2ce \u00e0 son absorption facile et \u00e0 son action adoucissante, c&#8217;est \u00e9galement un bon produit \u00e0 appliquer apr\u00e8s le bain sur les peaux s\u00e8ches qui ont tendance \u00e0 s&#8217;\u00e9cailler.<br \/>\n<\/span><\/p>\n<p><span data-sheets-value=\"{\"1\":2,\"2\":\"L'olio di Mandorle dolci, di antica fama e di estrema versatilit\u00e0, rimane probabilmente il pi\u00f9 noto e utilizzato tra gli oli da massaggio e oli per dermocosmesi. Si ricava per spremitura dei semi maturi di Prunus Amygdalus variet\u00e0 dolce, ha colore giallo chiaro ed \u00e8 inodore. Proprio per assenza di un odore caratteristico quest'olio \u00e8 adatto ad ogni miscela di essenze in quanto \u00e8 un buon vettore e non altera il profumo. Altamente insaturo, emolliente e rinfrescante. Completamente privo di effetti irritanti, viene impiegato in una vastissima gamma di prodotti igienici e cosmetici. Bench\u00e8 non lo si possa considerare un vero e proprio olio medicinale, costituisce un buon lenitivo per le irritazioni cutanee lievi, per gli arrossamenti e gli eritemi solari. Grazie alla sua facilit\u00e0 di assorbimento e alla sua azione ammorbidente \u00e8 inoltre un buon prodotto da applicare dopo il bagno sulla pelle secca che tende a squamarsi.\\nUsarlo su tutti i tipi di pelle, in particolare pelli secche, poco elastiche, sensibili e arrossate, pelli con dermatiti o psoriasi; contribuisce a diminuire il prurito e l'infiammazione.\"}\" data-sheets-userformat=\"{\"2\":15297,\"3\":{\"1\":0},\"9\":0,\"10\":2,\"11\":0,\"12\":0,\"14\":{\"1\":2,\"2\":0},\"15\":\"Calibri\",\"16\":11}\">Utilisez-le sur tous les types de peau, notamment les peaux s\u00e8ches, in\u00e9lastiques, sensibles et rougies, les peaux atteintes de dermatite ou de psoriasis ; il aide \u00e0 r\u00e9duire les d\u00e9mangeaisons et les inflammations.<\/span><\/p>\n","protected":false},"excerpt":{"rendered":"<p>L&#8217;huile d&#8217;amande est disponible en diff\u00e9rents formats.<\/p>\n","protected":false},"featured_media":37379,"template":"","meta":{"_acf_changed":false},"product_brand":[],"product_cat":[1925,11233],"product_tag":[601,2184,9063],"class_list":{"0":"post-52682","1":"product","2":"type-product","3":"status-publish","4":"has-post-thumbnail","6":"product_cat-determination","7":"product_cat-physiotherapie","8":"product_tag-amandes","9":"product_tag-huile-fr","10":"product_tag-huile-damande","11":"pa_formato-1000ml-fr","12":"pa_formato-100ml-fr","13":"pa_formato-500ml-fr","15":"first","16":"instock","17":"taxable","18":"shipping-taxable","19":"purchasable","20":"product-type-variable"},"acf":[],"jetpack_sharing_enabled":true,"_links":{"self":[{"href":"https:\/\/cndestetik.ch\/fr\/wp-json\/wp\/v2\/product\/52682","targetHints":{"allow":["GET"]}}],"collection":[{"href":"https:\/\/cndestetik.ch\/fr\/wp-json\/wp\/v2\/product"}],"about":[{"href":"https:\/\/cndestetik.ch\/fr\/wp-json\/wp\/v2\/types\/product"}],"wp:featuredmedia":[{"embeddable":true,"href":"https:\/\/cndestetik.ch\/fr\/wp-json\/wp\/v2\/media\/37379"}],"wp:attachment":[{"href":"https:\/\/cndestetik.ch\/fr\/wp-json\/wp\/v2\/media?parent=52682"}],"wp:term":[{"taxonomy":"product_brand","embeddable":true,"href":"https:\/\/cndestetik.ch\/fr\/wp-json\/wp\/v2\/product_brand?post=52682"},{"taxonomy":"product_cat","embeddable":true,"href":"https:\/\/cndestetik.ch\/fr\/wp-json\/wp\/v2\/product_cat?post=52682"},{"taxonomy":"product_tag","embeddable":true,"href":"https:\/\/cndestetik.ch\/fr\/wp-json\/wp\/v2\/product_tag?post=52682"}],"curies":[{"name":"wp","href":"https:\/\/api.w.org\/{rel}","templated":true}]}}