{"id":52678,"date":"2020-10-15T11:48:47","date_gmt":"2020-10-15T09:48:47","guid":{"rendered":"https:\/\/cndestetik.ch\/prodotto\/oleolite-spagyrique-peau-delicate\/"},"modified":"2025-01-24T13:04:20","modified_gmt":"2025-01-24T12:04:20","slug":"oleolyte-pagyre-peau-delice","status":"publish","type":"product","link":"https:\/\/cndestetik.ch\/fr\/prodotto\/oleolyte-pagyre-peau-delice\/","title":{"rendered":"Oleolite Spagyrique Peau D\u00e9licate"},"content":{"rendered":"<p>Cette Ol\u00e9olite a la particularit\u00e9 d&#8217;\u00eatre extr\u00eamement douce et nourrissante pour les peaux les plus sensibles et fines, qui ont besoin d&#8217;\u00eatre apais\u00e9es, cicatris\u00e9es. Gr\u00e2ce \u00e0 ses propri\u00e9t\u00e9s anti-inflammatoires et protectrices des capillaires fragilis\u00e9s, il aide \u00e9galement la microcirculation sous-cutan\u00e9e \u00e0 se r\u00e9-oxyg\u00e9ner et \u00e0 donner ainsi \u00e0 la peau et au teint une couleur plus \u00e9clatante.<\/p>\n<p>* L&#8217;ol\u00e9olyte spagyrique est une pr\u00e9paration \u00e0 base de plantes qui consiste \u00e0 faire mac\u00e9rer la plante dans de l&#8217;huile, ce qui permet d&#8217;extraire les principes liposolubles difficiles \u00e0 extraire avec des solvants ou d&#8217;autres moyens. Il s&#8217;agit d&#8217;une pr\u00e9paration riche en principes actifs et capable de transmettre les qualit\u00e9s \u00e9nerg\u00e9tiques inh\u00e9rentes \u00e0 la nature de chaque plante. Il est \u00e9labor\u00e9 \u00e0 partir de plantes r\u00e9colt\u00e9es directement dans la nature \u00e0 leur moment balsamique, c&#8217;est-\u00e0-dire lorsque leurs propri\u00e9t\u00e9s actives atteignent leur pic d&#8217;\u00e9nergie vitale.<\/p>\n<p>&#8211; Peut \u00eatre utilis\u00e9 pur sur la peau ou m\u00e9lang\u00e9 \u00e0 d&#8217;autres produits (masques, cr\u00e8mes) &#8211; A l&#8217;origine, il s&#8217;agit d&#8217;un compos\u00e9 pour le visage, mais il peut \u00eatre utilis\u00e9 sur tout le corps &#8211; A utiliser en cas de grossesse ou chez l&#8217;enfant<\/p>\n<p>100% d&#8217;ingr\u00e9dients biologiques et naturels Vegan sans cruaut\u00e9<\/p>\n<p>NOTRE CONSEIL ?<br \/>\nUtilisez quelques pompes le soir en association avec le s\u00e9rum \u00e0 l&#8217;acide hyaluronique le plus appropri\u00e9 pour vous. Vous nourrirez votre peau en profondeur et au matin, vous la trouverez r\u00e9g\u00e9n\u00e9r\u00e9e et renforc\u00e9e !<\/p>\n","protected":false},"excerpt":{"rendered":"<p>L&#8217;ol\u00e9olite convient aux peaux les plus sensibles et les plus fines.<\/p>\n","protected":false},"featured_media":36944,"template":"","meta":{"_acf_changed":false},"product_brand":[],"product_cat":[1494,12982,12989],"product_tag":[597,8931,521,2111,2112,436,4831],"class_list":{"0":"post-52678","1":"product","2":"type-product","3":"status-publish","4":"has-post-thumbnail","6":"product_cat-cosmetiques","7":"product_cat-microcosme","8":"product_cat-visage","9":"product_tag-achillee-millefeuille","10":"product_tag-delicat","11":"product_tag-lavande","12":"product_tag-oleolite-fr","13":"product_tag-peau-fr","14":"product_tag-spagyria","15":"product_tag-spagyrique","17":"first","18":"instock","19":"taxable","20":"shipping-taxable","21":"purchasable","22":"product-type-simple"},"acf":[],"jetpack_sharing_enabled":true,"_links":{"self":[{"href":"https:\/\/cndestetik.ch\/fr\/wp-json\/wp\/v2\/product\/52678","targetHints":{"allow":["GET"]}}],"collection":[{"href":"https:\/\/cndestetik.ch\/fr\/wp-json\/wp\/v2\/product"}],"about":[{"href":"https:\/\/cndestetik.ch\/fr\/wp-json\/wp\/v2\/types\/product"}],"wp:featuredmedia":[{"embeddable":true,"href":"https:\/\/cndestetik.ch\/fr\/wp-json\/wp\/v2\/media\/36944"}],"wp:attachment":[{"href":"https:\/\/cndestetik.ch\/fr\/wp-json\/wp\/v2\/media?parent=52678"}],"wp:term":[{"taxonomy":"product_brand","embeddable":true,"href":"https:\/\/cndestetik.ch\/fr\/wp-json\/wp\/v2\/product_brand?post=52678"},{"taxonomy":"product_cat","embeddable":true,"href":"https:\/\/cndestetik.ch\/fr\/wp-json\/wp\/v2\/product_cat?post=52678"},{"taxonomy":"product_tag","embeddable":true,"href":"https:\/\/cndestetik.ch\/fr\/wp-json\/wp\/v2\/product_tag?post=52678"}],"curies":[{"name":"wp","href":"https:\/\/api.w.org\/{rel}","templated":true}]}}