{"id":52668,"date":"2022-06-01T13:22:35","date_gmt":"2022-06-01T11:22:35","guid":{"rendered":"https:\/\/cndestetik.ch\/prodotto\/pince-a-epiler-en-acier-inoxydable-a-pointe-oblique\/"},"modified":"2022-11-15T15:44:10","modified_gmt":"2022-11-15T14:44:10","slug":"pince-a-epiler-super-inox-pointe-obliqua","status":"publish","type":"product","link":"https:\/\/cndestetik.ch\/fr\/prodotto\/pince-a-epiler-super-inox-pointe-obliqua\/","title":{"rendered":"Pince \u00e0 \u00e9piler en acier inoxydable \u00e0 pointe oblique"},"content":{"rendered":"<p><span data-sheets-value=\"{\"1\":2,\"2\":\"Pinzetta super inox punta obliqua\"}\" data-sheets-userformat=\"{\"2\":15297,\"3\":{\"1\":0},\"9\":0,\"10\":2,\"11\":0,\"12\":0,\"14\":{\"1\":2,\"2\":0},\"15\":\"Calibri\",\"16\":11}\">Pince \u00e0 \u00e9piler en acier inoxydable \u00e0 pointe oblique<\/span><\/p>\n","protected":false},"excerpt":{"rendered":"<p>Pince \u00e0 \u00e9piler Inox<\/p>\n","protected":false},"featured_media":54450,"template":"","meta":{"_acf_changed":false},"product_brand":[],"product_cat":[1296,2125],"product_tag":[1591,9052,1612],"class_list":{"0":"post-52668","1":"product","2":"type-product","3":"status-publish","4":"has-post-thumbnail","6":"product_cat-equipement","7":"product_cat-lash-brow-fr","8":"product_tag-acier-inoxydable-fr","9":"product_tag-oblique-fr","10":"product_tag-pinces-a-epiler","12":"first","13":"instock","14":"taxable","15":"shipping-taxable","16":"purchasable","17":"product-type-simple"},"acf":[],"jetpack_sharing_enabled":true,"_links":{"self":[{"href":"https:\/\/cndestetik.ch\/fr\/wp-json\/wp\/v2\/product\/52668","targetHints":{"allow":["GET"]}}],"collection":[{"href":"https:\/\/cndestetik.ch\/fr\/wp-json\/wp\/v2\/product"}],"about":[{"href":"https:\/\/cndestetik.ch\/fr\/wp-json\/wp\/v2\/types\/product"}],"wp:featuredmedia":[{"embeddable":true,"href":"https:\/\/cndestetik.ch\/fr\/wp-json\/wp\/v2\/media\/54450"}],"wp:attachment":[{"href":"https:\/\/cndestetik.ch\/fr\/wp-json\/wp\/v2\/media?parent=52668"}],"wp:term":[{"taxonomy":"product_brand","embeddable":true,"href":"https:\/\/cndestetik.ch\/fr\/wp-json\/wp\/v2\/product_brand?post=52668"},{"taxonomy":"product_cat","embeddable":true,"href":"https:\/\/cndestetik.ch\/fr\/wp-json\/wp\/v2\/product_cat?post=52668"},{"taxonomy":"product_tag","embeddable":true,"href":"https:\/\/cndestetik.ch\/fr\/wp-json\/wp\/v2\/product_tag?post=52668"}],"curies":[{"name":"wp","href":"https:\/\/api.w.org\/{rel}","templated":true}]}}