{"id":52658,"date":"2022-06-01T13:16:05","date_gmt":"2022-06-01T11:16:05","guid":{"rendered":"https:\/\/cndestetik.ch\/prodotto\/exposant-15-pieces-pince-a-epiler-de-couleur\/"},"modified":"2024-01-11T11:30:30","modified_gmt":"2024-01-11T10:30:30","slug":"presentoir-15-pieces-pincettes-colorees","status":"publish","type":"product","link":"https:\/\/cndestetik.ch\/fr\/prodotto\/presentoir-15-pieces-pincettes-colorees\/","title":{"rendered":"Exposant 15 pi\u00e8ces Pince \u00e0 \u00e9piler de couleur"},"content":{"rendered":"<p><span data-sheets-value=\"{\"1\":2,\"2\":\"Espositore da 15 pinzette colorate di ottima qualit\u00e0. Per rivendita\"}\" data-sheets-userformat=\"{\"2\":15297,\"3\":{\"1\":0},\"9\":0,\"10\":2,\"11\":0,\"12\":0,\"14\":{\"1\":2,\"2\":0},\"15\":\"Calibri\",\"16\":11}\">Pr\u00e9sentoir de 15 pinces \u00e0 \u00e9piler professionnelles color\u00e9es \u00e0 pointe oblique, de qualit\u00e9 sup\u00e9rieure, emball\u00e9es individuellement avec un \u00e9tui en cuir \u00e9cologique.<\/span><\/p>\n<p><span data-sheets-value=\"{\"1\":2,\"2\":\"Espositore da 15 pinzette colorate di ottima qualit\u00e0. Per rivendita\"}\" data-sheets-userformat=\"{\"2\":15297,\"3\":{\"1\":0},\"9\":0,\"10\":2,\"11\":0,\"12\":0,\"14\":{\"1\":2,\"2\":0},\"15\":\"Calibri\",\"16\":11}\">Id\u00e9al pour la revente ou les cadeaux publicitaires.<\/span><\/p>\n","protected":false},"excerpt":{"rendered":"<p><span data-sheets-value=\"{\"1\":2,\"2\":\"Espositore da 15 pinzette colorate di ottima qualit\u00e0. Per rivendita\"}\" data-sheets-userformat=\"{\"2\":15297,\"3\":{\"1\":0},\"9\":0,\"10\":2,\"11\":0,\"12\":0,\"14\":{\"1\":2,\"2\":0},\"15\":\"Calibri\",\"16\":11}\">Pr\u00e9sentoir de 15 pinces \u00e0 \u00e9piler professionnelles de couleur avec pointe oblique, de qualit\u00e9 sup\u00e9rieure.<\/span><\/p>\n","protected":false},"featured_media":38979,"template":"","meta":{"_acf_changed":false},"product_brand":[],"product_cat":[1296,2125],"product_tag":[9034,9032,9030],"class_list":{"0":"post-52658","1":"product","2":"type-product","3":"status-publish","4":"has-post-thumbnail","6":"product_cat-equipement","7":"product_cat-lash-brow-fr","8":"product_tag-pinces","9":"product_tag-pinces-a-epiler-fr","10":"product_tag-pinces-de-couleur","12":"first","13":"instock","14":"taxable","15":"shipping-taxable","16":"purchasable","17":"product-type-simple"},"acf":[],"jetpack_sharing_enabled":true,"_links":{"self":[{"href":"https:\/\/cndestetik.ch\/fr\/wp-json\/wp\/v2\/product\/52658","targetHints":{"allow":["GET"]}}],"collection":[{"href":"https:\/\/cndestetik.ch\/fr\/wp-json\/wp\/v2\/product"}],"about":[{"href":"https:\/\/cndestetik.ch\/fr\/wp-json\/wp\/v2\/types\/product"}],"wp:featuredmedia":[{"embeddable":true,"href":"https:\/\/cndestetik.ch\/fr\/wp-json\/wp\/v2\/media\/38979"}],"wp:attachment":[{"href":"https:\/\/cndestetik.ch\/fr\/wp-json\/wp\/v2\/media?parent=52658"}],"wp:term":[{"taxonomy":"product_brand","embeddable":true,"href":"https:\/\/cndestetik.ch\/fr\/wp-json\/wp\/v2\/product_brand?post=52658"},{"taxonomy":"product_cat","embeddable":true,"href":"https:\/\/cndestetik.ch\/fr\/wp-json\/wp\/v2\/product_cat?post=52658"},{"taxonomy":"product_tag","embeddable":true,"href":"https:\/\/cndestetik.ch\/fr\/wp-json\/wp\/v2\/product_tag?post=52658"}],"curies":[{"name":"wp","href":"https:\/\/api.w.org\/{rel}","templated":true}]}}