{"id":52655,"date":"2022-06-01T13:32:32","date_gmt":"2022-06-01T11:32:32","guid":{"rendered":"https:\/\/cndestetik.ch\/prodotto\/pince-a-epiler-pointue-en-acier-inoxydable\/"},"modified":"2022-11-15T15:44:09","modified_gmt":"2022-11-15T14:44:09","slug":"pinces-a-epiler-en-acier-inoxydable","status":"publish","type":"product","link":"https:\/\/cndestetik.ch\/fr\/prodotto\/pinces-a-epiler-en-acier-inoxydable\/","title":{"rendered":"Pince \u00e0 \u00e9piler pointue en acier inoxydable"},"content":{"rendered":"<p><span data-sheets-value=\"{\"1\":2,\"2\":\"Pinzetta in Acciaio Inox a Punta\"}\" data-sheets-userformat=\"{\"2\":15297,\"3\":{\"1\":0},\"9\":0,\"10\":2,\"11\":0,\"12\":0,\"14\":{\"1\":2,\"2\":0},\"15\":\"Calibri\",\"16\":11}\">Pince \u00e0 \u00e9piler pointue en acier inoxydable<\/span><\/p>\n","protected":false},"excerpt":{"rendered":"<p>Pince \u00e0 \u00e9piler \u00e0 bouts en acier inoxydable<\/p>\n","protected":false},"featured_media":54429,"template":"","meta":{"_acf_changed":false},"product_brand":[],"product_cat":[1296,2125],"product_tag":[1322,1611,9024,1612,9027],"class_list":{"0":"post-52655","1":"product","2":"type-product","3":"status-publish","4":"has-post-thumbnail","6":"product_cat-equipement","7":"product_cat-lash-brow-fr","8":"product_tag-acier-inoxydable","9":"product_tag-pince","10":"product_tag-pince-a-epiler-pointue","11":"product_tag-pinces-a-epiler","12":"product_tag-pinces-pointues","14":"first","15":"instock","16":"taxable","17":"shipping-taxable","18":"purchasable","19":"product-type-simple"},"acf":[],"jetpack_sharing_enabled":true,"_links":{"self":[{"href":"https:\/\/cndestetik.ch\/fr\/wp-json\/wp\/v2\/product\/52655","targetHints":{"allow":["GET"]}}],"collection":[{"href":"https:\/\/cndestetik.ch\/fr\/wp-json\/wp\/v2\/product"}],"about":[{"href":"https:\/\/cndestetik.ch\/fr\/wp-json\/wp\/v2\/types\/product"}],"wp:featuredmedia":[{"embeddable":true,"href":"https:\/\/cndestetik.ch\/fr\/wp-json\/wp\/v2\/media\/54429"}],"wp:attachment":[{"href":"https:\/\/cndestetik.ch\/fr\/wp-json\/wp\/v2\/media?parent=52655"}],"wp:term":[{"taxonomy":"product_brand","embeddable":true,"href":"https:\/\/cndestetik.ch\/fr\/wp-json\/wp\/v2\/product_brand?post=52655"},{"taxonomy":"product_cat","embeddable":true,"href":"https:\/\/cndestetik.ch\/fr\/wp-json\/wp\/v2\/product_cat?post=52655"},{"taxonomy":"product_tag","embeddable":true,"href":"https:\/\/cndestetik.ch\/fr\/wp-json\/wp\/v2\/product_tag?post=52655"}],"curies":[{"name":"wp","href":"https:\/\/api.w.org\/{rel}","templated":true}]}}