{"id":52640,"date":"2022-06-01T09:09:53","date_gmt":"2022-06-01T07:09:53","guid":{"rendered":"https:\/\/cndestetik.ch\/prodotto\/rouleau-de-carton-170x200\/"},"modified":"2022-11-15T15:45:23","modified_gmt":"2022-11-15T14:45:23","slug":"rotolo-cartene-170x200","status":"publish","type":"product","link":"https:\/\/cndestetik.ch\/fr\/prodotto\/rotolo-cartene-170x200\/","title":{"rendered":"Rouleau de carton 170&#215;200"},"content":{"rendered":"<p><span data-sheets-value=\"{\"1\":2,\"2\":\"Rotolo cartene roll 50, in polietilene ad alta densit\u00e0, 50 fogli cm. 170x200, imbustato singolarmente\"}\" data-sheets-userformat=\"{\"2\":15297,\"3\":{\"1\":0},\"9\":0,\"10\":2,\"11\":0,\"12\":0,\"14\":{\"1\":2,\"2\":0},\"15\":\"Calibri\",\"16\":11}\">Cartene roll 50, poly\u00e9thyl\u00e8ne haute densit\u00e9, 50 feuilles cm. 170&#215;200, emball\u00e9es individuellement<\/span><\/p>\n","protected":false},"excerpt":{"rendered":"<p>Rouleau de poly\u00e9thyl\u00e8ne de 50 feuilles <span data-sheets-value=\"{\"1\":2,\"2\":\"Rotolo cartene roll 50, in polietilene ad alta densit\u00e0, 50 fogli cm. 170x200, imbustato singolarmente\"}\" data-sheets-userformat=\"{\"2\":15297,\"3\":{\"1\":0},\"9\":0,\"10\":2,\"11\":0,\"12\":0,\"14\":{\"1\":2,\"2\":0},\"15\":\"Calibri\",\"16\":11}\">170&#215;200<\/span>.<\/p>\n","protected":false},"featured_media":54490,"template":"","meta":{"_acf_changed":false},"product_brand":[],"product_cat":[906],"product_tag":[1711,941,2341,1840],"class_list":{"0":"post-52640","1":"product","2":"type-product","3":"status-publish","4":"has-post-thumbnail","6":"product_cat-usage-unique","7":"product_tag-boue","8":"product_tag-cartene-fr","9":"product_tag-corps","10":"product_tag-traitements-corporels","12":"first","13":"instock","14":"taxable","15":"shipping-taxable","16":"purchasable","17":"product-type-simple"},"acf":[],"jetpack_sharing_enabled":true,"_links":{"self":[{"href":"https:\/\/cndestetik.ch\/fr\/wp-json\/wp\/v2\/product\/52640","targetHints":{"allow":["GET"]}}],"collection":[{"href":"https:\/\/cndestetik.ch\/fr\/wp-json\/wp\/v2\/product"}],"about":[{"href":"https:\/\/cndestetik.ch\/fr\/wp-json\/wp\/v2\/types\/product"}],"wp:featuredmedia":[{"embeddable":true,"href":"https:\/\/cndestetik.ch\/fr\/wp-json\/wp\/v2\/media\/54490"}],"wp:attachment":[{"href":"https:\/\/cndestetik.ch\/fr\/wp-json\/wp\/v2\/media?parent=52640"}],"wp:term":[{"taxonomy":"product_brand","embeddable":true,"href":"https:\/\/cndestetik.ch\/fr\/wp-json\/wp\/v2\/product_brand?post=52640"},{"taxonomy":"product_cat","embeddable":true,"href":"https:\/\/cndestetik.ch\/fr\/wp-json\/wp\/v2\/product_cat?post=52640"},{"taxonomy":"product_tag","embeddable":true,"href":"https:\/\/cndestetik.ch\/fr\/wp-json\/wp\/v2\/product_tag?post=52640"}],"curies":[{"name":"wp","href":"https:\/\/api.w.org\/{rel}","templated":true}]}}