{"id":52552,"date":"2020-10-15T11:43:55","date_gmt":"2020-10-15T09:43:55","guid":{"rendered":"https:\/\/cndestetik.ch\/prodotto\/creme-corporelle-raffermissante\/"},"modified":"2025-02-07T09:02:20","modified_gmt":"2025-02-07T08:02:20","slug":"creme-raffermissante-pour-le-corps","status":"publish","type":"product","link":"https:\/\/cndestetik.ch\/fr\/prodotto\/creme-raffermissante-pour-le-corps\/","title":{"rendered":"Cr\u00e8me corporelle raffermissante"},"content":{"rendered":"<p><span data-sheets-value=\"{\"1\":2,\"2\":\"Sostiene la tonacit\u00e0 e l'elasticit\u00e0 dei tessuti cutanei.\\nE' ottima da utilizzare dopo un trattamento domestico come il bagno con i sali di epsom, oppure un fango snellente ... ma anche come mantenimento del rassodamento della cute.\\nL'ideale sarebbe utilizzarla sempre dopo la doccia, con la pelle leggermente umida che favorisce il suo assorbimento.\\n\\nE' molto consigliata anche alle donne in gravidanza, da applicare soprattutto sulla pancia e sulle zone che subiscono maggiori modifiche corporali, in quanto maniene la pelle molto elastica e di conseguenza riducono il rischio di formazione di smagliature.\"}\" data-sheets-userformat=\"{\"2\":15297,\"3\":{\"1\":0},\"9\":0,\"10\":2,\"11\":0,\"12\":0,\"14\":{\"1\":2,\"2\":0},\"15\":\"Calibri\",\"16\":11}\"><\/p>\n<p>Il favorise la fermet\u00e9 et l&#8217;\u00e9lasticit\u00e9 des tissus cutan\u00e9s. Il est excellent \u00e0 utiliser apr\u00e8s un traitement \u00e0 domicile tel qu&#8217;un bain aux sels d&#8217;Epsom ou une boue amincissante, mais aussi pour maintenir le raffermissement de la peau. Id\u00e9alement, il devrait toujours \u00eatre utilis\u00e9 apr\u00e8s la douche, avec la peau l\u00e9g\u00e8rement humide, ce qui favorise son absorption.<\/span><\/p>\n<p>Elle est \u00e9galement tr\u00e8s recommand\u00e9e aux femmes enceintes, \u00e0 appliquer surtout sur le ventre et les zones qui subissent des changements corporels importants, car elle maintient la peau tr\u00e8s \u00e9lastique et r\u00e9duit donc le risque d&#8217;apparition de vergetures.<\/p>\n","protected":false},"excerpt":{"rendered":"<p>Cr\u00e8me pour le corps qui peut \u00eatre utilis\u00e9e en combinaison avec d&#8217;autres produits sur une peau humide pour favoriser son absorption.<\/p>\n","protected":false},"featured_media":37412,"template":"","meta":{"_acf_changed":false},"product_brand":[],"product_cat":[12987,1494,12982],"product_tag":[2341,3834,591,8972,436],"class_list":{"0":"post-52552","1":"product","2":"type-product","3":"status-publish","4":"has-post-thumbnail","6":"product_cat-corps","7":"product_cat-cosmetiques","8":"product_cat-microcosme","9":"product_tag-corps","10":"product_tag-creme","11":"product_tag-ginseng-fr","12":"product_tag-raffermissant-fr","13":"product_tag-spagyria","14":"pa_formato-200ml-fr","15":"pa_formato-500ml-fr","17":"first","18":"instock","19":"taxable","20":"shipping-taxable","21":"purchasable","22":"product-type-variable"},"acf":[],"jetpack_sharing_enabled":true,"_links":{"self":[{"href":"https:\/\/cndestetik.ch\/fr\/wp-json\/wp\/v2\/product\/52552","targetHints":{"allow":["GET"]}}],"collection":[{"href":"https:\/\/cndestetik.ch\/fr\/wp-json\/wp\/v2\/product"}],"about":[{"href":"https:\/\/cndestetik.ch\/fr\/wp-json\/wp\/v2\/types\/product"}],"wp:featuredmedia":[{"embeddable":true,"href":"https:\/\/cndestetik.ch\/fr\/wp-json\/wp\/v2\/media\/37412"}],"wp:attachment":[{"href":"https:\/\/cndestetik.ch\/fr\/wp-json\/wp\/v2\/media?parent=52552"}],"wp:term":[{"taxonomy":"product_brand","embeddable":true,"href":"https:\/\/cndestetik.ch\/fr\/wp-json\/wp\/v2\/product_brand?post=52552"},{"taxonomy":"product_cat","embeddable":true,"href":"https:\/\/cndestetik.ch\/fr\/wp-json\/wp\/v2\/product_cat?post=52552"},{"taxonomy":"product_tag","embeddable":true,"href":"https:\/\/cndestetik.ch\/fr\/wp-json\/wp\/v2\/product_tag?post=52552"}],"curies":[{"name":"wp","href":"https:\/\/api.w.org\/{rel}","templated":true}]}}