{"id":52544,"date":"2020-10-15T11:44:44","date_gmt":"2020-10-15T09:44:44","guid":{"rendered":"https:\/\/cndestetik.ch\/prodotto\/synergie-des-huiles-essentielles-de-quiete\/"},"modified":"2025-01-23T08:32:19","modified_gmt":"2025-01-23T07:32:19","slug":"synergie-des-huiles-essentielles-quiet","status":"publish","type":"product","link":"https:\/\/cndestetik.ch\/fr\/prodotto\/synergie-des-huiles-essentielles-quiet\/","title":{"rendered":"Synergie des huiles essentielles de Quiete"},"content":{"rendered":"<p><span data-sheets-value=\"{\"1\":2,\"2\":\"Una Sinergia dal profumo dolce e delicato. Tranquillizza l'animo conferendo un profondo senso di pace.\\nPuoi utilizzare le 5 sinergie olfattive Microcosmo per:\\n1) AROMATIZZARE GLI AMBIENTI - Metti un p\u00f2 d'acqua e qualche goccia della Sinergia scelta nel diffusore di essenze (Fornelletto in terracotta Microcosmo). Sfrutta la capacit\u00e0 dell'unione dei 4 elementi fuoco, terra, acqua e aria per aromatizzare l'ambiente e donare al tuo centro una qualit\u00e0 in pi\u00f9 di benessere.\\n2)AROMATIZZARE E CARATTERIZZARE UN OLIO O UNA CREMA BASE - Scegli insieme alla tua cliente la Sinergia pi\u00f9 indicata per lei. Aggiungi la sinergia scelta ad una Crema Massaggio base o ad un olio vegetale per creare un prodotto da massaggio specifico. In questo modo offri un viaggio di profumi e messaggi della natura, insieme al tocco e alla cura esperta delle tua mani. Dosaggi: 2-3% di sinergia nel veicolo che hai scelto (Olio Vegetale o Crema Base). 20 gocce equivalgono circa ad 1 ml., quindi puoi aggiungere circa 40-50 gocce in 100 ml. (in una porzione di crema o olio vegetale dedicato ad un massaggio corpo \u00e8 consigliabile aggiungere circa 7-10 gocce di sinergia)\\n3)AROMATIZZARE E CARATTERIZZARE UNO SCRUB CORPO - Componi uno scrub corpo personalizzato con i Sali di Epsom scegliendo l'olio vegetale pi\u00f9 indicato e facendo scegliere alla tua cliente una tra le sinergie di O.E. Unisci circa 4-5 cucchiai di Sali di Epsom, circa 7-10 gocce di Sinergia e Olio Vegetale q.b.\\n4)AROMATIZZARE E CARATTERIZZARE UN PEDILUVIO - In questo modo dai ancora pi\u00f9 valore a questo splndido gesto di cura riconoscendone cos\u00ec la sua importanza. Per fare questo aggiungi 3-4 gocce di Sinergia in un pugno di Sali di Epsom e solubilizzali nell'acqua del pediluvio.\\n5)AROMATIZZARE E CARATTERIZZARE UN BAGNO CALDO - In vasca normale o idromassaggio. Aggiungi 6-8 gocce di Sinergia in un pugno di Sali di Epsom (o pi\u00f9 Sali di Epsom a seconda che tu voglia rendere il bagno anche drenante e depurativo dei tessuti) e disperdili in acqua.\\n6)AROMATIZZARE E CARATTERIZZARE UN BAGNO DI VAPORE - Scegli insieme alla tua cliente la Sinergia pi\u00f9 indicata per lei e aggiungila nel bagno di vapore in quantit\u00e0 di circa 6-8 gocce. Le offrirai un viaggio di profumi che incentivano il rilassamento ed il benessere.\"}\" data-sheets-userformat=\"{\"2\":15297,\"3\":{\"1\":0},\"9\":0,\"10\":2,\"11\":0,\"12\":0,\"14\":{\"1\":2,\"2\":0},\"15\":\"Calibri\",\"16\":11}\">Une synergie au parfum doux et d\u00e9licat.<br \/>\nVous pouvez utiliser les 5 synergies olfactives du Microcosme pour.. :<br \/>\n<\/span><\/p>\n<p><span data-sheets-value=\"{\"1\":2,\"2\":\"Una Sinergia dal profumo dolce e delicato. Tranquillizza l'animo conferendo un profondo senso di pace.\\nPuoi utilizzare le 5 sinergie olfattive Microcosmo per:\\n1) AROMATIZZARE GLI AMBIENTI - Metti un p\u00f2 d'acqua e qualche goccia della Sinergia scelta nel diffusore di essenze (Fornelletto in terracotta Microcosmo). Sfrutta la capacit\u00e0 dell'unione dei 4 elementi fuoco, terra, acqua e aria per aromatizzare l'ambiente e donare al tuo centro una qualit\u00e0 in pi\u00f9 di benessere.\\n2)AROMATIZZARE E CARATTERIZZARE UN OLIO O UNA CREMA BASE - Scegli insieme alla tua cliente la Sinergia pi\u00f9 indicata per lei. Aggiungi la sinergia scelta ad una Crema Massaggio base o ad un olio vegetale per creare un prodotto da massaggio specifico. In questo modo offri un viaggio di profumi e messaggi della natura, insieme al tocco e alla cura esperta delle tua mani. Dosaggi: 2-3% di sinergia nel veicolo che hai scelto (Olio Vegetale o Crema Base). 20 gocce equivalgono circa ad 1 ml., quindi puoi aggiungere circa 40-50 gocce in 100 ml. (in una porzione di crema o olio vegetale dedicato ad un massaggio corpo \u00e8 consigliabile aggiungere circa 7-10 gocce di sinergia)\\n3)AROMATIZZARE E CARATTERIZZARE UNO SCRUB CORPO - Componi uno scrub corpo personalizzato con i Sali di Epsom scegliendo l'olio vegetale pi\u00f9 indicato e facendo scegliere alla tua cliente una tra le sinergie di O.E. Unisci circa 4-5 cucchiai di Sali di Epsom, circa 7-10 gocce di Sinergia e Olio Vegetale q.b.\\n4)AROMATIZZARE E CARATTERIZZARE UN PEDILUVIO - In questo modo dai ancora pi\u00f9 valore a questo splndido gesto di cura riconoscendone cos\u00ec la sua importanza. Per fare questo aggiungi 3-4 gocce di Sinergia in un pugno di Sali di Epsom e solubilizzali nell'acqua del pediluvio.\\n5)AROMATIZZARE E CARATTERIZZARE UN BAGNO CALDO - In vasca normale o idromassaggio. Aggiungi 6-8 gocce di Sinergia in un pugno di Sali di Epsom (o pi\u00f9 Sali di Epsom a seconda che tu voglia rendere il bagno anche drenante e depurativo dei tessuti) e disperdili in acqua.\\n6)AROMATIZZARE E CARATTERIZZARE UN BAGNO DI VAPORE - Scegli insieme alla tua cliente la Sinergia pi\u00f9 indicata per lei e aggiungila nel bagno di vapore in quantit\u00e0 di circa 6-8 gocce. Le offrirai un viaggio di profumi che incentivano il rilassamento ed il benessere.\"}\" data-sheets-userformat=\"{\"2\":15297,\"3\":{\"1\":0},\"9\":0,\"10\":2,\"11\":0,\"12\":0,\"14\":{\"1\":2,\"2\":0},\"15\":\"Calibri\",\"16\":11}\">1) AROMATISER LES ENVIRONS &#8211; Mettez un peu d&#8217;eau et quelques gouttes de la Synergie choisie dans le diffuseur d&#8217;essence (po\u00eale en terre cuite Microcosmo). Exploitez la capacit\u00e9 de l&#8217;union des 4 \u00e9l\u00e9ments feu, terre, eau et air pour aromatiser l&#8217;environnement et donner \u00e0 votre centre une qualit\u00e9 de bien-\u00eatre suppl\u00e9mentaire.<br \/>\n<\/span><\/p>\n<p><span data-sheets-value=\"{\"1\":2,\"2\":\"Una Sinergia dal profumo dolce e delicato. Tranquillizza l'animo conferendo un profondo senso di pace.\\nPuoi utilizzare le 5 sinergie olfattive Microcosmo per:\\n1) AROMATIZZARE GLI AMBIENTI - Metti un p\u00f2 d'acqua e qualche goccia della Sinergia scelta nel diffusore di essenze (Fornelletto in terracotta Microcosmo). Sfrutta la capacit\u00e0 dell'unione dei 4 elementi fuoco, terra, acqua e aria per aromatizzare l'ambiente e donare al tuo centro una qualit\u00e0 in pi\u00f9 di benessere.\\n2)AROMATIZZARE E CARATTERIZZARE UN OLIO O UNA CREMA BASE - Scegli insieme alla tua cliente la Sinergia pi\u00f9 indicata per lei. Aggiungi la sinergia scelta ad una Crema Massaggio base o ad un olio vegetale per creare un prodotto da massaggio specifico. In questo modo offri un viaggio di profumi e messaggi della natura, insieme al tocco e alla cura esperta delle tua mani. Dosaggi: 2-3% di sinergia nel veicolo che hai scelto (Olio Vegetale o Crema Base). 20 gocce equivalgono circa ad 1 ml., quindi puoi aggiungere circa 40-50 gocce in 100 ml. (in una porzione di crema o olio vegetale dedicato ad un massaggio corpo \u00e8 consigliabile aggiungere circa 7-10 gocce di sinergia)\\n3)AROMATIZZARE E CARATTERIZZARE UNO SCRUB CORPO - Componi uno scrub corpo personalizzato con i Sali di Epsom scegliendo l'olio vegetale pi\u00f9 indicato e facendo scegliere alla tua cliente una tra le sinergie di O.E. Unisci circa 4-5 cucchiai di Sali di Epsom, circa 7-10 gocce di Sinergia e Olio Vegetale q.b.\\n4)AROMATIZZARE E CARATTERIZZARE UN PEDILUVIO - In questo modo dai ancora pi\u00f9 valore a questo splndido gesto di cura riconoscendone cos\u00ec la sua importanza. Per fare questo aggiungi 3-4 gocce di Sinergia in un pugno di Sali di Epsom e solubilizzali nell'acqua del pediluvio.\\n5)AROMATIZZARE E CARATTERIZZARE UN BAGNO CALDO - In vasca normale o idromassaggio. Aggiungi 6-8 gocce di Sinergia in un pugno di Sali di Epsom (o pi\u00f9 Sali di Epsom a seconda che tu voglia rendere il bagno anche drenante e depurativo dei tessuti) e disperdili in acqua.\\n6)AROMATIZZARE E CARATTERIZZARE UN BAGNO DI VAPORE - Scegli insieme alla tua cliente la Sinergia pi\u00f9 indicata per lei e aggiungila nel bagno di vapore in quantit\u00e0 di circa 6-8 gocce. Le offrirai un viaggio di profumi che incentivano il rilassamento ed il benessere.\"}\" data-sheets-userformat=\"{\"2\":15297,\"3\":{\"1\":0},\"9\":0,\"10\":2,\"11\":0,\"12\":0,\"14\":{\"1\":2,\"2\":0},\"15\":\"Calibri\",\"16\":11}\">2)AROMATISER ET CARACT\u00c9RISER UNE BASE D&#8217;HUILE OU DE CR\u00c8ME &#8211; Choisissez avec votre cliente la synergie qui lui convient le mieux. Ajoutez la synergie choisie \u00e0 une cr\u00e8me de massage de base ou \u00e0 une huile v\u00e9g\u00e9tale pour cr\u00e9er un produit de massage sp\u00e9cifique. Vous offrez ainsi un voyage de parfums et de messages de la nature, ainsi que le toucher expert et le soin de vos mains. Dosage : 2-3% de synergie dans le v\u00e9hicule de votre choix (huile v\u00e9g\u00e9tale ou cr\u00e8me de base). 20 gouttes \u00e9quivalent \u00e0 environ 1 ml, vous pouvez donc ajouter environ 40-50 gouttes dans 100 ml. (environ 7-10 gouttes de synergie doivent \u00eatre ajout\u00e9es \u00e0 une portion de cr\u00e8me ou d&#8217;huile v\u00e9g\u00e9tale pour un massage corporel)<br \/>\n<\/span><\/p>\n<p><span data-sheets-value=\"{\"1\":2,\"2\":\"Una Sinergia dal profumo dolce e delicato. Tranquillizza l'animo conferendo un profondo senso di pace.\\nPuoi utilizzare le 5 sinergie olfattive Microcosmo per:\\n1) AROMATIZZARE GLI AMBIENTI - Metti un p\u00f2 d'acqua e qualche goccia della Sinergia scelta nel diffusore di essenze (Fornelletto in terracotta Microcosmo). Sfrutta la capacit\u00e0 dell'unione dei 4 elementi fuoco, terra, acqua e aria per aromatizzare l'ambiente e donare al tuo centro una qualit\u00e0 in pi\u00f9 di benessere.\\n2)AROMATIZZARE E CARATTERIZZARE UN OLIO O UNA CREMA BASE - Scegli insieme alla tua cliente la Sinergia pi\u00f9 indicata per lei. Aggiungi la sinergia scelta ad una Crema Massaggio base o ad un olio vegetale per creare un prodotto da massaggio specifico. In questo modo offri un viaggio di profumi e messaggi della natura, insieme al tocco e alla cura esperta delle tua mani. Dosaggi: 2-3% di sinergia nel veicolo che hai scelto (Olio Vegetale o Crema Base). 20 gocce equivalgono circa ad 1 ml., quindi puoi aggiungere circa 40-50 gocce in 100 ml. (in una porzione di crema o olio vegetale dedicato ad un massaggio corpo \u00e8 consigliabile aggiungere circa 7-10 gocce di sinergia)\\n3)AROMATIZZARE E CARATTERIZZARE UNO SCRUB CORPO - Componi uno scrub corpo personalizzato con i Sali di Epsom scegliendo l'olio vegetale pi\u00f9 indicato e facendo scegliere alla tua cliente una tra le sinergie di O.E. Unisci circa 4-5 cucchiai di Sali di Epsom, circa 7-10 gocce di Sinergia e Olio Vegetale q.b.\\n4)AROMATIZZARE E CARATTERIZZARE UN PEDILUVIO - In questo modo dai ancora pi\u00f9 valore a questo splndido gesto di cura riconoscendone cos\u00ec la sua importanza. Per fare questo aggiungi 3-4 gocce di Sinergia in un pugno di Sali di Epsom e solubilizzali nell'acqua del pediluvio.\\n5)AROMATIZZARE E CARATTERIZZARE UN BAGNO CALDO - In vasca normale o idromassaggio. Aggiungi 6-8 gocce di Sinergia in un pugno di Sali di Epsom (o pi\u00f9 Sali di Epsom a seconda che tu voglia rendere il bagno anche drenante e depurativo dei tessuti) e disperdili in acqua.\\n6)AROMATIZZARE E CARATTERIZZARE UN BAGNO DI VAPORE - Scegli insieme alla tua cliente la Sinergia pi\u00f9 indicata per lei e aggiungila nel bagno di vapore in quantit\u00e0 di circa 6-8 gocce. Le offrirai un viaggio di profumi che incentivano il rilassamento ed il benessere.\"}\" data-sheets-userformat=\"{\"2\":15297,\"3\":{\"1\":0},\"9\":0,\"10\":2,\"11\":0,\"12\":0,\"14\":{\"1\":2,\"2\":0},\"15\":\"Calibri\",\"16\":11}\">3)AROMATISER ET CARACT\u00c9RISER UN GOMMAGE POUR LE CORPS &#8211; Composez un gommage personnalis\u00e9 pour le corps avec des sels d&#8217;Epsom en choisissant l&#8217;huile v\u00e9g\u00e9tale la plus appropri\u00e9e et en faisant choisir \u00e0 votre client l&#8217;une des synergies de l&#8217;O.E. Combinez environ 4-5 cuill\u00e8res \u00e0 soupe de sels d&#8217;Epsom, environ 7-10 gouttes de synergie et de l&#8217;huile v\u00e9g\u00e9tale \u00e0 votre go\u00fbt.<br \/>\n<\/span><\/p>\n<p><span data-sheets-value=\"{\"1\":2,\"2\":\"Una Sinergia dal profumo dolce e delicato. Tranquillizza l'animo conferendo un profondo senso di pace.\\nPuoi utilizzare le 5 sinergie olfattive Microcosmo per:\\n1) AROMATIZZARE GLI AMBIENTI - Metti un p\u00f2 d'acqua e qualche goccia della Sinergia scelta nel diffusore di essenze (Fornelletto in terracotta Microcosmo). Sfrutta la capacit\u00e0 dell'unione dei 4 elementi fuoco, terra, acqua e aria per aromatizzare l'ambiente e donare al tuo centro una qualit\u00e0 in pi\u00f9 di benessere.\\n2)AROMATIZZARE E CARATTERIZZARE UN OLIO O UNA CREMA BASE - Scegli insieme alla tua cliente la Sinergia pi\u00f9 indicata per lei. Aggiungi la sinergia scelta ad una Crema Massaggio base o ad un olio vegetale per creare un prodotto da massaggio specifico. In questo modo offri un viaggio di profumi e messaggi della natura, insieme al tocco e alla cura esperta delle tua mani. Dosaggi: 2-3% di sinergia nel veicolo che hai scelto (Olio Vegetale o Crema Base). 20 gocce equivalgono circa ad 1 ml., quindi puoi aggiungere circa 40-50 gocce in 100 ml. (in una porzione di crema o olio vegetale dedicato ad un massaggio corpo \u00e8 consigliabile aggiungere circa 7-10 gocce di sinergia)\\n3)AROMATIZZARE E CARATTERIZZARE UNO SCRUB CORPO - Componi uno scrub corpo personalizzato con i Sali di Epsom scegliendo l'olio vegetale pi\u00f9 indicato e facendo scegliere alla tua cliente una tra le sinergie di O.E. Unisci circa 4-5 cucchiai di Sali di Epsom, circa 7-10 gocce di Sinergia e Olio Vegetale q.b.\\n4)AROMATIZZARE E CARATTERIZZARE UN PEDILUVIO - In questo modo dai ancora pi\u00f9 valore a questo splndido gesto di cura riconoscendone cos\u00ec la sua importanza. Per fare questo aggiungi 3-4 gocce di Sinergia in un pugno di Sali di Epsom e solubilizzali nell'acqua del pediluvio.\\n5)AROMATIZZARE E CARATTERIZZARE UN BAGNO CALDO - In vasca normale o idromassaggio. Aggiungi 6-8 gocce di Sinergia in un pugno di Sali di Epsom (o pi\u00f9 Sali di Epsom a seconda che tu voglia rendere il bagno anche drenante e depurativo dei tessuti) e disperdili in acqua.\\n6)AROMATIZZARE E CARATTERIZZARE UN BAGNO DI VAPORE - Scegli insieme alla tua cliente la Sinergia pi\u00f9 indicata per lei e aggiungila nel bagno di vapore in quantit\u00e0 di circa 6-8 gocce. Le offrirai un viaggio di profumi che incentivano il rilassamento ed il benessere.\"}\" data-sheets-userformat=\"{\"2\":15297,\"3\":{\"1\":0},\"9\":0,\"10\":2,\"11\":0,\"12\":0,\"14\":{\"1\":2,\"2\":0},\"15\":\"Calibri\",\"16\":11}\">4)AROMATISER ET CARACTERISER UN PEDILUVIO &#8211; De cette fa\u00e7on, vous donnez encore plus de valeur \u00e0 ce splendide geste de soin, reconnaissant ainsi son importance. Pour ce faire, ajoutez 3-4 gouttes de Synergy \u00e0 une poign\u00e9e de sels d&#8217;Epsom et solubilisez-les dans l&#8217;eau du bain de pieds.<br \/>\n<\/span><\/p>\n<p><span data-sheets-value=\"{\"1\":2,\"2\":\"Una Sinergia dal profumo dolce e delicato. Tranquillizza l'animo conferendo un profondo senso di pace.\\nPuoi utilizzare le 5 sinergie olfattive Microcosmo per:\\n1) AROMATIZZARE GLI AMBIENTI - Metti un p\u00f2 d'acqua e qualche goccia della Sinergia scelta nel diffusore di essenze (Fornelletto in terracotta Microcosmo). Sfrutta la capacit\u00e0 dell'unione dei 4 elementi fuoco, terra, acqua e aria per aromatizzare l'ambiente e donare al tuo centro una qualit\u00e0 in pi\u00f9 di benessere.\\n2)AROMATIZZARE E CARATTERIZZARE UN OLIO O UNA CREMA BASE - Scegli insieme alla tua cliente la Sinergia pi\u00f9 indicata per lei. Aggiungi la sinergia scelta ad una Crema Massaggio base o ad un olio vegetale per creare un prodotto da massaggio specifico. In questo modo offri un viaggio di profumi e messaggi della natura, insieme al tocco e alla cura esperta delle tua mani. Dosaggi: 2-3% di sinergia nel veicolo che hai scelto (Olio Vegetale o Crema Base). 20 gocce equivalgono circa ad 1 ml., quindi puoi aggiungere circa 40-50 gocce in 100 ml. (in una porzione di crema o olio vegetale dedicato ad un massaggio corpo \u00e8 consigliabile aggiungere circa 7-10 gocce di sinergia)\\n3)AROMATIZZARE E CARATTERIZZARE UNO SCRUB CORPO - Componi uno scrub corpo personalizzato con i Sali di Epsom scegliendo l'olio vegetale pi\u00f9 indicato e facendo scegliere alla tua cliente una tra le sinergie di O.E. Unisci circa 4-5 cucchiai di Sali di Epsom, circa 7-10 gocce di Sinergia e Olio Vegetale q.b.\\n4)AROMATIZZARE E CARATTERIZZARE UN PEDILUVIO - In questo modo dai ancora pi\u00f9 valore a questo splndido gesto di cura riconoscendone cos\u00ec la sua importanza. Per fare questo aggiungi 3-4 gocce di Sinergia in un pugno di Sali di Epsom e solubilizzali nell'acqua del pediluvio.\\n5)AROMATIZZARE E CARATTERIZZARE UN BAGNO CALDO - In vasca normale o idromassaggio. Aggiungi 6-8 gocce di Sinergia in un pugno di Sali di Epsom (o pi\u00f9 Sali di Epsom a seconda che tu voglia rendere il bagno anche drenante e depurativo dei tessuti) e disperdili in acqua.\\n6)AROMATIZZARE E CARATTERIZZARE UN BAGNO DI VAPORE - Scegli insieme alla tua cliente la Sinergia pi\u00f9 indicata per lei e aggiungila nel bagno di vapore in quantit\u00e0 di circa 6-8 gocce. Le offrirai un viaggio di profumi che incentivano il rilassamento ed il benessere.\"}\" data-sheets-userformat=\"{\"2\":15297,\"3\":{\"1\":0},\"9\":0,\"10\":2,\"11\":0,\"12\":0,\"14\":{\"1\":2,\"2\":0},\"15\":\"Calibri\",\"16\":11}\">5)AROMATISER ET CARACTERISER UN BAIN CHAUD &#8211; Dans un bain normal ou \u00e0 remous. Ajoutez 6 \u00e0 8 gouttes de Synergy \u00e0 une poign\u00e9e de sels d&#8217;Epsom (ou plus de sels d&#8217;Epsom selon que vous souhaitez \u00e9galement rendre le bain drainant et purifiant pour les tissus) et dispersez-les dans l&#8217;eau.<br \/>\n<\/span><\/p>\n<p><span data-sheets-value=\"{\"1\":2,\"2\":\"Una Sinergia dal profumo dolce e delicato. Tranquillizza l'animo conferendo un profondo senso di pace.\\nPuoi utilizzare le 5 sinergie olfattive Microcosmo per:\\n1) AROMATIZZARE GLI AMBIENTI - Metti un p\u00f2 d'acqua e qualche goccia della Sinergia scelta nel diffusore di essenze (Fornelletto in terracotta Microcosmo). Sfrutta la capacit\u00e0 dell'unione dei 4 elementi fuoco, terra, acqua e aria per aromatizzare l'ambiente e donare al tuo centro una qualit\u00e0 in pi\u00f9 di benessere.\\n2)AROMATIZZARE E CARATTERIZZARE UN OLIO O UNA CREMA BASE - Scegli insieme alla tua cliente la Sinergia pi\u00f9 indicata per lei. Aggiungi la sinergia scelta ad una Crema Massaggio base o ad un olio vegetale per creare un prodotto da massaggio specifico. In questo modo offri un viaggio di profumi e messaggi della natura, insieme al tocco e alla cura esperta delle tua mani. Dosaggi: 2-3% di sinergia nel veicolo che hai scelto (Olio Vegetale o Crema Base). 20 gocce equivalgono circa ad 1 ml., quindi puoi aggiungere circa 40-50 gocce in 100 ml. (in una porzione di crema o olio vegetale dedicato ad un massaggio corpo \u00e8 consigliabile aggiungere circa 7-10 gocce di sinergia)\\n3)AROMATIZZARE E CARATTERIZZARE UNO SCRUB CORPO - Componi uno scrub corpo personalizzato con i Sali di Epsom scegliendo l'olio vegetale pi\u00f9 indicato e facendo scegliere alla tua cliente una tra le sinergie di O.E. Unisci circa 4-5 cucchiai di Sali di Epsom, circa 7-10 gocce di Sinergia e Olio Vegetale q.b.\\n4)AROMATIZZARE E CARATTERIZZARE UN PEDILUVIO - In questo modo dai ancora pi\u00f9 valore a questo splndido gesto di cura riconoscendone cos\u00ec la sua importanza. Per fare questo aggiungi 3-4 gocce di Sinergia in un pugno di Sali di Epsom e solubilizzali nell'acqua del pediluvio.\\n5)AROMATIZZARE E CARATTERIZZARE UN BAGNO CALDO - In vasca normale o idromassaggio. Aggiungi 6-8 gocce di Sinergia in un pugno di Sali di Epsom (o pi\u00f9 Sali di Epsom a seconda che tu voglia rendere il bagno anche drenante e depurativo dei tessuti) e disperdili in acqua.\\n6)AROMATIZZARE E CARATTERIZZARE UN BAGNO DI VAPORE - Scegli insieme alla tua cliente la Sinergia pi\u00f9 indicata per lei e aggiungila nel bagno di vapore in quantit\u00e0 di circa 6-8 gocce. Le offrirai un viaggio di profumi che incentivano il rilassamento ed il benessere.\"}\" data-sheets-userformat=\"{\"2\":15297,\"3\":{\"1\":0},\"9\":0,\"10\":2,\"11\":0,\"12\":0,\"14\":{\"1\":2,\"2\":0},\"15\":\"Calibri\",\"16\":11}\">6)AROMATISER ET CARACT\u00c9RISER UN BAIN \u00c0 VAPEUR &#8211; Choisissez avec votre cliente la synergie qui lui convient le mieux et ajoutez-la au bain \u00e0 vapeur en quantit\u00e9s d&#8217;environ 6-8 gouttes. Vous lui offrez un voyage de senteurs qui stimulent la d\u00e9tente et le bien-\u00eatre.<\/span><\/p>\n","protected":false},"excerpt":{"rendered":"<p>Synergie douce et d\u00e9licate d&#8217;huiles essentielles<\/p>\n","protected":false},"featured_media":37376,"template":"","meta":{"_acf_changed":false},"product_brand":[],"product_cat":[2317,12982],"product_tag":[4355,4354,9989,4353,4256,2322,527,4257,4268,521,4303,8912],"class_list":{"0":"post-52544","1":"product","2":"type-product","3":"status-publish","4":"has-post-thumbnail","6":"product_cat-essences-fr","7":"product_cat-microcosme","8":"product_tag-bois","9":"product_tag-bois-de-cedre","10":"product_tag-calme","11":"product_tag-cedre","12":"product_tag-essence-fr","13":"product_tag-essentiel","14":"product_tag-geranium-fr","15":"product_tag-huiles","16":"product_tag-lessentiel","17":"product_tag-lavande","18":"product_tag-synergie","19":"product_tag-ylang-ylang-fr","20":"pa_formato-10ml-fr","21":"pa_formato-30ml-fr","23":"first","24":"instock","25":"taxable","26":"shipping-taxable","27":"purchasable","28":"product-type-variable","29":"has-default-attributes"},"acf":[],"jetpack_sharing_enabled":true,"_links":{"self":[{"href":"https:\/\/cndestetik.ch\/fr\/wp-json\/wp\/v2\/product\/52544","targetHints":{"allow":["GET"]}}],"collection":[{"href":"https:\/\/cndestetik.ch\/fr\/wp-json\/wp\/v2\/product"}],"about":[{"href":"https:\/\/cndestetik.ch\/fr\/wp-json\/wp\/v2\/types\/product"}],"wp:featuredmedia":[{"embeddable":true,"href":"https:\/\/cndestetik.ch\/fr\/wp-json\/wp\/v2\/media\/37376"}],"wp:attachment":[{"href":"https:\/\/cndestetik.ch\/fr\/wp-json\/wp\/v2\/media?parent=52544"}],"wp:term":[{"taxonomy":"product_brand","embeddable":true,"href":"https:\/\/cndestetik.ch\/fr\/wp-json\/wp\/v2\/product_brand?post=52544"},{"taxonomy":"product_cat","embeddable":true,"href":"https:\/\/cndestetik.ch\/fr\/wp-json\/wp\/v2\/product_cat?post=52544"},{"taxonomy":"product_tag","embeddable":true,"href":"https:\/\/cndestetik.ch\/fr\/wp-json\/wp\/v2\/product_tag?post=52544"}],"curies":[{"name":"wp","href":"https:\/\/api.w.org\/{rel}","templated":true}]}}