{"id":52533,"date":"2020-10-15T11:42:51","date_gmt":"2020-10-15T09:42:51","guid":{"rendered":"https:\/\/cndestetik.ch\/prodotto\/gouttes-eclaircissantes\/"},"modified":"2025-01-24T08:25:25","modified_gmt":"2025-01-24T07:25:25","slug":"eliminateurs-de-gouttes","status":"publish","type":"product","link":"https:\/\/cndestetik.ch\/fr\/prodotto\/eliminateurs-de-gouttes\/","title":{"rendered":"Gouttes \u00e9claircissantes"},"content":{"rendered":"<p><span data-sheets-value=\"{&quot;1&quot;:2,&quot;2&quot;:&quot;Preziosa miscela a base di Olio di Rosa Mosqueta, dal potere antiossidante, emolliente e nutriente che, unito all'olio essenziale di Limone e all'estratto idroglicerico di Hamamelis, dalle propriet\u00e0 schiarenti e rigeneranti della cute, creano un prodoto dalle ampie possibilit\u00e0.nnUtilizzalo su tutte le macchie della pelle e discromie solari, o direttamente applicato sulla pelle oppure abbinato a maschere, impacchi, creme e oli.nutilizzalo sul viso, sulle mani e su tutto il resto del corpo.nnEvita l'esposizione al sole subito dopo l'utilizzo.&quot;}\" data-sheets-userformat=\"{&quot;2&quot;:15297,&quot;3&quot;:{&quot;1&quot;:0},&quot;9&quot;:0,&quot;10&quot;:2,&quot;11&quot;:0,&quot;12&quot;:0,&quot;14&quot;:{&quot;1&quot;:2,&quot;2&quot;:0},&quot;15&quot;:&quot;Calibri&quot;,&quot;16&quot;:11}\">Pr\u00e9cieux m\u00e9lange d&#8217;huile de rose musqu\u00e9e, au pouvoir antioxydant, \u00e9mollient et nourrissant, qui, associ\u00e9 \u00e0 l&#8217;huile essentielle de citron et \u00e0 l&#8217;extrait hydro-glyc\u00e9rique d&#8217;hamam\u00e9lis, aux propri\u00e9t\u00e9s \u00e9claircissantes et r\u00e9g\u00e9n\u00e9ratrices de la peau, cr\u00e9e un produit aux multiples possibilit\u00e9s.<\/p>\n<p>Utilisez-le sur toutes les imperfections de la peau et les taches solaires, soit directement appliqu\u00e9 sur la peau, soit associ\u00e9 \u00e0 des masques, compresses, cr\u00e8mes et huiles.<br \/>  Utilisez-le sur le visage, les mains et tout le corps.<\/p>\n<p>\u00c9vitez l&#8217;exposition au soleil imm\u00e9diatement apr\u00e8s l&#8217;utilisation.<\/span><\/p>\n<p>Taille : 10ml<\/p>\n","protected":false},"excerpt":{"rendered":"<p>Un produit qui donne de l&#8217;\u00e9clat \u00e0 la peau gr\u00e2ce \u00e0 ses propri\u00e9t\u00e9s.<\/p>\n","protected":false},"featured_media":37454,"template":"","meta":{"_acf_changed":false},"product_brand":[],"product_cat":[1494,12982,12989],"product_tag":[509,7153,7304,8963,460,480],"class_list":{"0":"post-52533","1":"product","2":"type-product","3":"status-publish","4":"has-post-thumbnail","6":"product_cat-cosmetiques","7":"product_cat-microcosme","8":"product_cat-visage","9":"product_tag-citron","10":"product_tag-gouttes","11":"product_tag-hamamelis-fr","12":"product_tag-nettoyage-fr-2","13":"product_tag-regenerant","14":"product_tag-rosamosqueta-fr","16":"first","17":"instock","18":"taxable","19":"shipping-taxable","20":"purchasable","21":"product-type-simple"},"acf":[],"jetpack_sharing_enabled":true,"_links":{"self":[{"href":"https:\/\/cndestetik.ch\/fr\/wp-json\/wp\/v2\/product\/52533","targetHints":{"allow":["GET"]}}],"collection":[{"href":"https:\/\/cndestetik.ch\/fr\/wp-json\/wp\/v2\/product"}],"about":[{"href":"https:\/\/cndestetik.ch\/fr\/wp-json\/wp\/v2\/types\/product"}],"wp:featuredmedia":[{"embeddable":true,"href":"https:\/\/cndestetik.ch\/fr\/wp-json\/wp\/v2\/media\/37454"}],"wp:attachment":[{"href":"https:\/\/cndestetik.ch\/fr\/wp-json\/wp\/v2\/media?parent=52533"}],"wp:term":[{"taxonomy":"product_brand","embeddable":true,"href":"https:\/\/cndestetik.ch\/fr\/wp-json\/wp\/v2\/product_brand?post=52533"},{"taxonomy":"product_cat","embeddable":true,"href":"https:\/\/cndestetik.ch\/fr\/wp-json\/wp\/v2\/product_cat?post=52533"},{"taxonomy":"product_tag","embeddable":true,"href":"https:\/\/cndestetik.ch\/fr\/wp-json\/wp\/v2\/product_tag?post=52533"}],"curies":[{"name":"wp","href":"https:\/\/api.w.org\/{rel}","templated":true}]}}