{"id":52512,"date":"2020-10-15T11:41:50","date_gmt":"2020-10-15T09:41:50","guid":{"rendered":"https:\/\/cndestetik.ch\/prodotto\/creme-fluide-pour-le-corps\/"},"modified":"2022-11-15T17:03:15","modified_gmt":"2022-11-15T16:03:15","slug":"creme-fluide-corps","status":"publish","type":"product","link":"https:\/\/cndestetik.ch\/fr\/prodotto\/creme-fluide-corps\/","title":{"rendered":"Cr\u00e8me fluide pour le corps"},"content":{"rendered":"<p>Calmant et hydratant, il apporte la tranquillit\u00e9 par son parfum. C&#8217;est la cr\u00e8me la plus appr\u00e9ci\u00e9e des enfants&#8230; et des m\u00e8res !<\/p>\n<p>Il laisse un parfum d\u00e9licat et d\u00e9licieux avec des notes de douceur et de blancheur. Il hydrate en profondeur et est id\u00e9al en toutes saisons !<\/p>\n<p>Taille : 200ml<\/p>\n<p>Ingr\u00e9dients 100% biologiques et naturels<\/p>\n<p>Vegan<\/p>\n<p>Sans cruaut\u00e9<\/p>\n","protected":false},"excerpt":{"rendered":"<p>Cr\u00e8me pour b\u00e9b\u00e9 parfum\u00e9e et hydratante.<\/p>\n","protected":false},"featured_media":37500,"template":"","meta":{"_acf_changed":false},"product_brand":[],"product_cat":[1897],"product_tag":[2341,3834,593,8931,4372,8382,8932,449,436],"class_list":{"0":"post-52512","1":"product","2":"type-product","3":"status-publish","4":"has-post-thumbnail","6":"product_cat-enfants","7":"product_tag-corps","8":"product_tag-creme","9":"product_tag-creme-hydratante","10":"product_tag-delicat","11":"product_tag-enfants","12":"product_tag-enfants-fr","13":"product_tag-fluide","14":"product_tag-rose-dinde","15":"product_tag-spagyria","17":"first","18":"instock","19":"taxable","20":"shipping-taxable","21":"purchasable","22":"product-type-simple"},"acf":[],"jetpack_sharing_enabled":true,"_links":{"self":[{"href":"https:\/\/cndestetik.ch\/fr\/wp-json\/wp\/v2\/product\/52512","targetHints":{"allow":["GET"]}}],"collection":[{"href":"https:\/\/cndestetik.ch\/fr\/wp-json\/wp\/v2\/product"}],"about":[{"href":"https:\/\/cndestetik.ch\/fr\/wp-json\/wp\/v2\/types\/product"}],"wp:featuredmedia":[{"embeddable":true,"href":"https:\/\/cndestetik.ch\/fr\/wp-json\/wp\/v2\/media\/37500"}],"wp:attachment":[{"href":"https:\/\/cndestetik.ch\/fr\/wp-json\/wp\/v2\/media?parent=52512"}],"wp:term":[{"taxonomy":"product_brand","embeddable":true,"href":"https:\/\/cndestetik.ch\/fr\/wp-json\/wp\/v2\/product_brand?post=52512"},{"taxonomy":"product_cat","embeddable":true,"href":"https:\/\/cndestetik.ch\/fr\/wp-json\/wp\/v2\/product_cat?post=52512"},{"taxonomy":"product_tag","embeddable":true,"href":"https:\/\/cndestetik.ch\/fr\/wp-json\/wp\/v2\/product_tag?post=52512"}],"curies":[{"name":"wp","href":"https:\/\/api.w.org\/{rel}","templated":true}]}}