{"id":52499,"date":"2020-10-15T11:41:19","date_gmt":"2020-10-15T09:41:19","guid":{"rendered":"https:\/\/cndestetik.ch\/prodotto\/creme-pour-les-pieds\/"},"modified":"2025-01-23T09:39:53","modified_gmt":"2025-01-23T08:39:53","slug":"creme-pour-les-pieds","status":"publish","type":"product","link":"https:\/\/cndestetik.ch\/fr\/prodotto\/creme-pour-les-pieds\/","title":{"rendered":"Cr\u00e8me pour les pieds"},"content":{"rendered":"<p><span data-sheets-value=\"{\"1\":2,\"2\":\"Mira a dare sollievo e benessere ai piedi, idratando, tonificando e rinfrescando la cute.nRegolarizza la sudorazione grazie all'estratto spagirico di Salvia, migliora la circolazione periferica e aiuta a tenere la temperatura dei piedi in equilibrio con quella del corpo grazie all'estratto spgirico di ippocastano, mantenendo i piedi leggeri e morbidi durante la giornata.\"}\" data-sheets-userformat=\"{\"2\":15297,\"3\":{\"1\":0},\"9\":0,\"10\":2,\"11\":0,\"12\":0,\"14\":{\"1\":2,\"2\":0},\"15\":\"Calibri\",\"16\":11}\"><br \/>\nIl r\u00e9gule la transpiration gr\u00e2ce \u00e0 l&#8217;extrait spagyrique de sauge, am\u00e9liore la circulation p\u00e9riph\u00e9rique et contribue \u00e0 maintenir la temp\u00e9rature des pieds en \u00e9quilibre avec celle du corps gr\u00e2ce \u00e0 l&#8217;extrait spagyrique de marron d&#8217;Inde, gardant ainsi les pieds l\u00e9gers et doux tout au long de la journ\u00e9e.<\/span><\/p>\n","protected":false},"excerpt":{"rendered":"<p>Cr\u00e8me pour les pieds \u00e0 base de sauge, disponible en deux tailles.<\/p>\n","protected":false},"featured_media":37518,"template":"","meta":{"_acf_changed":false},"product_brand":[],"product_cat":[12987,1494,12982],"product_tag":[3834,8917,556,1453,490],"class_list":{"0":"post-52499","1":"product","2":"type-product","3":"status-publish","4":"has-post-thumbnail","6":"product_cat-corps","7":"product_cat-cosmetiques","8":"product_cat-microcosme","9":"product_tag-creme","10":"product_tag-creme-pour-les-pieds","11":"product_tag-marron-dinde","12":"product_tag-pieds","13":"product_tag-sage-fr","14":"pa_formato-100ml-fr","15":"pa_formato-250-ml","16":"pa_formato-50ml-fr","18":"first","19":"instock","20":"taxable","21":"shipping-taxable","22":"purchasable","23":"product-type-variable"},"acf":[],"jetpack_sharing_enabled":true,"_links":{"self":[{"href":"https:\/\/cndestetik.ch\/fr\/wp-json\/wp\/v2\/product\/52499","targetHints":{"allow":["GET"]}}],"collection":[{"href":"https:\/\/cndestetik.ch\/fr\/wp-json\/wp\/v2\/product"}],"about":[{"href":"https:\/\/cndestetik.ch\/fr\/wp-json\/wp\/v2\/types\/product"}],"wp:featuredmedia":[{"embeddable":true,"href":"https:\/\/cndestetik.ch\/fr\/wp-json\/wp\/v2\/media\/37518"}],"wp:attachment":[{"href":"https:\/\/cndestetik.ch\/fr\/wp-json\/wp\/v2\/media?parent=52499"}],"wp:term":[{"taxonomy":"product_brand","embeddable":true,"href":"https:\/\/cndestetik.ch\/fr\/wp-json\/wp\/v2\/product_brand?post=52499"},{"taxonomy":"product_cat","embeddable":true,"href":"https:\/\/cndestetik.ch\/fr\/wp-json\/wp\/v2\/product_cat?post=52499"},{"taxonomy":"product_tag","embeddable":true,"href":"https:\/\/cndestetik.ch\/fr\/wp-json\/wp\/v2\/product_tag?post=52499"}],"curies":[{"name":"wp","href":"https:\/\/api.w.org\/{rel}","templated":true}]}}