{"id":52493,"date":"2020-10-15T11:41:07","date_gmt":"2020-10-15T09:41:07","guid":{"rendered":"https:\/\/cndestetik.ch\/prodotto\/huile-essentielle-de-basilic\/"},"modified":"2025-01-22T16:15:32","modified_gmt":"2025-01-22T15:15:32","slug":"huile-essentielle-de-basilic","status":"publish","type":"product","link":"https:\/\/cndestetik.ch\/fr\/prodotto\/huile-essentielle-de-basilic\/","title":{"rendered":"Huile essentielle de basilic"},"content":{"rendered":"<p><span data-sheets-value=\"{\"1\":2,\"2\":\"Nota di Testa. Tonico del sistema nervoso - infonde coraggio ed energia - adatto nel trattamento delle cefalee.\\nAzioni: antibatterico - antimicotico - acaricida - antiossidante - carminativo - espettorante - tonico\\nAdatto in caso di: pelle impura - artrosi e artriti - dolori muscolari - punture di insetti - trattamento dell'addome gonfio\\n\\nGli oli essenziali vengono estratti da parti specifiche di piante aromatiche dette essenziere. L'estrazione viene per lo pi\u00f9 fatta con il metodo della distillazione in corrente di vapore, ottenuta tramite appositi distillatori. Con essa si riescono a raccogliere le molecole pi\u00f9 volatili e lipofile della pianta\\n-Gli oli essenziali non vanno applicati puri sulla pelle poich\u00e9 possono provocare effetti collaterali, quali irritazioni cutanee, allergie e vere e proprie macchie sulla pelle. E' quindi necessario diluirli sempre in sostanze vettrici come oli base, creme, saponi etc.\\n-Non utilizzarli in trattamenti di donne in gravidanza. Gli O.E. di agrumi (come arancio amaro, bergamotto e limone) contengono sostanze fotosensibilizzanti, non vanno utilizzati prima dell'esposizione al sole. Tenere gli O.E. fuori dalla portata dei bambini. Per escludere eventuali reazioni allergiche, peraltro molto rare, la prima volta che utilizzate un olio essenziale fate una prova con una goccia sull'incavo del gomito. Nel giro di un minuto se non si manifesta nessuna reazione allora potrete usarlo con tranquillit\u00e0 (sempre nelle diluizioni consigliate)\\n-Noce moscata, Salvia, Rosmarino e Timo sono controindicati in caso di epilessia.\"}\" data-sheets-userformat=\"{\"2\":15297,\"3\":{\"1\":0},\"9\":0,\"10\":2,\"11\":0,\"12\":0,\"14\":{\"1\":2,\"2\":0},\"15\":\"Calibri\",\"16\":11}\">Top Note. <\/p>\n<p>Actions : antibact\u00e9rien &#8211; antifongique &#8211; acaricide &#8211; antioxydant &#8211; carminatif &#8211; expectorant &#8211; tonique Convient pour : peau impure &#8211; arthrose et arthrite &#8211; douleurs musculaires &#8211; piq\u00fbres d&#8217;insectes &#8211; traitement de l&#8217;abdomen gonfl\u00e9<\/span><\/p>\n<p>Les huiles essentielles sont extraites de parties sp\u00e9cifiques de plantes aromatiques appel\u00e9es essences. L&#8217;extraction se fait principalement par la m\u00e9thode de distillation \u00e0 la vapeur, \u00e0 l&#8217;aide de distillateurs sp\u00e9ciaux. Il permet de recueillir les mol\u00e9cules les plus volatiles et les plus lipophiles de la plante.<\/p>\n<p><span data-sheets-value=\"{\"1\":2,\"2\":\"Nota di Testa. Tonico del sistema nervoso - infonde coraggio ed energia - adatto nel trattamento delle cefalee.\\nAzioni: antibatterico - antimicotico - acaricida - antiossidante - carminativo - espettorante - tonico\\nAdatto in caso di: pelle impura - artrosi e artriti - dolori muscolari - punture di insetti - trattamento dell'addome gonfio\\n\\nGli oli essenziali vengono estratti da parti specifiche di piante aromatiche dette essenziere. L'estrazione viene per lo pi\u00f9 fatta con il metodo della distillazione in corrente di vapore, ottenuta tramite appositi distillatori. Con essa si riescono a raccogliere le molecole pi\u00f9 volatili e lipofile della pianta\\n-Gli oli essenziali non vanno applicati puri sulla pelle poich\u00e9 possono provocare effetti collaterali, quali irritazioni cutanee, allergie e vere e proprie macchie sulla pelle. E' quindi necessario diluirli sempre in sostanze vettrici come oli base, creme, saponi etc.\\n-Non utilizzarli in trattamenti di donne in gravidanza. Gli O.E. di agrumi (come arancio amaro, bergamotto e limone) contengono sostanze fotosensibilizzanti, non vanno utilizzati prima dell'esposizione al sole. Tenere gli O.E. fuori dalla portata dei bambini. Per escludere eventuali reazioni allergiche, peraltro molto rare, la prima volta che utilizzate un olio essenziale fate una prova con una goccia sull'incavo del gomito. Nel giro di un minuto se non si manifesta nessuna reazione allora potrete usarlo con tranquillit\u00e0 (sempre nelle diluizioni consigliate)\\n-Noce moscata, Salvia, Rosmarino e Timo sono controindicati in caso di epilessia.\"}\" data-sheets-userformat=\"{\"2\":15297,\"3\":{\"1\":0},\"9\":0,\"10\":2,\"11\":0,\"12\":0,\"14\":{\"1\":2,\"2\":0},\"15\":\"Calibri\",\"16\":11}\">-Les huiles essentielles ne doivent pas \u00eatre appliqu\u00e9es purement sur la peau car elles peuvent provoquer des effets secondaires, tels qu&#8217;une irritation de la peau, des allergies et des taches sur la peau. Il est donc toujours n\u00e9cessaire de les diluer dans des substances vectrices telles que des huiles de base, des cr\u00e8mes, des savons, etc.<br \/>\n<\/span><\/p>\n<p><span data-sheets-value=\"{\"1\":2,\"2\":\"Nota di Testa. Tonico del sistema nervoso - infonde coraggio ed energia - adatto nel trattamento delle cefalee.\\nAzioni: antibatterico - antimicotico - acaricida - antiossidante - carminativo - espettorante - tonico\\nAdatto in caso di: pelle impura - artrosi e artriti - dolori muscolari - punture di insetti - trattamento dell'addome gonfio\\n\\nGli oli essenziali vengono estratti da parti specifiche di piante aromatiche dette essenziere. L'estrazione viene per lo pi\u00f9 fatta con il metodo della distillazione in corrente di vapore, ottenuta tramite appositi distillatori. Con essa si riescono a raccogliere le molecole pi\u00f9 volatili e lipofile della pianta\\n-Gli oli essenziali non vanno applicati puri sulla pelle poich\u00e9 possono provocare effetti collaterali, quali irritazioni cutanee, allergie e vere e proprie macchie sulla pelle. E' quindi necessario diluirli sempre in sostanze vettrici come oli base, creme, saponi etc.\\n-Non utilizzarli in trattamenti di donne in gravidanza. Gli O.E. di agrumi (come arancio amaro, bergamotto e limone) contengono sostanze fotosensibilizzanti, non vanno utilizzati prima dell'esposizione al sole. Tenere gli O.E. fuori dalla portata dei bambini. Per escludere eventuali reazioni allergiche, peraltro molto rare, la prima volta che utilizzate un olio essenziale fate una prova con una goccia sull'incavo del gomito. Nel giro di un minuto se non si manifesta nessuna reazione allora potrete usarlo con tranquillit\u00e0 (sempre nelle diluizioni consigliate)\\n-Noce moscata, Salvia, Rosmarino e Timo sono controindicati in caso di epilessia.\"}\" data-sheets-userformat=\"{\"2\":15297,\"3\":{\"1\":0},\"9\":0,\"10\":2,\"11\":0,\"12\":0,\"14\":{\"1\":2,\"2\":0},\"15\":\"Calibri\",\"16\":11}\">-Ne pas les utiliser dans le traitement des femmes enceintes. Les HE d&#8217;agrumes (comme l&#8217;orange am\u00e8re, la bergamote et le citron) contiennent des substances photosensibilisantes et ne doivent pas \u00eatre utilis\u00e9es avant une exposition au soleil. Gardez l&#8217;O.E. hors de port\u00e9e des enfants. Pour exclure toute r\u00e9action allergique, qui est tr\u00e8s rare, la premi\u00e8re fois que vous utilisez une huile essentielle, testez-la en d\u00e9posant une goutte sur le creux de votre coude. Dans la minute qui suit, si aucune r\u00e9action ne se produit, vous pouvez l&#8217;utiliser en toute s\u00e9curit\u00e9 (toujours dans les dilutions recommand\u00e9es).<br \/>\n<\/span><\/p>\n<p><span data-sheets-value=\"{\"1\":2,\"2\":\"Nota di Testa. Tonico del sistema nervoso - infonde coraggio ed energia - adatto nel trattamento delle cefalee.\\nAzioni: antibatterico - antimicotico - acaricida - antiossidante - carminativo - espettorante - tonico\\nAdatto in caso di: pelle impura - artrosi e artriti - dolori muscolari - punture di insetti - trattamento dell'addome gonfio\\n\\nGli oli essenziali vengono estratti da parti specifiche di piante aromatiche dette essenziere. L'estrazione viene per lo pi\u00f9 fatta con il metodo della distillazione in corrente di vapore, ottenuta tramite appositi distillatori. Con essa si riescono a raccogliere le molecole pi\u00f9 volatili e lipofile della pianta\\n-Gli oli essenziali non vanno applicati puri sulla pelle poich\u00e9 possono provocare effetti collaterali, quali irritazioni cutanee, allergie e vere e proprie macchie sulla pelle. E' quindi necessario diluirli sempre in sostanze vettrici come oli base, creme, saponi etc.\\n-Non utilizzarli in trattamenti di donne in gravidanza. Gli O.E. di agrumi (come arancio amaro, bergamotto e limone) contengono sostanze fotosensibilizzanti, non vanno utilizzati prima dell'esposizione al sole. Tenere gli O.E. fuori dalla portata dei bambini. Per escludere eventuali reazioni allergiche, peraltro molto rare, la prima volta che utilizzate un olio essenziale fate una prova con una goccia sull'incavo del gomito. Nel giro di un minuto se non si manifesta nessuna reazione allora potrete usarlo con tranquillit\u00e0 (sempre nelle diluizioni consigliate)\\n-Noce moscata, Salvia, Rosmarino e Timo sono controindicati in caso di epilessia.\"}\" data-sheets-userformat=\"{\"2\":15297,\"3\":{\"1\":0},\"9\":0,\"10\":2,\"11\":0,\"12\":0,\"14\":{\"1\":2,\"2\":0},\"15\":\"Calibri\",\"16\":11}\">-Nutmeg, Sauge, Romarin et Thym sont contre-indiqu\u00e9s en cas d&#8217;\u00e9pilepsie.<\/span><\/p>\n","protected":false},"excerpt":{"rendered":"<p>Huile essentielle de basilic, disponible en deux formats, 10 et 30 ml.<\/p>\n","protected":false},"featured_media":37527,"template":"","meta":{"_acf_changed":false},"product_brand":[],"product_cat":[2317,12982],"product_tag":[9628,9632,8901,4256,2322,2184,2325],"class_list":{"0":"post-52493","1":"product","2":"type-product","3":"status-publish","4":"has-post-thumbnail","6":"product_cat-essences-fr","7":"product_cat-microcosme","8":"product_tag-antibacterien-fr","9":"product_tag-antifongique","10":"product_tag-basilic-fr","11":"product_tag-essence-fr","12":"product_tag-essentiel","13":"product_tag-huile-fr","14":"product_tag-huile-essentielle-fr","15":"pa_formato-10ml-fr","16":"pa_formato-30ml-fr","18":"first","19":"instock","20":"taxable","21":"shipping-taxable","22":"purchasable","23":"product-type-variable","24":"has-default-attributes"},"acf":[],"jetpack_sharing_enabled":true,"_links":{"self":[{"href":"https:\/\/cndestetik.ch\/fr\/wp-json\/wp\/v2\/product\/52493","targetHints":{"allow":["GET"]}}],"collection":[{"href":"https:\/\/cndestetik.ch\/fr\/wp-json\/wp\/v2\/product"}],"about":[{"href":"https:\/\/cndestetik.ch\/fr\/wp-json\/wp\/v2\/types\/product"}],"wp:featuredmedia":[{"embeddable":true,"href":"https:\/\/cndestetik.ch\/fr\/wp-json\/wp\/v2\/media\/37527"}],"wp:attachment":[{"href":"https:\/\/cndestetik.ch\/fr\/wp-json\/wp\/v2\/media?parent=52493"}],"wp:term":[{"taxonomy":"product_brand","embeddable":true,"href":"https:\/\/cndestetik.ch\/fr\/wp-json\/wp\/v2\/product_brand?post=52493"},{"taxonomy":"product_cat","embeddable":true,"href":"https:\/\/cndestetik.ch\/fr\/wp-json\/wp\/v2\/product_cat?post=52493"},{"taxonomy":"product_tag","embeddable":true,"href":"https:\/\/cndestetik.ch\/fr\/wp-json\/wp\/v2\/product_tag?post=52493"}],"curies":[{"name":"wp","href":"https:\/\/api.w.org\/{rel}","templated":true}]}}