{"id":52451,"date":"2020-10-15T11:39:32","date_gmt":"2020-10-15T09:39:32","guid":{"rendered":"https:\/\/cndestetik.ch\/prodotto\/pommade-cicatrisante-2\/"},"modified":"2025-01-23T09:35:43","modified_gmt":"2025-01-23T08:35:43","slug":"cicatrizant-oil","status":"publish","type":"product","link":"https:\/\/cndestetik.ch\/fr\/prodotto\/cicatrizant-oil\/","title":{"rendered":"Pommade cicatrisante"},"content":{"rendered":"<p><span data-sheets-value=\"{\"1\":2,\"2\":\"Con oleoliti spagirici di Calendula, Iperico, Elicriso, Achillea e Olio Vegetale di Rosa Mosqueta. Aiuta a lenire i rossori, a velocizzare i processi di cicatrizzazione cutanea, a sostenere la naturale rigenerazione della pelle e la produzione di collagene. Essendo ricco di Vitamina A-E naturali combatte l'invecchiamento cutaneo e le rughe profonde. Adatto dopo un peeling nei trattamenti anti-age. E' ottimo su cicatrici recenti e smagliature; coadiuva il tono e l'elasticit\u00e0 della pelle mantenendo morbidi i tessuti.\\n\\nNell'oleolito spagirico la pianta \u00e8 stata utilizzata nella sua totalit\u00e0 e completezza, ivi compresi i suoi sali che hanno un'azione terapeutica estremamente potente e rilevante. La tecnica spagirica consente di ottenere oli che hanno la caratteristica di essere attivi e vitali sia sul piano cosmetico che curativo. Ogni Oleolito Spagirico Corpo \u00e8 una preziosa miscela di Oleoliti Spagirici e Oli Essenziali studiata con cura da esperti erboristi per offrire un prodotto specifico ed efficace per le esigenze del corpo\"}\" data-sheets-userformat=\"{\"2\":15297,\"3\":{\"1\":0},\"9\":0,\"10\":2,\"11\":0,\"12\":0,\"14\":{\"1\":2,\"2\":0},\"15\":\"Calibri\",\"16\":11}\">Avec des ol\u00e9olites spagyriques de Calendula, Hypericum, Helichrysum, Yarrow et huile v\u00e9g\u00e9tale de Rose Musqu\u00e9e. Il aide \u00e0 apaiser les rougeurs, \u00e0 acc\u00e9l\u00e9rer les processus de gu\u00e9rison de la peau et \u00e0 soutenir la r\u00e9g\u00e9n\u00e9ration naturelle de la peau et la production de collag\u00e8ne. Riche en vitamine A-E naturelle, il combat le vieillissement de la peau et les rides profondes. Convient apr\u00e8s un peeling dans les traitements anti-\u00e2ge. Il est excellent sur les cicatrices r\u00e9centes et les vergetures ; il aide \u00e0 la tonicit\u00e9 et \u00e0 l&#8217;\u00e9lasticit\u00e9 de la peau en maintenant les tissus souples.<\/span><\/p>\n<p>Dans l&#8217;ol\u00e9olyte spagyrique, la plante est utilis\u00e9e dans sa totalit\u00e9 et son int\u00e9gralit\u00e9, y compris ses sels, qui ont une action th\u00e9rapeutique extr\u00eamement puissante et pertinente. La technique spagyrique permet d&#8217;obtenir des huiles qui ont la particularit\u00e9 d&#8217;\u00eatre actives et vitales tant au niveau cosm\u00e9tique que curatif. Chaque Ol\u00e9olite Spagyrique pour le Corps est un pr\u00e9cieux m\u00e9lange d&#8217;Ol\u00e9olites Spagyriques et d&#8217;Huiles Essentielles soigneusement con\u00e7u par des herboristes experts afin d&#8217;offrir un produit sp\u00e9cifique et efficace pour les besoins du corps.<\/p>\n","protected":false},"excerpt":{"rendered":"<p>Cicatrizant Oleolite, adapt\u00e9 aux cicatrices r\u00e9centes, aux vergetures et pour garder les tissus souples.<\/p>\n","protected":false},"featured_media":37602,"template":"","meta":{"_acf_changed":false},"product_brand":[],"product_cat":[12987,1494,12982,11233],"product_tag":[597,3739,7290,616,8385,2111,480,449,4831],"class_list":{"0":"post-52451","1":"product","2":"type-product","3":"status-publish","4":"has-post-thumbnail","6":"product_cat-corps","7":"product_cat-cosmetiques","8":"product_cat-microcosme","9":"product_cat-physiotherapie","10":"product_tag-achillee-millefeuille","11":"product_tag-cicatrices","12":"product_tag-guerison","13":"product_tag-helichrysum-fr","14":"product_tag-millepertuis","15":"product_tag-oleolite-fr","16":"product_tag-rosamosqueta-fr","17":"product_tag-rose-dinde","18":"product_tag-spagyrique","20":"first","21":"instock","22":"taxable","23":"shipping-taxable","24":"purchasable","25":"product-type-simple"},"acf":[],"jetpack_sharing_enabled":true,"_links":{"self":[{"href":"https:\/\/cndestetik.ch\/fr\/wp-json\/wp\/v2\/product\/52451","targetHints":{"allow":["GET"]}}],"collection":[{"href":"https:\/\/cndestetik.ch\/fr\/wp-json\/wp\/v2\/product"}],"about":[{"href":"https:\/\/cndestetik.ch\/fr\/wp-json\/wp\/v2\/types\/product"}],"wp:featuredmedia":[{"embeddable":true,"href":"https:\/\/cndestetik.ch\/fr\/wp-json\/wp\/v2\/media\/37602"}],"wp:attachment":[{"href":"https:\/\/cndestetik.ch\/fr\/wp-json\/wp\/v2\/media?parent=52451"}],"wp:term":[{"taxonomy":"product_brand","embeddable":true,"href":"https:\/\/cndestetik.ch\/fr\/wp-json\/wp\/v2\/product_brand?post=52451"},{"taxonomy":"product_cat","embeddable":true,"href":"https:\/\/cndestetik.ch\/fr\/wp-json\/wp\/v2\/product_cat?post=52451"},{"taxonomy":"product_tag","embeddable":true,"href":"https:\/\/cndestetik.ch\/fr\/wp-json\/wp\/v2\/product_tag?post=52451"}],"curies":[{"name":"wp","href":"https:\/\/api.w.org\/{rel}","templated":true}]}}