{"id":52450,"date":"2020-10-15T11:38:37","date_gmt":"2020-10-15T09:38:37","guid":{"rendered":"https:\/\/cndestetik.ch\/prodotto\/pommade-spagyrique-couperose\/"},"modified":"2025-01-24T08:19:56","modified_gmt":"2025-01-24T07:19:56","slug":"oleolyte-spagyrique-couperose","status":"publish","type":"product","link":"https:\/\/cndestetik.ch\/fr\/prodotto\/oleolyte-spagyrique-couperose\/","title":{"rendered":"Pommade spagyrique Couperose"},"content":{"rendered":"<p><span data-sheets-value=\"{\"1\":2,\"2\":\"Con Oleoliti Spagirici di Achillea e Rosa Canina. Un olio preparato per migliorare lo stato dei capillari sottocutanei e lenire i rossori. Le piante scelte sostengono la microcircolazione periferica e agiscono come antiossidanti e protettori delle pareti dei capillari. Quest'olio agisce anche migliorando il nutrimento cutaneo per garantire una naturale protezione della pelle nei confronti degli agenti atmosferici.\\n\\nOgni Oleolito Spagirico Viso \u00e8 una preziosa miscela di Oleoliti Spagirici ed Oli Essenziali studiata con cura da esperti erboristi per offrire un prodotto specifico ed efficace per la pelle delicata del viso.\"}\" data-sheets-userformat=\"{\"2\":15297,\"3\":{\"1\":0},\"9\":0,\"10\":2,\"11\":0,\"12\":0,\"14\":{\"1\":2,\"2\":0},\"15\":\"Calibri\",\"16\":11}\">Avec des ol\u00e9olites spagyriques d&#8217;achill\u00e9e et d&#8217;\u00e9glantier. Une huile pr\u00e9par\u00e9e pour am\u00e9liorer l&#8217;\u00e9tat des capillaires sous-cutan\u00e9s et apaiser les rougeurs. Les plantes choisies soutiennent la microcirculation p\u00e9riph\u00e9rique et agissent comme antioxydants et protecteurs de la paroi capillaire. Cette huile agit \u00e9galement en am\u00e9liorant la nutrition de la peau pour la prot\u00e9ger naturellement contre les intemp\u00e9ries.<\/span><\/p>\n<p>Chaque ol\u00e9olithe spagyrique pour le visage est un pr\u00e9cieux m\u00e9lange d&#8217;ol\u00e9olites spagyriques et d&#8217;huiles essentielles soigneusement con\u00e7u par des herboristes experts pour offrir un produit sp\u00e9cifique et efficace pour la peau d\u00e9licate du visage.<\/p>\n<p>Taille : 30ml<\/p>\n","protected":false},"excerpt":{"rendered":"<p>Huile spagyrique Couperose, indiqu\u00e9e pour <span data-sheets-value=\"{\"1\":2,\"2\":\"Con Oleoliti Spagirici di Achillea e Rosa Canina. Un olio preparato per migliorare lo stato dei capillari sottocutanei e lenire i rossori. Le piante scelte sostengono la microcircolazione periferica e agiscono come antiossidanti e protettori delle pareti dei capillari. Quest'olio agisce anche migliorando il nutrimento cutaneo per garantire una naturale protezione della pelle nei confronti degli agenti atmosferici.\\n\\nOgni Oleolito Spagirico Viso \u00e8 una preziosa miscela di Oleoliti Spagirici ed Oli Essenziali studiata con cura da esperti erboristi per offrire un prodotto specifico ed efficace per la pelle delicata del viso.\"}\" data-sheets-userformat=\"{\"2\":15297,\"3\":{\"1\":0},\"9\":0,\"10\":2,\"11\":0,\"12\":0,\"14\":{\"1\":2,\"2\":0},\"15\":\"Calibri\",\"16\":11}\">am\u00e9liorer l&#8217;\u00e9tat des capillaires sous-cutan\u00e9s et apaiser les rougeurs<\/span>.<\/p>\n","protected":false},"featured_media":37644,"template":"","meta":{"_acf_changed":false},"product_brand":[],"product_cat":[1494,12982,12989],"product_tag":[597,2111,490,436,4831],"class_list":{"0":"post-52450","1":"product","2":"type-product","3":"status-publish","4":"has-post-thumbnail","6":"product_cat-cosmetiques","7":"product_cat-microcosme","8":"product_cat-visage","9":"product_tag-achillee-millefeuille","10":"product_tag-oleolite-fr","11":"product_tag-sage-fr","12":"product_tag-spagyria","13":"product_tag-spagyrique","15":"first","16":"instock","17":"taxable","18":"shipping-taxable","19":"purchasable","20":"product-type-simple"},"acf":[],"jetpack_sharing_enabled":true,"_links":{"self":[{"href":"https:\/\/cndestetik.ch\/fr\/wp-json\/wp\/v2\/product\/52450","targetHints":{"allow":["GET"]}}],"collection":[{"href":"https:\/\/cndestetik.ch\/fr\/wp-json\/wp\/v2\/product"}],"about":[{"href":"https:\/\/cndestetik.ch\/fr\/wp-json\/wp\/v2\/types\/product"}],"wp:featuredmedia":[{"embeddable":true,"href":"https:\/\/cndestetik.ch\/fr\/wp-json\/wp\/v2\/media\/37644"}],"wp:attachment":[{"href":"https:\/\/cndestetik.ch\/fr\/wp-json\/wp\/v2\/media?parent=52450"}],"wp:term":[{"taxonomy":"product_brand","embeddable":true,"href":"https:\/\/cndestetik.ch\/fr\/wp-json\/wp\/v2\/product_brand?post=52450"},{"taxonomy":"product_cat","embeddable":true,"href":"https:\/\/cndestetik.ch\/fr\/wp-json\/wp\/v2\/product_cat?post=52450"},{"taxonomy":"product_tag","embeddable":true,"href":"https:\/\/cndestetik.ch\/fr\/wp-json\/wp\/v2\/product_tag?post=52450"}],"curies":[{"name":"wp","href":"https:\/\/api.w.org\/{rel}","templated":true}]}}