{"id":52426,"date":"2020-10-15T11:39:35","date_gmt":"2020-10-15T09:39:35","guid":{"rendered":"https:\/\/cndestetik.ch\/prodotto\/huile-spagyrique-veines-et-capillaires\/"},"modified":"2025-01-23T09:35:38","modified_gmt":"2025-01-23T08:35:38","slug":"oleolyte-spagyrique-vene-et-capillaires","status":"publish","type":"product","link":"https:\/\/cndestetik.ch\/fr\/prodotto\/oleolyte-spagyrique-vene-et-capillaires\/","title":{"rendered":"Veines et capillaires spagyriques d&#8217;ol\u00e9olite"},"content":{"rendered":"<p><span data-sheets-value=\"{\"1\":2,\"2\":\"Con oleoliti spagirici di Calendula e Achillea. Agisce in particolar modo proteggendo e rinforzando le pareti dei capillari pi\u00f9 deboli del microcircolo cutaneo. Stimola la circolazione periferica sanguigna atta a portare nutrimento alle cellule cutanee e la circolazione periferica linfatica che raccoglie le tossine e gli scarti metabolici per eliminarli. Previene la rottura di capillari, schiarisce quelli visibili, favorisce la diuresi.\\n\\nNell'oleolito spagirico la pianta \u00e8 stata utilizzata nella sua totalit\u00e0 e completezza, ivi compresi i suoi sali che hanno un'azione terapeutica estremamente potente e rilevante. La tecnica spagirica consente di ottenere oli che hanno la caratteristica di essere attivi e vitali sia sul piano cosmetico che curativo. Ogni Oleolito Spagirico Corpo \u00e8 una preziosa miscela di Oleoliti Spagirici e Oli Essenziali studiata con cura da esperti erboristi per offrire un prodotto specifico ed efficace per le esigenze del corpo\"}\" data-sheets-userformat=\"{\"2\":15297,\"3\":{\"1\":0},\"9\":0,\"10\":2,\"11\":0,\"12\":0,\"14\":{\"1\":2,\"2\":0},\"15\":\"Calibri\",\"16\":11}\">Avec des ol\u00e9olites spagyriques de Calendula et d&#8217;Achill\u00e9e. Il agit notamment en prot\u00e9geant et en renfor\u00e7ant les parois des capillaires les plus faibles de la microcirculation cutan\u00e9e. Il stimule la circulation sanguine p\u00e9riph\u00e9rique qui apporte de la nourriture aux cellules de la peau et la circulation lymphatique p\u00e9riph\u00e9rique qui collecte les toxines et les d\u00e9chets m\u00e9taboliques pour les \u00e9liminer. Pr\u00e9vient les ruptures de capillaires, d\u00e9gage les capillaires visibles, favorise la diur\u00e8se.<\/span><\/p>\n<p>Dans l&#8217;ol\u00e9olyte spagyrique, la plante est utilis\u00e9e dans sa totalit\u00e9 et son int\u00e9gralit\u00e9, y compris ses sels, qui ont une action th\u00e9rapeutique extr\u00eamement puissante et pertinente. La technique spagyrique permet d&#8217;obtenir des huiles qui ont la particularit\u00e9 d&#8217;\u00eatre actives et vitales tant au niveau cosm\u00e9tique que curatif. Chaque Ol\u00e9olithe Spagyrique pour le Corps est un pr\u00e9cieux m\u00e9lange d&#8217;Ol\u00e9olites Spagyriques et d&#8217;Huiles Essentielles soigneusement con\u00e7u par des herboristes experts pour offrir un produit sp\u00e9cifique et efficace pour les besoins du corps.<\/p>\n","protected":false},"excerpt":{"rendered":"<p><span data-sheets-value=\"{\"1\":2,\"2\":\"Con oleoliti spagirici di Calendula e Achillea. Agisce in particolar modo proteggendo e rinforzando le pareti dei capillari pi\u00f9 deboli del microcircolo cutaneo. Stimola la circolazione periferica sanguigna atta a portare nutrimento alle cellule cutanee e la circolazione periferica linfatica che raccoglie le tossine e gli scarti metabolici per eliminarli. Previene la rottura di capillari, schiarisce quelli visibili, favorisce la diuresi.\\n\\nNell'oleolito spagirico la pianta \u00e8 stata utilizzata nella sua totalit\u00e0 e completezza, ivi compresi i suoi sali che hanno un'azione terapeutica estremamente potente e rilevante. La tecnica spagirica consente di ottenere oli che hanno la caratteristica di essere attivi e vitali sia sul piano cosmetico che curativo. Ogni Oleolito Spagirico Corpo \u00e8 una preziosa miscela di Oleoliti Spagirici e Oli Essenziali studiata con cura da esperti erboristi per offrire un prodotto specifico ed efficace per le esigenze del corpo\"}\" data-sheets-userformat=\"{\"2\":15297,\"3\":{\"1\":0},\"9\":0,\"10\":2,\"11\":0,\"12\":0,\"14\":{\"1\":2,\"2\":0},\"15\":\"Calibri\",\"16\":11}\">Ol\u00e9olite qui pr\u00e9vient les ruptures de capillaires, d\u00e9gage les capillaires visibles, favorise la diur\u00e8se.<\/span><\/p>\n","protected":false},"featured_media":37599,"template":"","meta":{"_acf_changed":false},"product_brand":[],"product_cat":[12987,1494,12982,11233],"product_tag":[597,2111,449,436,4831],"class_list":{"0":"post-52426","1":"product","2":"type-product","3":"status-publish","4":"has-post-thumbnail","6":"product_cat-corps","7":"product_cat-cosmetiques","8":"product_cat-microcosme","9":"product_cat-physiotherapie","10":"product_tag-achillee-millefeuille","11":"product_tag-oleolite-fr","12":"product_tag-rose-dinde","13":"product_tag-spagyria","14":"product_tag-spagyrique","15":"pa_formato-100ml-fr","16":"pa_formato-500ml-fr","18":"first","19":"instock","20":"taxable","21":"shipping-taxable","22":"purchasable","23":"product-type-variable"},"acf":[],"jetpack_sharing_enabled":true,"_links":{"self":[{"href":"https:\/\/cndestetik.ch\/fr\/wp-json\/wp\/v2\/product\/52426","targetHints":{"allow":["GET"]}}],"collection":[{"href":"https:\/\/cndestetik.ch\/fr\/wp-json\/wp\/v2\/product"}],"about":[{"href":"https:\/\/cndestetik.ch\/fr\/wp-json\/wp\/v2\/types\/product"}],"wp:featuredmedia":[{"embeddable":true,"href":"https:\/\/cndestetik.ch\/fr\/wp-json\/wp\/v2\/media\/37599"}],"wp:attachment":[{"href":"https:\/\/cndestetik.ch\/fr\/wp-json\/wp\/v2\/media?parent=52426"}],"wp:term":[{"taxonomy":"product_brand","embeddable":true,"href":"https:\/\/cndestetik.ch\/fr\/wp-json\/wp\/v2\/product_brand?post=52426"},{"taxonomy":"product_cat","embeddable":true,"href":"https:\/\/cndestetik.ch\/fr\/wp-json\/wp\/v2\/product_cat?post=52426"},{"taxonomy":"product_tag","embeddable":true,"href":"https:\/\/cndestetik.ch\/fr\/wp-json\/wp\/v2\/product_tag?post=52426"}],"curies":[{"name":"wp","href":"https:\/\/api.w.org\/{rel}","templated":true}]}}