{"id":52408,"date":"2020-10-15T11:38:58","date_gmt":"2020-10-15T09:38:58","guid":{"rendered":"https:\/\/cndestetik.ch\/prodotto\/oleolite-spagyrique-de-leglantier\/"},"modified":"2025-01-24T08:20:46","modified_gmt":"2025-01-24T07:20:46","slug":"oleolyte-spagyrique-rose-canine","status":"publish","type":"product","link":"https:\/\/cndestetik.ch\/fr\/prodotto\/oleolyte-spagyrique-rose-canine\/","title":{"rendered":"Ol\u00e9olite spagyrique de l&#8217;\u00e9glantier"},"content":{"rendered":"<p><span data-sheets-value=\"{\"1\":2,\"2\":\"Gli oleoliti spagirici singoli sono in olio di ricino, girasole e mandorle. In formato da 50 ml.\\nL'oleolito \u00e8 una semplice preparazione erboristica che prevede la macerazione di una pianta in olio, con conseguente estrazione dei principi liposolubili difficilmente estraibili con altri solventi. Lo spagirista, rispettando i ritmi della natura terreste e celeste, opera estraendo anche alcuni principi attivi nascosti, attraverso tecniche specifiche come ad esempio la calcinazione. Mediante esposizione alle radiazioni celesti e particolari manovre, lo spagirista cerca di esaltare la qualit\u00e0 energetiche che esprimono le virt\u00f9 caratteristiche dell'anima della pianta. Ne risulta un preparato ricco di principi attivi e capace di trasmettere le qualit\u00e0 energetiche insite nella natura di ciascuna pianta. \\n\\nL'oleolito spagirico \u00e8 cos\u00ec adatto al consueto trattamento attraverso la pelle, a una applicazione energetica sulle varie zone riflesse del corpo, come anche sui punti sensibili dei vari meridiani.\\n\\nI nostri Oleoliti Spagirici vengono realizzati con piante selvatiche raccolte nelle zone incontaminate d'Italia, considerando tutti gli aspetti planetari. Esse vengono raccolte nel momento balsamico, quando le loro qualit\u00e0 attive raggiungono l'apice dell'energia vitale. Poi per un periodo di due lunazioni, gli oli vengono scrupolosamente trasformati in elisir grazie agli insegnamenti della spagiria. Fra tutti gli oli, quello di ricino \u00e8 il pi\u00f9 specifico per il derma e le sue disfunzioni, \u00e8 quello maggiormente impiegato nella produzione di oleoliti.\\n\\nGli oleoliti Spagirici Singoli (OSS) si possono utilizzare puri, miscelati con creme o con oli vegetali.\\n\\nROSA CANINA: l'oleolito spagirico di Rosa Canina viene fatto con i suoi frutti che, ricchi di polifenoli e vitamina C, sono ottimi antiossidanti, hanno propriet\u00e0 antinfiammatorie, cicatrizzante e protettrici vasali. L'oleolito \u00e8 adatto nel trattamento antirughe per rigenerare e schiarire la pelle. Ottimo anche sulle smagliature per promuovere la rigenerazione dei tessuti e la loro cicatrizzazione ottimale. Adatto anche in caso di fragilit\u00e0 capillare. \"}\" data-sheets-userformat=\"{\"2\":15297,\"3\":{\"1\":0},\"9\":0,\"10\":2,\"11\":0,\"12\":0,\"14\":{\"1\":2,\"2\":0},\"15\":\"Calibri\",\"16\":11}\">Les ol\u00e9olites spagyriques simples se trouvent dans l&#8217;huile de ricin, de tournesol et d&#8217;amande.<br \/>\nL&#8217;ol\u00e9olithe est une pr\u00e9paration phytoth\u00e9rapeutique simple qui consiste \u00e0 faire mac\u00e9rer une plante dans de l&#8217;huile, ce qui permet d&#8217;extraire des principes liposolubles difficiles \u00e0 extraire avec d&#8217;autres solvants. Le spagyriste, respectant les rythmes de la nature terrestre et c\u00e9leste, travaille \u00e9galement en extrayant certains principes actifs cach\u00e9s gr\u00e2ce \u00e0 des techniques sp\u00e9cifiques comme la calcination. Par l&#8217;exposition aux radiations c\u00e9lestes et par des man\u0153uvres sp\u00e9ciales, le spagyriste cherche \u00e0 renforcer les qualit\u00e9s \u00e9nerg\u00e9tiques qui expriment les vertus caract\u00e9ristiques de l&#8217;\u00e2me de la plante. Le r\u00e9sultat est une pr\u00e9paration riche en principes actifs et capable de transmettre les qualit\u00e9s \u00e9nerg\u00e9tiques inh\u00e9rentes \u00e0 la nature de chaque plante.<\/span><\/p>\n<p>L&#8217;ol\u00e9olyte spagyrique convient donc au traitement habituel par voie cutan\u00e9e, \u00e0 l&#8217;application \u00e9nerg\u00e9tique sur les diff\u00e9rentes zones r\u00e9flexes du corps, ainsi que sur les points sensibles des diff\u00e9rents m\u00e9ridiens.<\/p>\n<p>Nos ol\u00e9olites spagyriques sont fabriqu\u00e9es \u00e0 partir de plantes sauvages r\u00e9colt\u00e9es dans les r\u00e9gions pr\u00e9serv\u00e9es d&#8217;Italie. Elles sont r\u00e9colt\u00e9es au moment balsamique, lorsque leurs qualit\u00e9s actives atteignent leur pic d&#8217;\u00e9nergie vitale. Puis, sur une p\u00e9riode de deux lunaisons, les huiles sont minutieusement transform\u00e9es en \u00e9lixirs gr\u00e2ce aux enseignements de la spagyrie. De toutes les huiles, l&#8217;huile de ricin est la plus sp\u00e9cifique du derme et de ses dysfonctionnements, et c&#8217;est celle qui est la plus utilis\u00e9e dans la production d&#8217;ol\u00e9olites.<\/p>\n<p>Les ol\u00e9olites spagyriques simples (OSS) peuvent \u00eatre utilis\u00e9es pures, m\u00e9lang\u00e9es \u00e0 des cr\u00e8mes ou \u00e0 des huiles v\u00e9g\u00e9tales.<\/p>\n<p>ROSA CANINA : L&#8217;huile spagyrique de Rosa Canina est obtenue \u00e0 partir de ses fruits qui, riches en polyph\u00e9nols et en vitamine C, sont d&#8217;excellents antioxydants et ont des propri\u00e9t\u00e9s anti-inflammatoires, cicatrisantes et protectrices des vaisseaux. L&#8217;ol\u00e9olite convient aux traitements anti-rides pour r\u00e9g\u00e9n\u00e9rer et \u00e9claircir la peau. \u00c9galement excellent sur les vergetures pour favoriser la r\u00e9g\u00e9n\u00e9ration des tissus et une cicatrisation optimale. Convient \u00e9galement en cas de fragilit\u00e9 capillaire.<\/p>\n","protected":false},"excerpt":{"rendered":"<p>Huile de rose musqu\u00e9e, adapt\u00e9e aux vergetures et comme agent anti-rides<\/p>\n","protected":false},"featured_media":37629,"template":"","meta":{"_acf_changed":false},"product_brand":[],"product_cat":[12987,1494,12982,12989],"product_tag":[587,8352,8354,2111,3973,549,427,436,4831],"class_list":{"0":"post-52408","1":"product","2":"type-product","3":"status-publish","4":"has-post-thumbnail","6":"product_cat-corps","7":"product_cat-cosmetiques","8":"product_cat-microcosme","9":"product_cat-visage","10":"product_tag-anti-rides","11":"product_tag-canine-fr","12":"product_tag-cynorhodon","13":"product_tag-oleolite-fr","14":"product_tag-rides","15":"product_tag-rose-fr","16":"product_tag-sesame-fr","17":"product_tag-spagyria","18":"product_tag-spagyrique","20":"first","21":"instock","22":"taxable","23":"shipping-taxable","24":"purchasable","25":"product-type-simple"},"acf":[],"jetpack_sharing_enabled":true,"_links":{"self":[{"href":"https:\/\/cndestetik.ch\/fr\/wp-json\/wp\/v2\/product\/52408","targetHints":{"allow":["GET"]}}],"collection":[{"href":"https:\/\/cndestetik.ch\/fr\/wp-json\/wp\/v2\/product"}],"about":[{"href":"https:\/\/cndestetik.ch\/fr\/wp-json\/wp\/v2\/types\/product"}],"wp:featuredmedia":[{"embeddable":true,"href":"https:\/\/cndestetik.ch\/fr\/wp-json\/wp\/v2\/media\/37629"}],"wp:attachment":[{"href":"https:\/\/cndestetik.ch\/fr\/wp-json\/wp\/v2\/media?parent=52408"}],"wp:term":[{"taxonomy":"product_brand","embeddable":true,"href":"https:\/\/cndestetik.ch\/fr\/wp-json\/wp\/v2\/product_brand?post=52408"},{"taxonomy":"product_cat","embeddable":true,"href":"https:\/\/cndestetik.ch\/fr\/wp-json\/wp\/v2\/product_cat?post=52408"},{"taxonomy":"product_tag","embeddable":true,"href":"https:\/\/cndestetik.ch\/fr\/wp-json\/wp\/v2\/product_tag?post=52408"}],"curies":[{"name":"wp","href":"https:\/\/api.w.org\/{rel}","templated":true}]}}