{"id":52404,"date":"2020-10-15T11:39:39","date_gmt":"2020-10-15T09:39:39","guid":{"rendered":"https:\/\/cndestetik.ch\/prodotto\/traitement-de-la-cellulite-par-oleolite-spagyrique\/"},"modified":"2025-01-23T09:35:44","modified_gmt":"2025-01-23T08:35:44","slug":"oleolyte-spagyrique-cellulite-traitement","status":"publish","type":"product","link":"https:\/\/cndestetik.ch\/fr\/prodotto\/oleolyte-spagyrique-cellulite-traitement\/","title":{"rendered":"Traitement de la cellulite par ol\u00e9olite spagyrique"},"content":{"rendered":"<p><span data-sheets-value=\"{\"1\":2,\"2\":\"Con oleoliti spagirici di Edera e Rosmarino. Agisce stimolando lo scioglimento dei noduli cellulitici e la disinfiammazione del tessuto, tipica della loro presenza. Stimola e rinforza la circolazione periferica ed il drenaggio dei liquidi in eccesso per aiutare lo smaltimento di tossine e un'ulteriore formazione di cellulite. Tonifica ed elasticizza lasciando la cute liscia.\\n\\nNell'oleolito spagirico la pianta \u00e8 stata utilizzata nella sua totalit\u00e0 e completezza, ivi compresi i suoi sali che hanno un'azione terapeutica estremamente potente e rilevante. La tecnica spagirica consente di ottenere oli che hanno la caratteristica di essere attivi e vitali sia sul piano cosmetico che curativo. Ogni Oleolito Spagirico Corpo \u00e8 una preziosa miscela di Oleoliti Spagirici e Oli Essenziali studiata con cura da esperti erboristi per offrire un prodotto specifico ed efficace per le esigenze del corpo\"}\" data-sheets-userformat=\"{\"2\":15297,\"3\":{\"1\":0},\"9\":0,\"10\":2,\"11\":0,\"12\":0,\"14\":{\"1\":2,\"2\":0},\"15\":\"Calibri\",\"16\":11}\">Avec des ol\u00e9olites spagyriques de lierre et de romarin. Il agit en stimulant la dissolution des nodules de cellulite et la d\u00e9sinflammation des tissus, caract\u00e9ristiques de leur pr\u00e9sence. Il stimule et renforce la circulation p\u00e9riph\u00e9rique et le drainage de l&#8217;exc\u00e8s de liquide pour aider \u00e0 \u00e9liminer les toxines et favoriser la formation de cellulite. Tonifie et \u00e9lasticise, laissant la peau lisse.<\/span><\/p>\n<p>Dans l&#8217;ol\u00e9olyte spagyrique, la plante est utilis\u00e9e dans sa totalit\u00e9 et son int\u00e9gralit\u00e9, y compris ses sels, qui ont une action th\u00e9rapeutique extr\u00eamement puissante et pertinente. La technique spagyrique permet d&#8217;obtenir des huiles qui ont la particularit\u00e9 d&#8217;\u00eatre actives et vitales tant au niveau cosm\u00e9tique que curatif. Chaque Ol\u00e9olite Spagyrique pour le Corps est un pr\u00e9cieux m\u00e9lange d&#8217;Ol\u00e9olites Spagyriques et d&#8217;Huiles Essentielles soigneusement con\u00e7u par des herboristes experts afin d&#8217;offrir un produit sp\u00e9cifique et efficace pour les besoins du corps.<\/p>\n","protected":false},"excerpt":{"rendered":"<p>L&#8217;ol\u00e9olite qui d\u00e9tache les nodules de cellulite et tonifie et resserre la peau.<\/p>\n","protected":false},"featured_media":37596,"template":"","meta":{"_acf_changed":false},"product_brand":[],"product_cat":[12987,1494,12982,11233],"product_tag":[3600,8879,8876,3627,500,436],"class_list":{"0":"post-52404","1":"product","2":"type-product","3":"status-publish","4":"has-post-thumbnail","6":"product_cat-corps","7":"product_cat-cosmetiques","8":"product_cat-microcosme","9":"product_cat-physiotherapie","10":"product_tag-cellulite-fr","11":"product_tag-elasticite","12":"product_tag-lierre","13":"product_tag-revigorant","14":"product_tag-romarin","15":"product_tag-spagyria","16":"pa_formato-100ml-fr","17":"pa_formato-500ml-fr","19":"first","20":"instock","21":"taxable","22":"shipping-taxable","23":"purchasable","24":"product-type-variable","25":"has-default-attributes"},"acf":[],"jetpack_sharing_enabled":true,"_links":{"self":[{"href":"https:\/\/cndestetik.ch\/fr\/wp-json\/wp\/v2\/product\/52404","targetHints":{"allow":["GET"]}}],"collection":[{"href":"https:\/\/cndestetik.ch\/fr\/wp-json\/wp\/v2\/product"}],"about":[{"href":"https:\/\/cndestetik.ch\/fr\/wp-json\/wp\/v2\/types\/product"}],"wp:featuredmedia":[{"embeddable":true,"href":"https:\/\/cndestetik.ch\/fr\/wp-json\/wp\/v2\/media\/37596"}],"wp:attachment":[{"href":"https:\/\/cndestetik.ch\/fr\/wp-json\/wp\/v2\/media?parent=52404"}],"wp:term":[{"taxonomy":"product_brand","embeddable":true,"href":"https:\/\/cndestetik.ch\/fr\/wp-json\/wp\/v2\/product_brand?post=52404"},{"taxonomy":"product_cat","embeddable":true,"href":"https:\/\/cndestetik.ch\/fr\/wp-json\/wp\/v2\/product_cat?post=52404"},{"taxonomy":"product_tag","embeddable":true,"href":"https:\/\/cndestetik.ch\/fr\/wp-json\/wp\/v2\/product_tag?post=52404"}],"curies":[{"name":"wp","href":"https:\/\/api.w.org\/{rel}","templated":true}]}}