{"id":51753,"date":"2022-08-23T11:46:45","date_gmt":"2022-08-23T09:46:45","guid":{"rendered":"https:\/\/cndestetik.ch\/prodotto\/collection-in-fall-bloom-de-cnd\/"},"modified":"2022-08-23T11:46:45","modified_gmt":"2022-08-23T09:46:45","slug":"collection-cnd-in-fall-bloom","status":"publish","type":"product","link":"https:\/\/cndestetik.ch\/fr\/prodotto\/collection-cnd-in-fall-bloom\/","title":{"rendered":"Collection &#8220;In Fall Bloom&#8221; de CND"},"content":{"rendered":"<p>R\u00e9servez la nouvelle collection CND &#8220;In Fall Bloom&#8221; pour une manucure et une p\u00e9dicure parfaites. 6 teintes diff\u00e9rentes inspir\u00e9es de l&#8217;automne :<\/p>\n<ul>\n<li>Verri\u00e8re d&#8217;orchid\u00e9e<\/li>\n<li>Ros\u00e9e du matin<\/li>\n<li>Willow Talk<\/li>\n<li>Pierres \u00e0 sauter<\/li>\n<li>Absolument radieux<\/li>\n<li>Teal Time<\/li>\n<\/ul>\n<p><span style=\"text-decoration: underline\"><b>CETTE COLLECTION SERA DISPONIBLE D\u00c9BUT SEPTEMBRE, L&#8217;ACHAT DE CET ARTICLE NE SERA DONC SUIVI D&#8217;UNE LIVRAISON QUE LORSQU&#8217;ELLE SERA DISPONIBLE<\/b><\/span><\/p>\n","protected":false},"excerpt":{"rendered":"<p>Nouvelle collection de couleurs CND<\/p>\n","protected":false},"featured_media":51744,"template":"","meta":{"_acf_changed":false},"product_brand":[],"product_cat":[1501],"product_tag":[8498,8495,4052,8493,756,8030,1974,8501,8491,1960,1975],"class_list":{"0":"post-51753","1":"product","2":"type-product","3":"status-publish","4":"has-post-thumbnail","6":"product_cat-nails-manucure-et-pedicure","7":"product_tag-a-ladresse-fr","8":"product_tag-automne","9":"product_tag-cnd-fr","10":"product_tag-collection-fr","11":"product_tag-couleur","12":"product_tag-couleurs","13":"product_tag-email","14":"product_tag-en-fleurs-a-lautomne","15":"product_tag-fleurir","16":"product_tag-gomme-laque","17":"product_tag-vinylux-fr","18":"pa_colori-cnd-gomme-laque","19":"pa_colori-cnd-vinylux-fr","21":"first","22":"instock","23":"taxable","24":"shipping-taxable","25":"purchasable","26":"product-type-variable"},"acf":[],"jetpack_sharing_enabled":true,"_links":{"self":[{"href":"https:\/\/cndestetik.ch\/fr\/wp-json\/wp\/v2\/product\/51753","targetHints":{"allow":["GET"]}}],"collection":[{"href":"https:\/\/cndestetik.ch\/fr\/wp-json\/wp\/v2\/product"}],"about":[{"href":"https:\/\/cndestetik.ch\/fr\/wp-json\/wp\/v2\/types\/product"}],"wp:featuredmedia":[{"embeddable":true,"href":"https:\/\/cndestetik.ch\/fr\/wp-json\/wp\/v2\/media\/51744"}],"wp:attachment":[{"href":"https:\/\/cndestetik.ch\/fr\/wp-json\/wp\/v2\/media?parent=51753"}],"wp:term":[{"taxonomy":"product_brand","embeddable":true,"href":"https:\/\/cndestetik.ch\/fr\/wp-json\/wp\/v2\/product_brand?post=51753"},{"taxonomy":"product_cat","embeddable":true,"href":"https:\/\/cndestetik.ch\/fr\/wp-json\/wp\/v2\/product_cat?post=51753"},{"taxonomy":"product_tag","embeddable":true,"href":"https:\/\/cndestetik.ch\/fr\/wp-json\/wp\/v2\/product_tag?post=51753"}],"curies":[{"name":"wp","href":"https:\/\/api.w.org\/{rel}","templated":true}]}}