{"id":51495,"date":"2022-07-27T11:12:33","date_gmt":"2022-07-27T09:12:33","guid":{"rendered":"https:\/\/cndestetik.ch\/prodotto\/regime-in-full-bloom-edition-limitee-dinika\/"},"modified":"2023-07-19T10:31:15","modified_gmt":"2023-07-19T08:31:15","slug":"inika-limited-edition-in-full-bloom-regime","status":"publish","type":"product","link":"https:\/\/cndestetik.ch\/fr\/prodotto\/inika-limited-edition-in-full-bloom-regime\/","title":{"rendered":"R\u00e9gime In Full Bloom Edition Limit\u00e9e d&#8217;INIKA"},"content":{"rendered":"<p>Dans une bo\u00eete \u00e9l\u00e9gante, tout ce dont vous avez besoin pour vos soins de la peau :<\/p>\n<p>Cr\u00e8me de jour<\/p>\n<p>Nettoyant \u00e0 l&#8217;huile de cam\u00e9lia<\/p>\n<p>Cr\u00e8me pour les mains \u00e0 l&#8217;avocat<\/p>\n<p>Huile botanique pour le visage<\/p>\n<p>&nbsp;<\/p>\n","protected":false},"excerpt":{"rendered":"<p>Tout ce dont vous avez besoin pour vos soins de la peau<\/p>\n","protected":false},"featured_media":51492,"template":"","meta":{"_acf_changed":false},"product_brand":[],"product_cat":[8512],"product_tag":[8498,7561,7485,9270,5513,8491,7349,2183,816,802,5844,6646,7902,4849],"class_list":{"0":"post-51495","1":"product","2":"type-product","3":"status-publish","4":"has-post-thumbnail","6":"product_cat-dernieres-pieces","7":"product_tag-a-ladresse-fr","8":"product_tag-avocat","9":"product_tag-botanique","10":"product_tag-camelia-fr","11":"product_tag-creme-fr","12":"product_tag-fleurir","13":"product_tag-full-fr","14":"product_tag-huile","15":"product_tag-inika-fr","16":"product_tag-jour","17":"product_tag-main","18":"product_tag-nettoyant","19":"product_tag-regime-fr","20":"product_tag-visage-fr","22":"first","23":"instock","24":"sale","25":"taxable","26":"shipping-taxable","27":"purchasable","28":"product-type-simple"},"acf":[],"jetpack_sharing_enabled":true,"_links":{"self":[{"href":"https:\/\/cndestetik.ch\/fr\/wp-json\/wp\/v2\/product\/51495","targetHints":{"allow":["GET"]}}],"collection":[{"href":"https:\/\/cndestetik.ch\/fr\/wp-json\/wp\/v2\/product"}],"about":[{"href":"https:\/\/cndestetik.ch\/fr\/wp-json\/wp\/v2\/types\/product"}],"wp:featuredmedia":[{"embeddable":true,"href":"https:\/\/cndestetik.ch\/fr\/wp-json\/wp\/v2\/media\/51492"}],"wp:attachment":[{"href":"https:\/\/cndestetik.ch\/fr\/wp-json\/wp\/v2\/media?parent=51495"}],"wp:term":[{"taxonomy":"product_brand","embeddable":true,"href":"https:\/\/cndestetik.ch\/fr\/wp-json\/wp\/v2\/product_brand?post=51495"},{"taxonomy":"product_cat","embeddable":true,"href":"https:\/\/cndestetik.ch\/fr\/wp-json\/wp\/v2\/product_cat?post=51495"},{"taxonomy":"product_tag","embeddable":true,"href":"https:\/\/cndestetik.ch\/fr\/wp-json\/wp\/v2\/product_tag?post=51495"}],"curies":[{"name":"wp","href":"https:\/\/api.w.org\/{rel}","templated":true}]}}