{"id":51486,"date":"2022-07-27T11:04:29","date_gmt":"2022-07-27T09:04:29","guid":{"rendered":"https:\/\/cndestetik.ch\/prodotto\/inika-limited-edition-precision-brows-bouleau-blond\/"},"modified":"2022-12-27T10:33:02","modified_gmt":"2022-12-27T09:33:02","slug":"inika-limited-edition-precision-brows-blonde","status":"publish","type":"product","link":"https:\/\/cndestetik.ch\/fr\/prodotto\/inika-limited-edition-precision-brows-blonde\/","title":{"rendered":"INIKA Limited Edition Precision Brows : Bouleau, blond"},"content":{"rendered":"<p>INIKA Limited Edition Precision Brows Birch &amp; Blonde, que vous cherchiez \u00e0 obtenir des sourcils naturellement fournis, \u00e0 modeler et\/ou \u00e0 d\u00e9finir vos sourcils ou tout autre r\u00e9sultat interm\u00e9diaire, cette collection en \u00e9dition limit\u00e9e a tout ce qu&#8217;il vous faut pour obtenir des sourcils enviables.<\/p>\n","protected":false},"excerpt":{"rendered":"<p>Petit kit pour parfaire vos cils, dans une bo\u00eete id\u00e9ale comme cadeau.<\/p>\n","protected":false},"featured_media":51483,"template":"","meta":{"_acf_changed":false},"product_brand":[],"product_cat":[8512],"product_tag":[8452,8451,7784,7785,8453,7759],"class_list":{"0":"post-51486","1":"product","2":"type-product","3":"status-publish","4":"has-post-thumbnail","6":"product_cat-dernieres-pieces","7":"product_tag-blonde-fr","8":"product_tag-bouleau","9":"product_tag-edition-fr","10":"product_tag-limitee","11":"product_tag-precision-fr","12":"product_tag-sourcils-fr","14":"first","15":"instock","16":"sale","17":"taxable","18":"shipping-taxable","19":"purchasable","20":"product-type-simple"},"acf":[],"jetpack_sharing_enabled":true,"_links":{"self":[{"href":"https:\/\/cndestetik.ch\/fr\/wp-json\/wp\/v2\/product\/51486","targetHints":{"allow":["GET"]}}],"collection":[{"href":"https:\/\/cndestetik.ch\/fr\/wp-json\/wp\/v2\/product"}],"about":[{"href":"https:\/\/cndestetik.ch\/fr\/wp-json\/wp\/v2\/types\/product"}],"wp:featuredmedia":[{"embeddable":true,"href":"https:\/\/cndestetik.ch\/fr\/wp-json\/wp\/v2\/media\/51483"}],"wp:attachment":[{"href":"https:\/\/cndestetik.ch\/fr\/wp-json\/wp\/v2\/media?parent=51486"}],"wp:term":[{"taxonomy":"product_brand","embeddable":true,"href":"https:\/\/cndestetik.ch\/fr\/wp-json\/wp\/v2\/product_brand?post=51486"},{"taxonomy":"product_cat","embeddable":true,"href":"https:\/\/cndestetik.ch\/fr\/wp-json\/wp\/v2\/product_cat?post=51486"},{"taxonomy":"product_tag","embeddable":true,"href":"https:\/\/cndestetik.ch\/fr\/wp-json\/wp\/v2\/product_tag?post=51486"}],"curies":[{"name":"wp","href":"https:\/\/api.w.org\/{rel}","templated":true}]}}