{"id":51469,"date":"2022-07-27T10:54:43","date_gmt":"2022-07-27T08:54:43","guid":{"rendered":"https:\/\/cndestetik.ch\/prodotto\/bouquet-de-pinceaux-vegetaliens-inika\/"},"modified":"2022-12-27T08:38:55","modified_gmt":"2022-12-27T07:38:55","slug":"inika-vegan-brush-bouquet","status":"publish","type":"product","link":"https:\/\/cndestetik.ch\/fr\/prodotto\/inika-vegan-brush-bouquet\/","title":{"rendered":"Bouquet de pinceaux v\u00e9g\u00e9taliens INIKA"},"content":{"rendered":"<p>Set de pinceaux v\u00e9g\u00e9taliens INIKA, contenus dans une \u00e9l\u00e9gante bo\u00eete en \u00e9dition limit\u00e9e. Contient :<\/p>\n<ul>\n<li>Pinceau \u00e0 poudre<\/li>\n<li>Pinceau \u00e0 fond de teint<\/li>\n<li>Pinceau m\u00e9langeur<\/li>\n<li>Brosse \u00e0 sourcils<\/li>\n<\/ul>\n","protected":false},"excerpt":{"rendered":"<p>Jeu de pinceaux v\u00e9g\u00e9taliens INIKA,<\/p>\n","protected":false},"featured_media":51466,"template":"","meta":{"_acf_changed":false},"product_brand":[],"product_cat":[8512],"product_tag":[5484,391,7491,7456,726,9320,6166,759],"class_list":{"0":"post-51469","1":"product","2":"type-product","3":"status-publish","4":"has-post-thumbnail","6":"product_cat-dernieres-pieces","7":"product_tag-bouquet-fr","8":"product_tag-brosse","9":"product_tag-brosses","10":"product_tag-fondation-fr","11":"product_tag-front","12":"product_tag-melanger","13":"product_tag-poudre","14":"product_tag-vegan-fr","16":"first","17":"outofstock","18":"sale","19":"taxable","20":"shipping-taxable","21":"purchasable","22":"product-type-simple"},"acf":[],"jetpack_sharing_enabled":true,"_links":{"self":[{"href":"https:\/\/cndestetik.ch\/fr\/wp-json\/wp\/v2\/product\/51469","targetHints":{"allow":["GET"]}}],"collection":[{"href":"https:\/\/cndestetik.ch\/fr\/wp-json\/wp\/v2\/product"}],"about":[{"href":"https:\/\/cndestetik.ch\/fr\/wp-json\/wp\/v2\/types\/product"}],"wp:featuredmedia":[{"embeddable":true,"href":"https:\/\/cndestetik.ch\/fr\/wp-json\/wp\/v2\/media\/51466"}],"wp:attachment":[{"href":"https:\/\/cndestetik.ch\/fr\/wp-json\/wp\/v2\/media?parent=51469"}],"wp:term":[{"taxonomy":"product_brand","embeddable":true,"href":"https:\/\/cndestetik.ch\/fr\/wp-json\/wp\/v2\/product_brand?post=51469"},{"taxonomy":"product_cat","embeddable":true,"href":"https:\/\/cndestetik.ch\/fr\/wp-json\/wp\/v2\/product_cat?post=51469"},{"taxonomy":"product_tag","embeddable":true,"href":"https:\/\/cndestetik.ch\/fr\/wp-json\/wp\/v2\/product_tag?post=51469"}],"curies":[{"name":"wp","href":"https:\/\/api.w.org\/{rel}","templated":true}]}}