{"id":51144,"date":"2020-10-15T11:39:44","date_gmt":"2020-10-15T09:39:44","guid":{"rendered":"https:\/\/cndestetik.ch\/prodotto\/huile-spagyrique-relaxante\/"},"modified":"2025-01-23T09:36:42","modified_gmt":"2025-01-23T08:36:42","slug":"oleolyte-spagyrique-relaxant","status":"publish","type":"product","link":"https:\/\/cndestetik.ch\/fr\/prodotto\/oleolyte-spagyrique-relaxant\/","title":{"rendered":"Huile spagyrique relaxante"},"content":{"rendered":"<p><span data-sheets-value=\"{\"1\":2,\"2\":\"Con oleoliti spagirici di Iperico e Lavanda. E' particolarmente adatto nei massaggi rilassanti e decontratturanti, aiuta a rilassare e a disinfiammare la muscolatura. Grazie all'attivit\u00e0 aromaterapeutica che agisce anche a livello del sistema nervoso, \u00e8 ottimo nei casi di stress fisico e mentale, riequilibra il ciclo sonno-veglia.\\n\\nNell'oleolito spagirico la pianta \u00e8 stata utilizzata nella sua totalit\u00e0 e completezza, ivi compresi i suoi sali che hanno un'azione terapeutica estremamente potente e rilevante. La tecnica spagirica consente di ottenere oli che hanno la caratteristica di essere attivi e vitali sia sul piano cosmetico che curativo. Ogni Oleolito Spagirico Corpo \u00e8 una preziosa miscela di Oleoliti Spagirici e Oli Essenziali studiata con cura da esperti erboristi per offrire un prodotto specifico ed efficace per le esigenze del corpo\"}\" data-sheets-userformat=\"{\"2\":15297,\"3\":{\"1\":0},\"9\":0,\"10\":2,\"11\":0,\"12\":0,\"14\":{\"1\":2,\"2\":0},\"15\":\"Calibri\",\"16\":11}\">Avec des ol\u00e9olites spagyriques d&#8217;Hypericum et de Lavande. Il est particuli\u00e8rement indiqu\u00e9 pour les massages relaxants et d\u00e9contractants, en aidant \u00e0 d\u00e9tendre et \u00e0 d\u00e9senflammer les muscles. Gr\u00e2ce \u00e0 son activit\u00e9 aromath\u00e9rapeutique, qui agit \u00e9galement sur le syst\u00e8me nerveux, il est excellent en cas de stress physique et mental et \u00e9quilibre le cycle veille-sommeil.<\/span><\/p>\n<p>Dans l&#8217;ol\u00e9olyte spagyrique, la plante est utilis\u00e9e dans sa totalit\u00e9 et son int\u00e9gralit\u00e9, y compris ses sels, qui ont une action th\u00e9rapeutique extr\u00eamement puissante et pertinente. La technique spagyrique permet d&#8217;obtenir des huiles qui ont la particularit\u00e9 d&#8217;\u00eatre actives et vitales tant au niveau cosm\u00e9tique que curatif. Chaque Ol\u00e9olite Spagyrique pour le Corps est un pr\u00e9cieux m\u00e9lange d&#8217;Ol\u00e9olites Spagyriques et d&#8217;Huiles Essentielles soigneusement con\u00e7u par des herboristes experts afin d&#8217;offrir un produit sp\u00e9cifique et efficace pour les besoins du corps.<\/p>\n","protected":false},"excerpt":{"rendered":"<p>Une huile calmante qui agit en cas de stress physique et mental. Convient \u00e9galement aux massages apaisants.<\/p>\n","protected":false},"featured_media":37593,"template":"","meta":{"_acf_changed":false},"product_brand":[],"product_cat":[12987,1494,12982,11233],"product_tag":[4116,4119,8384,521,7356,8386,8385,2111,436,4831,8387],"class_list":{"0":"post-51144","1":"product","2":"type-product","3":"status-publish","4":"has-post-thumbnail","6":"product_cat-corps","7":"product_cat-cosmetiques","8":"product_cat-microcosme","9":"product_cat-physiotherapie","10":"product_tag-apaisant-fr","11":"product_tag-apaisant-fr-2","12":"product_tag-destressant","13":"product_tag-lavande","14":"product_tag-massage","15":"product_tag-massages","16":"product_tag-millepertuis","17":"product_tag-oleolite-fr","18":"product_tag-spagyria","19":"product_tag-spagyrique","20":"product_tag-stress-fr","21":"pa_formato-100ml-fr","22":"pa_formato-500ml-fr","24":"first","25":"instock","26":"taxable","27":"shipping-taxable","28":"purchasable","29":"product-type-variable"},"acf":[],"jetpack_sharing_enabled":true,"_links":{"self":[{"href":"https:\/\/cndestetik.ch\/fr\/wp-json\/wp\/v2\/product\/51144","targetHints":{"allow":["GET"]}}],"collection":[{"href":"https:\/\/cndestetik.ch\/fr\/wp-json\/wp\/v2\/product"}],"about":[{"href":"https:\/\/cndestetik.ch\/fr\/wp-json\/wp\/v2\/types\/product"}],"wp:featuredmedia":[{"embeddable":true,"href":"https:\/\/cndestetik.ch\/fr\/wp-json\/wp\/v2\/media\/37593"}],"wp:attachment":[{"href":"https:\/\/cndestetik.ch\/fr\/wp-json\/wp\/v2\/media?parent=51144"}],"wp:term":[{"taxonomy":"product_brand","embeddable":true,"href":"https:\/\/cndestetik.ch\/fr\/wp-json\/wp\/v2\/product_brand?post=51144"},{"taxonomy":"product_cat","embeddable":true,"href":"https:\/\/cndestetik.ch\/fr\/wp-json\/wp\/v2\/product_cat?post=51144"},{"taxonomy":"product_tag","embeddable":true,"href":"https:\/\/cndestetik.ch\/fr\/wp-json\/wp\/v2\/product_tag?post=51144"}],"curies":[{"name":"wp","href":"https:\/\/api.w.org\/{rel}","templated":true}]}}